{"id":10117,"date":"2020-08-20T05:01:49","date_gmt":"2020-08-20T03:01:49","guid":{"rendered":"http:\/\/klubmamgdynia.pl\/index.php\/produkt\/qplay-rowerek-trojkolowy-rito-star-black\/"},"modified":"2026-04-20T15:55:20","modified_gmt":"2026-04-20T13:55:20","slug":"qplay-rowerek-trojkolowy-rito-star-black","status":"publish","type":"product","link":"http:\/\/klubmamgdynia.pl\/index.php\/produkt\/qplay-rowerek-trojkolowy-rito-star-black\/","title":{"rendered":"Qplay Rowerek Tr\u00f3jko\u0142owy Rito Star Black"},"content":{"rendered":"<p>Rowerek Tr\u00f3jko\u0142owy Rito StarCHARAKTERYSTYKA PRODUKTU:Funkcja \u201ewolnego ko\u0142a&#8221; (przek\u0142adnia zapadkowa)Funkcja \u201ewolnej kierownicy&#8221;Pi\u0119ciopunktowe pasy bezpiecze\u0144stwa z os\u0142onkamiWygodne wyprofilowane siedzisko z dwustopniow\u0105 regulacj\u0105 k\u0105ta oparciaDodatkowy wspornik ustawienia oparcia &#8211; zabezpiecza przed samoczynn\u0105 zmian\u0105 k\u0105ta nachylenia oparciaZdejmowany pokrowiec na siedzenieBudka z siatk\u0105 pozwalaj\u0105ca na obserwacje dzieckaDaszek budki odpinany za pomoc\u0105 suwakaPiankowe k\u00f3\u0142ko przednie 10&#8243; &#8211; EVAPiankowe ko\u0142a tylne 8&#8243; &#8211; EVAPrzednie ko\u0142o wyposa\u017cone w os\u0142onk\u0119 zabezpieczaj\u0105c\u0105 przed wkr\u0119ceniem si\u0119 n\u00f3\u017ckiPojemnik na drobiazgi z ty\u0142u\u0141atwa do czyszczenia, demontowana barierka zabezpieczaj\u0105caDwa rodzaje podn\u00f3\u017ck\u00f3w &#8211; w ramie i przy siedziskuOs\u0142onka na kierownicyRegulacja d\u0142ugo\u015bci r\u0105czki dla rodzica\u0141o\u017cyskowane ko\u0142aBlokada tylnych k\u00f3\u0142 &#8211; hamulecOgranicznik skr\u0119tuRegulacja pas\u00f3wSk\u0142adany do niewielkich wymiar\u00f3wN\u00f3\u017cka wspieraj\u0105ca &#8211; umo\u017cliwia ustawienie w pozycji stoj\u0105cej z\u0142o\u017conego rowerkaWYMIARY PRODUKTU:Wysoko\u015b\u0107 rowerka- 102 cmWysoko\u015b\u0107 r\u0105czki do prowadzenia- 96 &#8211; 82 cm (dwustopniowa regulacja)Szeroko\u015b\u0107 kierownicy- 38,5 cmWysoko\u015b\u0107 od pod\u0142o\u017ca do kierownicy- 57 cmOdleg\u0142o\u015b\u0107 od pod\u0142o\u017ca do siedziska- 35 cmOdleg\u0142o\u015b\u0107 od tylnego do przedniego ko\u0142a- 31 cmD\u0142ugo\u015b\u0107 ca\u0142kowita- 105 cmSzeroko\u015b\u0107 rowerka- 50 cm\u015arednica k\u00f3\u0142: prz\u00f3d &#8211; 26 cm, ty\u0142 &#8211; 22 cmOdleg\u0142o\u015b\u0107 od kraw\u0119dzi siedziska do peda\u0142\u00f3w- 36 cmOdleg\u0142o\u015b\u0107 od kraw\u0119dzi siedziska do kierownicy- 22,5 cmWysoko\u015b\u0107 oparcia- 38 cm (dwustopniowa regulacja k\u0105ta oparcia)Wymiary z\u0142o\u017conego produktu: 85 x 38 x 36 cmMaksymalne obci\u0105\u017cenie do 20 kg.Waga- 8,5 kgOPAKOWANIE:Wysoko\u015b\u0107 &#8211; 42 cmSzeroko\u015b\u0107 &#8211; 32 cmD\u0142ugo\u015b\u0107 &#8211; 58 cmWaga z opakowaniem &#8211; 9,8 kg<\/p>\n<h2>Qplay Rowerek Tr\u00f3jko\u0142owy Rito Star Black Milly Mally<\/h2>\n<p>dobranoc zimowo, choinka z bibu\u0142y, mitologia grecka quiz, przyja\u017a\u0144, kolorowanka pieski, wiersz o wakacjach, \u0142amig\u0142\u00f3wki dla dzieci do wydruku, pytania do lektury asiunia, kr\u00f3tkie zagadki dla doros\u0142ych, kolorowanki dla dziewczynek, jak zrobi\u0107 laurk\u0119 dla babci, prezenty dla nastolatek, dymitr<\/p>\n<p>yyyyy<\/p>\n<p>&nbsp;<\/p>\n","protected":false},"excerpt":{"rendered":"<p>Rowerek Tr\u00f3jko\u0142owy Rito StarCHARAKTERYSTYKA PRODUKTU:Funkcja \u201ewolnego ko\u0142a&#8221; (przek\u0142adnia zapadkowa)Funkcja \u201ewolnej kierownicy&#8221;Pi\u0119ciopunktowe pasy bezpiecze\u0144stwa z os\u0142onkamiWygodne wyprofilowane siedzisko z dwustopniow\u0105 regulacj\u0105 k\u0105ta oparciaDodatkowy wspornik ustawienia oparcia &#8211; zabezpiecza przed samoczynn\u0105 zmian\u0105 k\u0105ta nachylenia oparciaZdejmowany pokrowiec na siedzenieBudka z siatk\u0105 pozwalaj\u0105ca na obserwacje dzieckaDaszek budki odpinany za pomoc\u0105 suwakaPiankowe k\u00f3\u0142ko przednie 10&#8243; &#8211; EVAPiankowe ko\u0142a tylne 8&#8243; [&hellip;]<\/p>\n","protected":false},"featured_media":10118,"comment_status":"closed","ping_status":"open","template":"","meta":[],"product_cat":[1323,464],"product_tag":[753,663,729,759,870,725],"class_list":["post-10117","product","type-product","status-publish","has-post-thumbnail","hentry","product_cat-milly-mally","product_cat-rowerki-trojkolowe","product_tag-kamila","product_tag-kolorowanki-dla-dzieci-do-druku","product_tag-madre-bajki-dla-dzieci-do-czytania","product_tag-pomysly-na-prezent-dla-nastolatkow","product_tag-prezent-dla-chlopca-na-roczek","product_tag-zgadywanki"],"_links":{"self":[{"href":"http:\/\/klubmamgdynia.pl\/index.php\/wp-json\/wp\/v2\/product\/10117","targetHints":{"allow":["GET"]}}],"collection":[{"href":"http:\/\/klubmamgdynia.pl\/index.php\/wp-json\/wp\/v2\/product"}],"about":[{"href":"http:\/\/klubmamgdynia.pl\/index.php\/wp-json\/wp\/v2\/types\/product"}],"replies":[{"embeddable":true,"href":"http:\/\/klubmamgdynia.pl\/index.php\/wp-json\/wp\/v2\/comments?post=10117"}],"wp:featuredmedia":[{"embeddable":true,"href":"http:\/\/klubmamgdynia.pl\/index.php\/wp-json\/wp\/v2\/media\/10118"}],"wp:attachment":[{"href":"http:\/\/klubmamgdynia.pl\/index.php\/wp-json\/wp\/v2\/media?parent=10117"}],"wp:term":[{"taxonomy":"product_cat","embeddable":true,"href":"http:\/\/klubmamgdynia.pl\/index.php\/wp-json\/wp\/v2\/product_cat?post=10117"},{"taxonomy":"product_tag","embeddable":true,"href":"http:\/\/klubmamgdynia.pl\/index.php\/wp-json\/wp\/v2\/product_tag?post=10117"}],"curies":[{"name":"wp","href":"https:\/\/api.w.org\/{rel}","templated":true}]}}