{"id":1012,"date":"2025-04-11T21:17:09","date_gmt":"2025-04-11T19:17:09","guid":{"rendered":"http:\/\/klubmamgdynia.pl\/?post_type=product&#038;p=1012"},"modified":"2026-04-19T22:58:38","modified_gmt":"2026-04-19T20:58:38","slug":"rex-london-trade-plecak-mini-zwierzatka-zielone","status":"publish","type":"product","link":"http:\/\/klubmamgdynia.pl\/index.php\/produkt\/rex-london-trade-plecak-mini-zwierzatka-zielone\/","title":{"rendered":"Rex London Trade Plecak Mini Zwierz\u0105tka Zielone"},"content":{"rendered":"<p>Plecak od Rex London z oryginalnymi wzorami, kt\u00f3re spodobaj\u0105 si\u0119 ka\u017cdemu maluchowi. Jego wymiary sprawiaj\u0105, \u017ce idealnie sprawdz\u0105 si\u0119 do przedszkola, na wycieczk\u0119 czy spacer. Dziecko b\u0119dzie mog\u0142o&#8230;<\/p>\n<h2>Rex London Trade Plecak Mini Zwierz\u0105tka Zielone Rex London<\/h2>\n<p>prezent na roczek, eneduerabe, myszka minnie kolorowanka, zagadki logiczne dla dzieci, zagadki na inteligencj\u0119, zima z\u0142a tekst, natan imi\u0119, prezent dla dwunastolatka, wierszyk o wakacjach, krotkie zagadki, \u017carty na prima aprilis dla mamy, psikusy na prima aprilis, zagadki dla 6 latka, kolorowanka spiderman, zabawki na roczek<\/p>\n<p>yyyyy<\/p>\n<p>&nbsp;<\/p>\n","protected":false},"excerpt":{"rendered":"<p>Plecak od Rex London z oryginalnymi wzorami, kt\u00f3re spodobaj\u0105 si\u0119 ka\u017cdemu maluchowi. Jego wymiary sprawiaj\u0105, \u017ce idealnie sprawdz\u0105 si\u0119 do przedszkola, na wycieczk\u0119 czy spacer. Dziecko b\u0119dzie mog\u0142o&#8230; Rex London Trade Plecak Mini Zwierz\u0105tka Zielone Rex London prezent na roczek, eneduerabe, myszka minnie kolorowanka, zagadki logiczne dla dzieci, zagadki na inteligencj\u0119, zima z\u0142a tekst, natan [&hellip;]<\/p>\n","protected":false},"featured_media":1013,"comment_status":"closed","ping_status":"open","template":"","meta":[],"product_cat":[329,259],"product_tag":[795,652,709,633],"class_list":["post-1012","product","type-product","status-publish","has-post-thumbnail","hentry","product_cat-plecaki-szkolne","product_cat-rex-london","product_tag-mini-zoo-warszawa","product_tag-otto","product_tag-zagadki-dla-dzieci-6-7-lat","product_tag-zagadki-z-odpowiedziami"],"_links":{"self":[{"href":"http:\/\/klubmamgdynia.pl\/index.php\/wp-json\/wp\/v2\/product\/1012","targetHints":{"allow":["GET"]}}],"collection":[{"href":"http:\/\/klubmamgdynia.pl\/index.php\/wp-json\/wp\/v2\/product"}],"about":[{"href":"http:\/\/klubmamgdynia.pl\/index.php\/wp-json\/wp\/v2\/types\/product"}],"replies":[{"embeddable":true,"href":"http:\/\/klubmamgdynia.pl\/index.php\/wp-json\/wp\/v2\/comments?post=1012"}],"wp:featuredmedia":[{"embeddable":true,"href":"http:\/\/klubmamgdynia.pl\/index.php\/wp-json\/wp\/v2\/media\/1013"}],"wp:attachment":[{"href":"http:\/\/klubmamgdynia.pl\/index.php\/wp-json\/wp\/v2\/media?parent=1012"}],"wp:term":[{"taxonomy":"product_cat","embeddable":true,"href":"http:\/\/klubmamgdynia.pl\/index.php\/wp-json\/wp\/v2\/product_cat?post=1012"},{"taxonomy":"product_tag","embeddable":true,"href":"http:\/\/klubmamgdynia.pl\/index.php\/wp-json\/wp\/v2\/product_tag?post=1012"}],"curies":[{"name":"wp","href":"https:\/\/api.w.org\/{rel}","templated":true}]}}