{"id":10121,"date":"2014-11-29T10:13:33","date_gmt":"2014-11-29T09:13:33","guid":{"rendered":"http:\/\/klubmamgdynia.pl\/index.php\/produkt\/klapki-melissa-wind-ad-m33424-16421-38\/"},"modified":"2026-04-05T19:00:27","modified_gmt":"2026-04-05T17:00:27","slug":"klapki-melissa-wind-ad-m33424-16421-38","status":"publish","type":"product","link":"http:\/\/klubmamgdynia.pl\/index.php\/produkt\/klapki-melissa-wind-ad-m33424-16421-38\/","title":{"rendered":"Klapki Melissa Wind Ad M33424-16421 &#8211; 38"},"content":{"rendered":"<p>Klapki damskie marki Melissa.Marka: MelissaModel: M33424-16421Kolor: jasny fioletCholewka: tworzywo Mel-FlexWy\u015bci\u00f3\u0142ka wk\u0142adki: tworzywo Mel-FlexMateria\u0142 wk\u0142adki: tworzywo Mel-FlexPodeszwa: tworzywo Mel-FlexGrubo\u015b\u0107 podeszwy: 1.5cm<\/p>\n<h2>Klapki Melissa Wind Ad M33424-16421 &#8211; 38 Melissa<\/h2>\n<p>na wyspach bergamutach tekst, psi patrol kolorowanka, quizy flagi, nadie\u017cda imi\u0119, test na patologi\u0119 z kubusia puchatka<\/p>\n<p>yyyyy<\/p>\n<p>&nbsp;<\/p>\n","protected":false},"excerpt":{"rendered":"<p>Klapki damskie marki Melissa.Marka: MelissaModel: M33424-16421Kolor: jasny fioletCholewka: tworzywo Mel-FlexWy\u015bci\u00f3\u0142ka wk\u0142adki: tworzywo Mel-FlexMateria\u0142 wk\u0142adki: tworzywo Mel-FlexPodeszwa: tworzywo Mel-FlexGrubo\u015b\u0107 podeszwy: 1.5cm Klapki Melissa Wind Ad M33424-16421 &#8211; 38 Melissa na wyspach bergamutach tekst, psi patrol kolorowanka, quizy flagi, nadie\u017cda imi\u0119, test na patologi\u0119 z kubusia puchatka yyyyy &nbsp;<\/p>\n","protected":false},"featured_media":10122,"comment_status":"closed","ping_status":"open","template":"","meta":[],"product_cat":[1891,1890],"product_tag":[664,752,729,764],"class_list":["post-10121","product","type-product","status-publish","has-post-thumbnail","hentry","product_cat-klapki-damskie","product_cat-melissa","product_tag-atrakcje-dla-dzieci-trojmiasto","product_tag-kuba-imie","product_tag-madre-bajki-dla-dzieci-do-czytania","product_tag-prezenty-na-roczek-dla-dziewczynki"],"_links":{"self":[{"href":"http:\/\/klubmamgdynia.pl\/index.php\/wp-json\/wp\/v2\/product\/10121","targetHints":{"allow":["GET"]}}],"collection":[{"href":"http:\/\/klubmamgdynia.pl\/index.php\/wp-json\/wp\/v2\/product"}],"about":[{"href":"http:\/\/klubmamgdynia.pl\/index.php\/wp-json\/wp\/v2\/types\/product"}],"replies":[{"embeddable":true,"href":"http:\/\/klubmamgdynia.pl\/index.php\/wp-json\/wp\/v2\/comments?post=10121"}],"wp:featuredmedia":[{"embeddable":true,"href":"http:\/\/klubmamgdynia.pl\/index.php\/wp-json\/wp\/v2\/media\/10122"}],"wp:attachment":[{"href":"http:\/\/klubmamgdynia.pl\/index.php\/wp-json\/wp\/v2\/media?parent=10121"}],"wp:term":[{"taxonomy":"product_cat","embeddable":true,"href":"http:\/\/klubmamgdynia.pl\/index.php\/wp-json\/wp\/v2\/product_cat?post=10121"},{"taxonomy":"product_tag","embeddable":true,"href":"http:\/\/klubmamgdynia.pl\/index.php\/wp-json\/wp\/v2\/product_tag?post=10121"}],"curies":[{"name":"wp","href":"https:\/\/api.w.org\/{rel}","templated":true}]}}