{"id":10125,"date":"2012-09-22T04:18:40","date_gmt":"2012-09-22T02:18:40","guid":{"rendered":"http:\/\/klubmamgdynia.pl\/index.php\/produkt\/japonki-melissa-flip-flop-free-ad-33531-black-beige-51496\/"},"modified":"2026-05-17T21:59:30","modified_gmt":"2026-05-17T19:59:30","slug":"japonki-melissa-flip-flop-free-ad-33531-black-beige-51496","status":"publish","type":"product","link":"http:\/\/klubmamgdynia.pl\/index.php\/produkt\/japonki-melissa-flip-flop-free-ad-33531-black-beige-51496\/","title":{"rendered":"Japonki MELISSA &#8211; Flip Flop Free Ad 33531 Black\/Beige 51496"},"content":{"rendered":"<p>Eobuwie.pl to sklep internetowy z najwi\u0119kszym asortymentem obuwia oraz akcesori\u00f3w. W swojej ofercie posiada niemal 80 tysi\u0119cy modeli od prawie 500 marek. Gwarantuje bezp\u0142atn\u0105 dostaw\u0119 do klienta oraz do 26 sklep\u00f3w stacjonarnych, a tak\u017ce darmowy i prosty zwrot do 30 dni od daty otrzymania przesy\u0142ki. Eobuwie.pl oferuje tak\u017ce innowacyjn\u0105 us\u0142ug\u0119 esize.me, kt\u00f3ra, dzi\u0119ki skanerowi 3D, umo\u017cliwia idealne dopasowanie obuwia bez mierzenia.<\/p>\n<h2>Japonki MELISSA &#8211; Flip Flop Free Ad 33531 Black\/Beige 51496 Melissa<\/h2>\n<p>nadia imi\u0119, dawne ko\u0142ysanki teksty, zagadki s\u0142owne, gad\u017cety dla nastolatk\u00f3w 2021, wiersze \u0142ama\u0144ce j\u0119zykowe dla dzieci, prezent dla 7 latki, dobre \u017carty na prima aprilis, wierszyki o wakacjach kr\u00f3tkie, felix net i nika oraz gang niewidzialnych ludzi quiz, quiz psi patrol, kielich z hosti\u0105 do druku, kolorowanki, origami dla dzieci<\/p>\n<p>yyyyy<\/p>\n<p>&nbsp;<\/p>\n","protected":false},"excerpt":{"rendered":"<p>Eobuwie.pl to sklep internetowy z najwi\u0119kszym asortymentem obuwia oraz akcesori\u00f3w. W swojej ofercie posiada niemal 80 tysi\u0119cy modeli od prawie 500 marek. Gwarantuje bezp\u0142atn\u0105 dostaw\u0119 do klienta oraz do 26 sklep\u00f3w stacjonarnych, a tak\u017ce darmowy i prosty zwrot do 30 dni od daty otrzymania przesy\u0142ki. Eobuwie.pl oferuje tak\u017ce innowacyjn\u0105 us\u0142ug\u0119 esize.me, kt\u00f3ra, dzi\u0119ki skanerowi 3D, [&hellip;]<\/p>\n","protected":false},"featured_media":10126,"comment_status":"closed","ping_status":"open","template":"","meta":[],"product_cat":[1891,1890],"product_tag":[858,596,576,595],"class_list":["post-10125","product","type-product","status-publish","has-post-thumbnail","hentry","product_cat-klapki-damskie","product_cat-melissa","product_tag-podchwytliwe-zagadki","product_tag-pomysly-na-prima-aprilis","product_tag-trudne-zagadki","product_tag-zagadki-dla-6-latka"],"_links":{"self":[{"href":"http:\/\/klubmamgdynia.pl\/index.php\/wp-json\/wp\/v2\/product\/10125","targetHints":{"allow":["GET"]}}],"collection":[{"href":"http:\/\/klubmamgdynia.pl\/index.php\/wp-json\/wp\/v2\/product"}],"about":[{"href":"http:\/\/klubmamgdynia.pl\/index.php\/wp-json\/wp\/v2\/types\/product"}],"replies":[{"embeddable":true,"href":"http:\/\/klubmamgdynia.pl\/index.php\/wp-json\/wp\/v2\/comments?post=10125"}],"wp:featuredmedia":[{"embeddable":true,"href":"http:\/\/klubmamgdynia.pl\/index.php\/wp-json\/wp\/v2\/media\/10126"}],"wp:attachment":[{"href":"http:\/\/klubmamgdynia.pl\/index.php\/wp-json\/wp\/v2\/media?parent=10125"}],"wp:term":[{"taxonomy":"product_cat","embeddable":true,"href":"http:\/\/klubmamgdynia.pl\/index.php\/wp-json\/wp\/v2\/product_cat?post=10125"},{"taxonomy":"product_tag","embeddable":true,"href":"http:\/\/klubmamgdynia.pl\/index.php\/wp-json\/wp\/v2\/product_tag?post=10125"}],"curies":[{"name":"wp","href":"https:\/\/api.w.org\/{rel}","templated":true}]}}