{"id":10127,"date":"2013-03-13T11:52:08","date_gmt":"2013-03-13T10:52:08","guid":{"rendered":"http:\/\/klubmamgdynia.pl\/index.php\/produkt\/obrazek-z-gwozdzi-i-muliny-delfin\/"},"modified":"2026-04-06T00:23:22","modified_gmt":"2026-04-05T22:23:22","slug":"obrazek-z-gwozdzi-i-muliny-delfin","status":"publish","type":"product","link":"http:\/\/klubmamgdynia.pl\/index.php\/produkt\/obrazek-z-gwozdzi-i-muliny-delfin\/","title":{"rendered":"OBRAZEK Z GWO\u0179DZI I MULINY DELFIN"},"content":{"rendered":"<p>Zestaw do zrobienia obrazka z gwo\u017adzi i muliny. Pozwala w \u0142atwy spos\u00f3b uzyska\u0107 efektown\u0105 dekoracj\u0119 pokoju. Dzi\u0119ki styropianowej bazie gwo\u017adziki mo\u017cna wbi\u0107 bez u\u017cycia m\u0142otka. Polecane dla dzieci od si\u00f3dmego roku \u017cycia.Poziom trudno\u015bci: \u015bredni.W sk\u0142ad zestawu wchodz\u0105: styropianowa ramka 29,5&#215;19,8&#215;2,2 cm, papierowe t\u0142o z szablonem 28,8&#215;18,8, gwo\u017adziki, szpilki, mulina w odpowiednich kolorach i instrukcja obrazkowa krok po kroku. Wszystko zapakowane jest w eleganckie kartonowe pude\u0142ko 31x21x3,6 cm.Nieodpowiednie dla dzieci w wieku poni\u017cej 36 miesi\u0119cy. Uwaga: zawiera ostre elementy. Made in China.<\/p>\n<h2>OBRAZEK Z GWO\u0179DZI I MULINY DELFIN Aladine<\/h2>\n<p>\u0142\u00f3d\u017a atrakcje dla dzieci, co kupic 7 latkowi pod choinke, iwo imie, jak narysowa\u0107 \u017cab\u0119, uk\u0142ad s\u0142oneczny kolorowanka, kolorowanki lato, alina, test wiedzy zemsta, dyplomy do wydrukowania a4, wiersze \u0142ama\u0144ce j\u0119zykowe dla dzieci<\/p>\n<p>yyyyy<\/p>\n<p>&nbsp;<\/p>\n","protected":false},"excerpt":{"rendered":"<p>Zestaw do zrobienia obrazka z gwo\u017adzi i muliny. Pozwala w \u0142atwy spos\u00f3b uzyska\u0107 efektown\u0105 dekoracj\u0119 pokoju. Dzi\u0119ki styropianowej bazie gwo\u017adziki mo\u017cna wbi\u0107 bez u\u017cycia m\u0142otka. Polecane dla dzieci od si\u00f3dmego roku \u017cycia.Poziom trudno\u015bci: \u015bredni.W sk\u0142ad zestawu wchodz\u0105: styropianowa ramka 29,5&#215;19,8&#215;2,2 cm, papierowe t\u0142o z szablonem 28,8&#215;18,8, gwo\u017adziki, szpilki, mulina w odpowiednich kolorach i instrukcja obrazkowa [&hellip;]<\/p>\n","protected":false},"featured_media":10128,"comment_status":"closed","ping_status":"open","template":"","meta":[],"product_cat":[1880,21],"product_tag":[750,853,659,733],"class_list":["post-10127","product","type-product","status-publish","has-post-thumbnail","hentry","product_cat-aladine","product_cat-zabawki-plastyczne","product_tag-imie-kostek","product_tag-kolorowanki-do-druku-dla-doroslych","product_tag-tupu-tup-po-sniegu-tekst","product_tag-zarty-na-prima-aprilis"],"_links":{"self":[{"href":"http:\/\/klubmamgdynia.pl\/index.php\/wp-json\/wp\/v2\/product\/10127","targetHints":{"allow":["GET"]}}],"collection":[{"href":"http:\/\/klubmamgdynia.pl\/index.php\/wp-json\/wp\/v2\/product"}],"about":[{"href":"http:\/\/klubmamgdynia.pl\/index.php\/wp-json\/wp\/v2\/types\/product"}],"replies":[{"embeddable":true,"href":"http:\/\/klubmamgdynia.pl\/index.php\/wp-json\/wp\/v2\/comments?post=10127"}],"wp:featuredmedia":[{"embeddable":true,"href":"http:\/\/klubmamgdynia.pl\/index.php\/wp-json\/wp\/v2\/media\/10128"}],"wp:attachment":[{"href":"http:\/\/klubmamgdynia.pl\/index.php\/wp-json\/wp\/v2\/media?parent=10127"}],"wp:term":[{"taxonomy":"product_cat","embeddable":true,"href":"http:\/\/klubmamgdynia.pl\/index.php\/wp-json\/wp\/v2\/product_cat?post=10127"},{"taxonomy":"product_tag","embeddable":true,"href":"http:\/\/klubmamgdynia.pl\/index.php\/wp-json\/wp\/v2\/product_tag?post=10127"}],"curies":[{"name":"wp","href":"https:\/\/api.w.org\/{rel}","templated":true}]}}