{"id":10129,"date":"2022-01-24T21:30:21","date_gmt":"2022-01-24T20:30:21","guid":{"rendered":"http:\/\/klubmamgdynia.pl\/index.php\/produkt\/aladine-colors-flamastry-brokatowe-glitter-classic-3-szt\/"},"modified":"2026-05-01T11:24:03","modified_gmt":"2026-05-01T09:24:03","slug":"aladine-colors-flamastry-brokatowe-glitter-classic-3-szt","status":"publish","type":"product","link":"http:\/\/klubmamgdynia.pl\/index.php\/produkt\/aladine-colors-flamastry-brokatowe-glitter-classic-3-szt\/","title":{"rendered":"Aladine Colors Flamastry Brokatowe Glitter Classic 3 Szt"},"content":{"rendered":"<p>Brokatowe szale\u0144stwo !<\/p>\n<h2>Aladine Colors Flamastry Brokatowe Glitter Classic 3 Szt Aladine<\/h2>\n<p>zagadki dla dzieci 9-10 lat z odpowiedziami, \u015bwi\u0119ta wielkanocne piosenka tekst, malowanki dla dziewczynek, zabawki na roczek, zagadki dla 4 latka do druku, niech \u017cyj\u0105 wakacje, opis do zdj\u0119cia z dzieckiem, quiz zemsta, test z pana kleksa, plac zamkowy, zaproszenia na urodziny do wydruku czarno bia\u0142e, psi patrol do czytania, pi\u0119kne cytaty o nauczycielach, zagadki dla dzieci 7 lat o zwierz\u0119tach, kolorowanki lato, jak narysowa\u0107 psa, romantyczna bajka na dobranoc<\/p>\n<p>yyyyy<\/p>\n<p>&nbsp;<\/p>\n","protected":false},"excerpt":{"rendered":"<p>Brokatowe szale\u0144stwo ! Aladine Colors Flamastry Brokatowe Glitter Classic 3 Szt Aladine zagadki dla dzieci 9-10 lat z odpowiedziami, \u015bwi\u0119ta wielkanocne piosenka tekst, malowanki dla dziewczynek, zabawki na roczek, zagadki dla 4 latka do druku, niech \u017cyj\u0105 wakacje, opis do zdj\u0119cia z dzieckiem, quiz zemsta, test z pana kleksa, plac zamkowy, zaproszenia na urodziny do [&hellip;]<\/p>\n","protected":false},"featured_media":10130,"comment_status":"closed","ping_status":"open","template":"","meta":[],"product_cat":[1880,297],"product_tag":[829,839,683,663,748,857,701],"class_list":["post-10129","product","type-product","status-publish","has-post-thumbnail","hentry","product_cat-aladine","product_cat-szkolne-artykuly-plastyczne","product_tag-bajki-do-czytania-na-dobranoc","product_tag-bajki-na-dobranoc-do-czytania","product_tag-karaluchy-pod-poduchy","product_tag-kolorowanki-dla-dzieci-do-druku","product_tag-okolice-wroclawia-atrakcje","product_tag-zagadki-dla-dzieci-7-8-lat","product_tag-zgadywanki-dla-dzieci"],"_links":{"self":[{"href":"http:\/\/klubmamgdynia.pl\/index.php\/wp-json\/wp\/v2\/product\/10129","targetHints":{"allow":["GET"]}}],"collection":[{"href":"http:\/\/klubmamgdynia.pl\/index.php\/wp-json\/wp\/v2\/product"}],"about":[{"href":"http:\/\/klubmamgdynia.pl\/index.php\/wp-json\/wp\/v2\/types\/product"}],"replies":[{"embeddable":true,"href":"http:\/\/klubmamgdynia.pl\/index.php\/wp-json\/wp\/v2\/comments?post=10129"}],"wp:featuredmedia":[{"embeddable":true,"href":"http:\/\/klubmamgdynia.pl\/index.php\/wp-json\/wp\/v2\/media\/10130"}],"wp:attachment":[{"href":"http:\/\/klubmamgdynia.pl\/index.php\/wp-json\/wp\/v2\/media?parent=10129"}],"wp:term":[{"taxonomy":"product_cat","embeddable":true,"href":"http:\/\/klubmamgdynia.pl\/index.php\/wp-json\/wp\/v2\/product_cat?post=10129"},{"taxonomy":"product_tag","embeddable":true,"href":"http:\/\/klubmamgdynia.pl\/index.php\/wp-json\/wp\/v2\/product_tag?post=10129"}],"curies":[{"name":"wp","href":"https:\/\/api.w.org\/{rel}","templated":true}]}}