{"id":10131,"date":"2024-10-09T04:34:44","date_gmt":"2024-10-09T02:34:44","guid":{"rendered":"http:\/\/klubmamgdynia.pl\/?post_type=product&#038;p=10131"},"modified":"2026-05-17T22:28:43","modified_gmt":"2026-05-17T20:28:43","slug":"melissa-sandaly-mini-papete-rider-in-32979-pomaranczowy","status":"publish","type":"product","link":"http:\/\/klubmamgdynia.pl\/index.php\/produkt\/melissa-sandaly-mini-papete-rider-in-32979-pomaranczowy\/","title":{"rendered":"Melissa Sanda\u0142y Mini Papete + Rider In 32979 Pomara\u0144czowy"},"content":{"rendered":"<p>Melissa Sanda\u0142y Mini Melissa Papete + Rider In 32979 Pomara\u0144czowy<\/p>\n<h2>Melissa Sanda\u0142y Mini Papete + Rider In 32979 Pomara\u0144czowy Melissa<\/h2>\n<p>gad\u017cety dla m\u0142odzie\u017cy 2020, szopka do druku, julian znaczenie imienia, zagadki slowne<\/p>\n<p>yyyyy<\/p>\n<p>&nbsp;<\/p>\n","protected":false},"excerpt":{"rendered":"<p>Melissa Sanda\u0142y Mini Melissa Papete + Rider In 32979 Pomara\u0144czowy Melissa Sanda\u0142y Mini Papete + Rider In 32979 Pomara\u0144czowy Melissa gad\u017cety dla m\u0142odzie\u017cy 2020, szopka do druku, julian znaczenie imienia, zagadki slowne yyyyy &nbsp;<\/p>\n","protected":false},"featured_media":10132,"comment_status":"closed","ping_status":"open","template":"","meta":[],"product_cat":[1890,1892],"product_tag":[765,736,708,860],"class_list":["post-10131","product","type-product","status-publish","has-post-thumbnail","hentry","product_cat-melissa","product_cat-sandaly-dzieciece","product_tag-atrakcje-dla-dzieci-warszawa","product_tag-zabawki-na-roczek","product_tag-zabawy-ruchowe-dla-dzieci","product_tag-zagadki-logiczne-dla-doroslych"],"_links":{"self":[{"href":"http:\/\/klubmamgdynia.pl\/index.php\/wp-json\/wp\/v2\/product\/10131","targetHints":{"allow":["GET"]}}],"collection":[{"href":"http:\/\/klubmamgdynia.pl\/index.php\/wp-json\/wp\/v2\/product"}],"about":[{"href":"http:\/\/klubmamgdynia.pl\/index.php\/wp-json\/wp\/v2\/types\/product"}],"replies":[{"embeddable":true,"href":"http:\/\/klubmamgdynia.pl\/index.php\/wp-json\/wp\/v2\/comments?post=10131"}],"wp:featuredmedia":[{"embeddable":true,"href":"http:\/\/klubmamgdynia.pl\/index.php\/wp-json\/wp\/v2\/media\/10132"}],"wp:attachment":[{"href":"http:\/\/klubmamgdynia.pl\/index.php\/wp-json\/wp\/v2\/media?parent=10131"}],"wp:term":[{"taxonomy":"product_cat","embeddable":true,"href":"http:\/\/klubmamgdynia.pl\/index.php\/wp-json\/wp\/v2\/product_cat?post=10131"},{"taxonomy":"product_tag","embeddable":true,"href":"http:\/\/klubmamgdynia.pl\/index.php\/wp-json\/wp\/v2\/product_tag?post=10131"}],"curies":[{"name":"wp","href":"https:\/\/api.w.org\/{rel}","templated":true}]}}