{"id":10133,"date":"2015-09-13T20:49:47","date_gmt":"2015-09-13T18:49:47","guid":{"rendered":"http:\/\/klubmamgdynia.pl\/index.php\/produkt\/woopie-plecak-majsterkowicza-dla-dzieci-zestaw-narzedzi-wiertarka-19el-zabawka\/"},"modified":"2026-05-17T22:39:36","modified_gmt":"2026-05-17T20:39:36","slug":"woopie-plecak-majsterkowicza-dla-dzieci-zestaw-narzedzi-wiertarka-19el-zabawka","status":"publish","type":"product","link":"http:\/\/klubmamgdynia.pl\/index.php\/produkt\/woopie-plecak-majsterkowicza-dla-dzieci-zestaw-narzedzi-wiertarka-19el-zabawka\/","title":{"rendered":"Woopie Plecak Majsterkowicza Dla Dzieci Zestaw Narz\u0119dzi Wiertarka 19El. &#8211; Zabawka"},"content":{"rendered":"<p>Plecak dla ma\u0142ego majsterkowicza marki WOOPIE sk\u0142ada si\u0119 z du\u017cej liczby element\u00f3w , co z pewno\u015bci\u0105 sprawi ogromn\u0105 frajd\u0119 ka\u017cdemu kilkulatkowi. Szansa na zabaw\u0119 polegaj\u0105ca na na\u015bladowaniu domowej z\u0142otej r\u0105czki, czyli taty lub dziadka, z pewno\u015bci\u0105 sprawi, \u017ce maluch poczuje si\u0119 odpowiedzialniej. Zabawa z prezentowanym zestawem pozytywnie wp\u0142ynie na rozw\u00f3j dziecka \u2014 jego spryt, logiczne my\u015blenie, kreatywno\u015b\u0107 i zdolno\u015bci manualne. Wielofunkcyjny zestaw narz\u0119dzi zosta\u0142 wykonany z plastiku, co odpowiada za nisk\u0105 wag\u0119 poszczeg\u00f3lnych element\u00f3w. Stylistyka zabawki nawi\u0105zuje do prawdziwych narz\u0119dzi, co po\u0142\u0105czono z prost\u0105, neutraln\u0105 kolorystyk\u0105 \u2014 dzi\u0119ki temu dziecko poczuje si\u0119 jak prawdziwy majsterkowicz. Du\u017c\u0105 zalet\u0105 zabawek jest dostosowanie ich wymiar\u00f3w do r\u0105czek dzieci, co znacznie u\u0142atwi korzystanie z nich. Plecak, w kt\u00f3rym znajduj\u0105 si\u0119 narz\u0119dzia posiada zewn\u0119trzne kieszenie na odpowiednie elementy zestawu, dzi\u0119ki temu wszystko co najbardziej potrzebne ma\u0142y majster znajdzie pod r\u0119k\u0105.Charakterystyka:- zabawka przeznaczona dla dzieci powy\u017cej 3 roku \u017cycia,- zestaw zosta\u0142 wykonany z tworzywa najwy\u017cszej jako\u015bci,- neutralna kolorystyka,-plecak, w kt\u00f3rym znajduj\u0105 si\u0119 narz\u0119dzia posiada zewn\u0119trzne kieszenie na odpowiednie elementy zestawu,- pozytywnie wp\u0142ynie na rozw\u00f3j dziecka.Zestaw zawiera:- wiertarka zasilana bateriami 2 x &#8222;AA&#8221; (brak baterii w zestawie),- wymienne wiert\u0142a,- m\u0142otek,- pi\u0142a,- klucz,- miarka,- k\u0105townik,- \u015brubokr\u0119t,- \u015bruby,- wkr\u0119ty,- nakr\u0119tki,- dwie deseczki.Zabawka rozwija:- logiczne my\u015blenie,- kreatywno\u015b\u0107,- zdolno\u015bci manualne.Zabawki marki Woopie maj\u0105 jeden cel &#8211; wzbudza\u0107 rado\u015b\u0107 dzieci! Po\u015br\u00f3d bogatego asortymentu, Woopie posiada mi\u0119dzy innymi stroje karnawa\u0142owe i przebrania dla dzieci, ale tak\u017ce hu\u015btawki zawieszane, zabawki piankowe, r\u00f3\u017cnego rodzaju zabawki ogrodowe, oraz du\u017co wi\u0119cej! Daj si\u0119 ponie\u015b\u0107 zabawie &#8211; daj si\u0119 ponie\u015b\u0107 Woopie!<\/p>\n<h2>Woopie Plecak Majsterkowicza Dla Dzieci Zestaw Narz\u0119dzi Wiertarka 19El. &#8211; Zabawka Woopie<\/h2>\n<p>zagadki na logiczne my\u015blenie, pytania do lektury asiunia, sentencje o rodzinie, zagadki dla dzieci do druku, a \u015bpij kochanie, menu urodzinowe dla dzieci w wieku 8 10 lat, zaproszenia urodzinowe do wydruku chomikuj, maurycy, rzadkie imiona, lukrecja imie, ninjago kolorowanki, kr\u00f3tkie bajki dla dzieci do czytania, bajka o kreciku, quiz znaki drogowe, wr\u00f3\u017cby andrzejkowe online dla dzieci, rysunki dla pocz\u0105tkuj\u0105cych, prezent na dzien dziecka 7 lat, quizy dla dzieci o zwierz\u0119tach, bajki dla dzieci do czytania na dobranoc, najrzadsze imiona<\/p>\n<p>yyyyy<\/p>\n<p>&nbsp;<\/p>\n","protected":false},"excerpt":{"rendered":"<p>Plecak dla ma\u0142ego majsterkowicza marki WOOPIE sk\u0142ada si\u0119 z du\u017cej liczby element\u00f3w , co z pewno\u015bci\u0105 sprawi ogromn\u0105 frajd\u0119 ka\u017cdemu kilkulatkowi. Szansa na zabaw\u0119 polegaj\u0105ca na na\u015bladowaniu domowej z\u0142otej r\u0105czki, czyli taty lub dziadka, z pewno\u015bci\u0105 sprawi, \u017ce maluch poczuje si\u0119 odpowiedzialniej. Zabawa z prezentowanym zestawem pozytywnie wp\u0142ynie na rozw\u00f3j dziecka \u2014 jego spryt, logiczne [&hellip;]<\/p>\n","protected":false},"featured_media":10134,"comment_status":"closed","ping_status":"open","template":"","meta":[],"product_cat":[53,177],"product_tag":[825,817,654,643,646],"class_list":["post-10133","product","type-product","status-publish","has-post-thumbnail","hentry","product_cat-kaciki-zabaw","product_cat-woopie","product_tag-bajka-na-dobranoc-do-czytania","product_tag-bajka-terapeutyczna-o-emocjach","product_tag-krotkie-bajki-dla-dzieci-do-czytania","product_tag-prezent-dla-17-latki","product_tag-prezent-na-pierwsze-urodziny"],"_links":{"self":[{"href":"http:\/\/klubmamgdynia.pl\/index.php\/wp-json\/wp\/v2\/product\/10133","targetHints":{"allow":["GET"]}}],"collection":[{"href":"http:\/\/klubmamgdynia.pl\/index.php\/wp-json\/wp\/v2\/product"}],"about":[{"href":"http:\/\/klubmamgdynia.pl\/index.php\/wp-json\/wp\/v2\/types\/product"}],"replies":[{"embeddable":true,"href":"http:\/\/klubmamgdynia.pl\/index.php\/wp-json\/wp\/v2\/comments?post=10133"}],"wp:featuredmedia":[{"embeddable":true,"href":"http:\/\/klubmamgdynia.pl\/index.php\/wp-json\/wp\/v2\/media\/10134"}],"wp:attachment":[{"href":"http:\/\/klubmamgdynia.pl\/index.php\/wp-json\/wp\/v2\/media?parent=10133"}],"wp:term":[{"taxonomy":"product_cat","embeddable":true,"href":"http:\/\/klubmamgdynia.pl\/index.php\/wp-json\/wp\/v2\/product_cat?post=10133"},{"taxonomy":"product_tag","embeddable":true,"href":"http:\/\/klubmamgdynia.pl\/index.php\/wp-json\/wp\/v2\/product_tag?post=10133"}],"curies":[{"name":"wp","href":"https:\/\/api.w.org\/{rel}","templated":true}]}}