{"id":10135,"date":"2019-03-11T09:12:59","date_gmt":"2019-03-11T08:12:59","guid":{"rendered":"http:\/\/klubmamgdynia.pl\/index.php\/produkt\/starpak-temperowka-2-ostrza-trojkatna-470996\/"},"modified":"2026-05-17T23:34:19","modified_gmt":"2026-05-17T21:34:19","slug":"starpak-temperowka-2-ostrza-trojkatna-470996","status":"publish","type":"product","link":"http:\/\/klubmamgdynia.pl\/index.php\/produkt\/starpak-temperowka-2-ostrza-trojkatna-470996\/","title":{"rendered":"Starpak Temper\u00f3wka 2 Ostrza Tr\u00f3jk\u0105tna 470996"},"content":{"rendered":"<p>Zalety produktu r\u00f3\u017cne modele temper\u00f3wek metalowe i plastikowe, pojedyncze i podw\u00f3jne, z pojemnikiem na stru\u017cyny i bez Opis \u017beby m\u00f3c korzysta\u0107 z o\u0142\u00f3wk\u00f3w, czy kredek niezb\u0119dna jest oczywi\u015bcie temper\u00f3wka. Ostrza powinny by\u0107 mocne i trwa\u0142e, \u017ceby nie po\u0142ama\u0107 grafitu i uzyska\u0107 odpowiednio zaostrzon\u0105 ko\u0144c\u00f3wk\u0119. Takie s\u0105 w\u0142a\u015bnie temper\u00f3wki STARPAK. 16 modeli w r\u00f3\u017cnych wariantach metalowe i plastikowe z pojemnikiem na stru\u017cyny i bez z jednym lub dwoma ostrzami w tym drugim wypadku mo\u017cna ostrzy\u0107 standardowe i grube kredki r\u0119czne lub elektryczne, dzi\u0119ki kt\u00f3rym struganie mo\u017ce by\u0107 niez\u0142\u0105 zabaw\u0105. Wymiary opakowania d\u0142. x wys. x g\u0142. cm 8z13x5 Waga opakowania kg. 0,023 kg. Przeznaczona dla dzieci w wieku 3 . Pakowane na blistrze.<\/p>\n<h2>Starpak Temper\u00f3wka 2 Ostrza Tr\u00f3jk\u0105tna 470996 Starpak<\/h2>\n<p>miko\u0142ajek &#8211; test z odpowiedziami, rzadkie imiona \u017ce\u0144skie, w\u0142ochy, otto, m\u0105dre bajki dla dzieci do czytania, afryka\u0144skie imiona, zagadki \u015bmieszne dla dzieci, po\u0142\u0105cz kropki, \u0142atwe ale podchwytliwe zagadki, rymowanki o pisankach, zagadki s\u0142owne, zagadki logiczne na inteligencj\u0119 dla doros\u0142ych, ko\u0142ysanka tekst, karaluchy pod poduchy a szczypawki, co oznacza jordan, zabawy dla 10 latk\u00f3w, samoch\u00f3d kolorowanka do druku<\/p>\n<p>yyyyy<\/p>\n<p>&nbsp;<\/p>\n","protected":false},"excerpt":{"rendered":"<p>Zalety produktu r\u00f3\u017cne modele temper\u00f3wek metalowe i plastikowe, pojedyncze i podw\u00f3jne, z pojemnikiem na stru\u017cyny i bez Opis \u017beby m\u00f3c korzysta\u0107 z o\u0142\u00f3wk\u00f3w, czy kredek niezb\u0119dna jest oczywi\u015bcie temper\u00f3wka. Ostrza powinny by\u0107 mocne i trwa\u0142e, \u017ceby nie po\u0142ama\u0107 grafitu i uzyska\u0107 odpowiednio zaostrzon\u0105 ko\u0144c\u00f3wk\u0119. Takie s\u0105 w\u0142a\u015bnie temper\u00f3wki STARPAK. 16 modeli w r\u00f3\u017cnych wariantach metalowe [&hellip;]<\/p>\n","protected":false},"featured_media":10136,"comment_status":"closed","ping_status":"open","template":"","meta":[],"product_cat":[269,962],"product_tag":[676,789,769,820],"class_list":["post-10135","product","type-product","status-publish","has-post-thumbnail","hentry","product_cat-starpak","product_cat-szkolne-przybory-do-pisania","product_tag-bursztynek","product_tag-kaczuszka","product_tag-psi-patrol-do-czytania","product_tag-ziemia-wyspa-zielona-tekst"],"_links":{"self":[{"href":"http:\/\/klubmamgdynia.pl\/index.php\/wp-json\/wp\/v2\/product\/10135","targetHints":{"allow":["GET"]}}],"collection":[{"href":"http:\/\/klubmamgdynia.pl\/index.php\/wp-json\/wp\/v2\/product"}],"about":[{"href":"http:\/\/klubmamgdynia.pl\/index.php\/wp-json\/wp\/v2\/types\/product"}],"replies":[{"embeddable":true,"href":"http:\/\/klubmamgdynia.pl\/index.php\/wp-json\/wp\/v2\/comments?post=10135"}],"wp:featuredmedia":[{"embeddable":true,"href":"http:\/\/klubmamgdynia.pl\/index.php\/wp-json\/wp\/v2\/media\/10136"}],"wp:attachment":[{"href":"http:\/\/klubmamgdynia.pl\/index.php\/wp-json\/wp\/v2\/media?parent=10135"}],"wp:term":[{"taxonomy":"product_cat","embeddable":true,"href":"http:\/\/klubmamgdynia.pl\/index.php\/wp-json\/wp\/v2\/product_cat?post=10135"},{"taxonomy":"product_tag","embeddable":true,"href":"http:\/\/klubmamgdynia.pl\/index.php\/wp-json\/wp\/v2\/product_tag?post=10135"}],"curies":[{"name":"wp","href":"https:\/\/api.w.org\/{rel}","templated":true}]}}