{"id":10137,"date":"2021-06-16T03:25:55","date_gmt":"2021-06-16T01:25:55","guid":{"rendered":"http:\/\/klubmamgdynia.pl\/index.php\/produkt\/starpak-worek-szkolny-na-ramie-psi-patrol-girl-498375\/"},"modified":"2026-04-03T22:35:32","modified_gmt":"2026-04-03T20:35:32","slug":"starpak-worek-szkolny-na-ramie-psi-patrol-girl-498375","status":"publish","type":"product","link":"http:\/\/klubmamgdynia.pl\/index.php\/produkt\/starpak-worek-szkolny-na-ramie-psi-patrol-girl-498375\/","title":{"rendered":"Starpak Worek Szkolny Na Rami\u0119 Psi Patrol Girl 498375"},"content":{"rendered":"<p>PRODUCENT: STARPAKWYMIARY WORKA: 34,0 x 40,0 cmWorek na obuwie z pi\u0119knym nadrukiem piesk\u00f3w znanych z bajki &#8222;Psi Patrol&#8221;Worek posiada sznurki \u015bci\u0105gaj\u0105ce z mo\u017cliwo\u015bci\u0105 za\u0142o\u017cenia na plecy.Spe\u0142ni oczekiwania ka\u017cdego, dzi\u0119ki dobrej jako\u015bci u\u017cytych materia\u0142\u00f3w.Doskonale sprawdzi si\u0119 na zaj\u0119ciach sportowych, basenie, czy wycieczkach.Funkcjonalno\u015b\u0107:worek na obuwie lub str\u00f3j gimnastycznyposiada podw\u00f3jne boczne sznurki, kt\u00f3re umo\u017cliwiaj\u0105 noszenie worka w r\u0119kach, na ramieniu oraz na plecach<\/p>\n<h2>Starpak Worek Szkolny Na Rami\u0119 Psi Patrol Girl 498375 Starpak<\/h2>\n<p>\u015bwi\u0105teczne filmy familijne, znaczenie imiona marcel, jak zrobi\u0107 laurk\u0119 dla babci, zagadki dla dzieci 14 lat, miasto dzieci pl, kolorowanka harry potter, mia imie, nauka zegara do druku, fajne rzeczy dla nastolatk\u00f3w, test z opowie\u015bci z narnii, a \u015bpij kochanie, zagadki o psach, atrakcje dla dzieci wroc\u0142aw, bajki na dobranoc do czytania, ferie zimowe 2022 warszawa, rodzina sentencja, znaczenie imiona justyna, zaproszenia na urodziny dla dzieci do druku, sk\u0142adniki do pizzy kolorowanka, prezent dla ch\u0142opca na roczek, dla nastolatk\u00f3w prezenty<\/p>\n<p>yyyyy<\/p>\n<p>&nbsp;<\/p>\n","protected":false},"excerpt":{"rendered":"<p>PRODUCENT: STARPAKWYMIARY WORKA: 34,0 x 40,0 cmWorek na obuwie z pi\u0119knym nadrukiem piesk\u00f3w znanych z bajki &#8222;Psi Patrol&#8221;Worek posiada sznurki \u015bci\u0105gaj\u0105ce z mo\u017cliwo\u015bci\u0105 za\u0142o\u017cenia na plecy.Spe\u0142ni oczekiwania ka\u017cdego, dzi\u0119ki dobrej jako\u015bci u\u017cytych materia\u0142\u00f3w.Doskonale sprawdzi si\u0119 na zaj\u0119ciach sportowych, basenie, czy wycieczkach.Funkcjonalno\u015b\u0107:worek na obuwie lub str\u00f3j gimnastycznyposiada podw\u00f3jne boczne sznurki, kt\u00f3re umo\u017cliwiaj\u0105 noszenie worka w r\u0119kach, [&hellip;]<\/p>\n","protected":false},"featured_media":10138,"comment_status":"closed","ping_status":"open","template":"","meta":[],"product_cat":[269,1893],"product_tag":[603,631,627,710],"class_list":["post-10137","product","type-product","status-publish","has-post-thumbnail","hentry","product_cat-starpak","product_cat-worki-na-buty","product_tag-bajki-do-czytania","product_tag-prezent-na-roczek","product_tag-quiz-dzieci-z-bullerbyn","product_tag-zagadki-dla-dzieci-10-12-lat"],"_links":{"self":[{"href":"http:\/\/klubmamgdynia.pl\/index.php\/wp-json\/wp\/v2\/product\/10137","targetHints":{"allow":["GET"]}}],"collection":[{"href":"http:\/\/klubmamgdynia.pl\/index.php\/wp-json\/wp\/v2\/product"}],"about":[{"href":"http:\/\/klubmamgdynia.pl\/index.php\/wp-json\/wp\/v2\/types\/product"}],"replies":[{"embeddable":true,"href":"http:\/\/klubmamgdynia.pl\/index.php\/wp-json\/wp\/v2\/comments?post=10137"}],"wp:featuredmedia":[{"embeddable":true,"href":"http:\/\/klubmamgdynia.pl\/index.php\/wp-json\/wp\/v2\/media\/10138"}],"wp:attachment":[{"href":"http:\/\/klubmamgdynia.pl\/index.php\/wp-json\/wp\/v2\/media?parent=10137"}],"wp:term":[{"taxonomy":"product_cat","embeddable":true,"href":"http:\/\/klubmamgdynia.pl\/index.php\/wp-json\/wp\/v2\/product_cat?post=10137"},{"taxonomy":"product_tag","embeddable":true,"href":"http:\/\/klubmamgdynia.pl\/index.php\/wp-json\/wp\/v2\/product_tag?post=10137"}],"curies":[{"name":"wp","href":"https:\/\/api.w.org\/{rel}","templated":true}]}}