{"id":10139,"date":"2017-12-26T02:15:00","date_gmt":"2017-12-26T01:15:00","guid":{"rendered":"http:\/\/klubmamgdynia.pl\/index.php\/produkt\/dr-alcheo-kwas-winowy-l-10-czda-100ml\/"},"modified":"2026-05-17T22:20:15","modified_gmt":"2026-05-17T20:20:15","slug":"dr-alcheo-kwas-winowy-l-10-czda-100ml","status":"publish","type":"product","link":"http:\/\/klubmamgdynia.pl\/index.php\/produkt\/dr-alcheo-kwas-winowy-l-10-czda-100ml\/","title":{"rendered":"Dr Alcheo Kwas winowy L+ 10% Czda 100ml"},"content":{"rendered":"<p>Kwas L+ winowy 10% -100mlRoztw\u00f3r kwasu winowego jako odczynnik analityczny, chemiczny do syntez. Ponadto jest aktywatorem MMS-u.Kwas winowy jest kwasem dikarboksylowym (alfa-hydroksykwasem, kwasem cukrowym) naturalnie wyst\u0119puj\u0105cym w wielu ro\u015blinach oraz owocach m.in. w owocach winoro\u015bli, zar\u00f3wno w postaci soli, jak i w stanie wolnym. Wed\u0142ug Farmakopei Polskiej zwi\u0105zek ten to bia\u0142y lub prawie bia\u0142y krystaliczny proszek lub bezbarwne kryszta\u0142y \u0142atwo rozpuszczalne w wodzie i etanolu 96%. Kwas winowy wyst\u0119puje w 3 odmianach: nieaktywnej optycznie formie mezo (R, S) zwanej kwasem antywinowym, a tak\u017ce dw\u00f3ch optycznie czynnych enancjomer\u00f3w (2R,3R) (+)-(L-1) i (2S,3S) (-)-(D-1). Powszechnie stosowany jest kwas L- winowy.Kwas winowy jak inne alfa-hyrdroksykwasy wykazuje dzia\u0142anie zw\u0119\u017caj\u0105ce pory sk\u00f3ry, zakwaszaj\u0105ce, usuwaj\u0105ce przebarwienia na sk\u00f3rze i antyseptyczne. Stosowany jest jako dodatek do kosmetyk\u00f3w piel\u0119gnuj\u0105cych sk\u00f3r\u0119 takich jak: peelingi, p\u0142yny i sole do k\u0105pieli czy kremy rozja\u015bniaj\u0105ce przebarwienia. Ponadto zwi\u0105zek ten bywa dodawany do preparat\u00f3w o dzia\u0142aniu przeciwpotnym. Po zastosowaniu doustnym w ma\u0142ych dawkach kwas winowy dzia\u0142a \u015bci\u0105gaj\u0105co i przeciwbiegunkowo oraz wspiera procesy regeneracji nab\u0142onk\u00f3w przewodu pokarmowego. Zapobiega tak\u017ce nie\u017cytom przewodu pokarmowego. Wykorzystywany jest w po\u0142\u0105czeniu z wodorow\u0119glanem sodu w radiografii z podw\u00f3jnym kontrastem w celu wytworzenia dwutlenku w\u0119gla, kt\u00f3ry rozszerza \u017co\u0142\u0105dek i stanowi ujemny \u015brodek kontrastowy. Wi\u0119kszo\u015b\u0107 za\u017cywanego winianu metabolizowana jest przez bakterie g\u0142\u00f3wnie w jelicie grubym, za\u015b 15-20% jest wydalane z moczem w postaci niezmienionej.Kwas winowy o st\u0119\u017ceniu 10%.Czysto\u015b\u0107: Czysty do analizPojemno\u015b\u0107: 100 mlOpakowanie: Szklana butelka z kroplomierzem.<\/p>\n<h2>Dr Alcheo Kwas winowy L+ 10% Czda 100ml Inny<\/h2>\n<p>kolorowanki lego ninjago, leonardo imi\u0119, peppa kolorowanka, cytaty o wychowaniu i nauczaniu, zak\u0142adka do ksi\u0105\u017cki szablon, cytaty przyja\u017a\u0144, basen warszawa<\/p>\n<p>yyyyy<\/p>\n<p>&nbsp;<\/p>\n","protected":false},"excerpt":{"rendered":"<p>Kwas L+ winowy 10% -100mlRoztw\u00f3r kwasu winowego jako odczynnik analityczny, chemiczny do syntez. Ponadto jest aktywatorem MMS-u.Kwas winowy jest kwasem dikarboksylowym (alfa-hydroksykwasem, kwasem cukrowym) naturalnie wyst\u0119puj\u0105cym w wielu ro\u015blinach oraz owocach m.in. w owocach winoro\u015bli, zar\u00f3wno w postaci soli, jak i w stanie wolnym. Wed\u0142ug Farmakopei Polskiej zwi\u0105zek ten to bia\u0142y lub prawie bia\u0142y krystaliczny [&hellip;]<\/p>\n","protected":false},"featured_media":10140,"comment_status":"closed","ping_status":"open","template":"","meta":[],"product_cat":[169,1249],"product_tag":[723,655,678,841],"class_list":["post-10139","product","type-product","status-publish","has-post-thumbnail","hentry","product_cat-inny","product_cat-preparaty-medycyny-naturalnej","product_tag-krotkie-bajki-do-czytania-na-dobranoc","product_tag-najlepsze-zagadki","product_tag-prezent-na-roczek-dla-dziewczynki","product_tag-quiz-o-flagach"],"_links":{"self":[{"href":"http:\/\/klubmamgdynia.pl\/index.php\/wp-json\/wp\/v2\/product\/10139","targetHints":{"allow":["GET"]}}],"collection":[{"href":"http:\/\/klubmamgdynia.pl\/index.php\/wp-json\/wp\/v2\/product"}],"about":[{"href":"http:\/\/klubmamgdynia.pl\/index.php\/wp-json\/wp\/v2\/types\/product"}],"replies":[{"embeddable":true,"href":"http:\/\/klubmamgdynia.pl\/index.php\/wp-json\/wp\/v2\/comments?post=10139"}],"wp:featuredmedia":[{"embeddable":true,"href":"http:\/\/klubmamgdynia.pl\/index.php\/wp-json\/wp\/v2\/media\/10140"}],"wp:attachment":[{"href":"http:\/\/klubmamgdynia.pl\/index.php\/wp-json\/wp\/v2\/media?parent=10139"}],"wp:term":[{"taxonomy":"product_cat","embeddable":true,"href":"http:\/\/klubmamgdynia.pl\/index.php\/wp-json\/wp\/v2\/product_cat?post=10139"},{"taxonomy":"product_tag","embeddable":true,"href":"http:\/\/klubmamgdynia.pl\/index.php\/wp-json\/wp\/v2\/product_tag?post=10139"}],"curies":[{"name":"wp","href":"https:\/\/api.w.org\/{rel}","templated":true}]}}