{"id":10141,"date":"2020-02-27T19:12:16","date_gmt":"2020-02-27T18:12:16","guid":{"rendered":"http:\/\/klubmamgdynia.pl\/index.php\/produkt\/keyboard-organy-mq-807-usb-z-zasilaczem-i-mikrofonem\/"},"modified":"2026-05-01T12:27:43","modified_gmt":"2026-05-01T10:27:43","slug":"keyboard-organy-mq-807-usb-z-zasilaczem-i-mikrofonem","status":"publish","type":"product","link":"http:\/\/klubmamgdynia.pl\/index.php\/produkt\/keyboard-organy-mq-807-usb-z-zasilaczem-i-mikrofonem\/","title":{"rendered":"Keyboard Organy MQ-807 USB z zasilaczem i mikrofonem"},"content":{"rendered":"<p>Keyboard &#8211; organy dla dzieci z wej\u015bciem USB (MQ807)Keyboard jest wielofunkcyjn\u0105 zabawk\u0105 edukacyjn\u0105, kt\u00f3ra rozwija jednocze\u015bnie wyobra\u017ani\u0119, umiej\u0119tno\u015bci muzyczne, poczucie rytmu, zmys\u0142 s\u0142uchu, a ponadto pozwala rozbudza\u0107 pasj\u0119 muzyczn\u0105 u dzieci. KEYBOARD POSIADA:klawiatur\u0119 muzyczn\u0105,przycisk zasilania on\/off,pokr\u0119t\u0142o regulacji g\u0142o\u015bno\u015bci,przycisk ton\u00f3w &#8211; uruchamia 100 r\u00f3\u017cnych ton\u00f3w,przycisk rytm\u00f3w &#8211; uruchamia 100 r\u00f3\u017cnych rytm\u00f3w,start\/stop,tempo,akordy,przycisk synchronizacji,przycisk podtrzymywania,przycisk wibracji,przycisk echo,grupa przycisk\u00f3w pod kt\u00f3rymi kryj\u0105 si\u0119 r\u00f3\u017cnego rodzaju b\u0119bny,przycisk perkusja,przycisk nagrywanie,przycisk programowanie,przycisk play,przycisk lekcja (na ekranie wy\u015bwietlaj\u0105 si\u0119 podpowiedzi),przycisk piosenka,przycisk demo A i demo B (kryj\u0105 10 r\u00f3\u017cnych demo),przyciski USB sto i USB play,przyciski reguluj\u0105ce nat\u0119\u017cenie g\u0142o\u015bno\u015bci materia\u0142u z USB,cyfrowy wy\u015bwietlacz,mikrofon,zasilacz,2 g\u0142o\u015bniki.WYPOSA\u017bENIE ZESTAWU:keyboard,zasilacz,mikrofon,podstawka\/stojak na nuty,kolorowe opakowanie idealnie nadaj\u0105ce si\u0119 na prezent.ZASILANIE INSTRUMENTU:przez sie\u0107 &#8211; zasilacz pr\u0105dowy do\u0142\u0105czony do keyboardu,WYMIARY: Keyboard ok. 70 x 23 x 6,5 cm.Opakowanie ok. 26 cm x 74 cm x 11 cm. Gwarancja 12 miesi\u0105cy. Gwarancja 12 miesi\u0119cy.Zabawka jest przeznaczona dla dzieci powy\u017cej 3 roku \u017cycia i posiada certyfikat CE.<\/p>\n<h2>Keyboard Organy MQ-807 USB z zasilaczem i mikrofonem Inny<\/h2>\n<p>zagadki dla ma\u0142ych dzieci, opis rodzina, prezent dla nastolatki, bajka do czytania, znaczenie imienia paula, kwiatek kwiaty do druku szablony, testy z lektury tajemniczy ogr\u00f3d, prezent dla nastolatek, filmy wigilijne dla dzieci, jan pawe\u0142 2 rysunek \u0142atwy dla dzieci, znaczenie imienia pola, jak zrobi\u0107 laurk\u0119 dla babci<\/p>\n<p>yyyyy<\/p>\n<p>&nbsp;<\/p>\n","protected":false},"excerpt":{"rendered":"<p>Keyboard &#8211; organy dla dzieci z wej\u015bciem USB (MQ807)Keyboard jest wielofunkcyjn\u0105 zabawk\u0105 edukacyjn\u0105, kt\u00f3ra rozwija jednocze\u015bnie wyobra\u017ani\u0119, umiej\u0119tno\u015bci muzyczne, poczucie rytmu, zmys\u0142 s\u0142uchu, a ponadto pozwala rozbudza\u0107 pasj\u0119 muzyczn\u0105 u dzieci. KEYBOARD POSIADA:klawiatur\u0119 muzyczn\u0105,przycisk zasilania on\/off,pokr\u0119t\u0142o regulacji g\u0142o\u015bno\u015bci,przycisk ton\u00f3w &#8211; uruchamia 100 r\u00f3\u017cnych ton\u00f3w,przycisk rytm\u00f3w &#8211; uruchamia 100 r\u00f3\u017cnych rytm\u00f3w,start\/stop,tempo,akordy,przycisk synchronizacji,przycisk podtrzymywania,przycisk wibracji,przycisk echo,grupa przycisk\u00f3w [&hellip;]<\/p>\n","protected":false},"featured_media":10142,"comment_status":"closed","ping_status":"open","template":"","meta":[],"product_cat":[169,1894],"product_tag":[777,866,690,778],"class_list":["post-10141","product","type-product","status-publish","has-post-thumbnail","hentry","product_cat-inny","product_cat-instrumenty-klawiszowe","product_tag-co-na-roczek","product_tag-opis-do-zdjecia-dziecka-na-fb","product_tag-pieski-male-dwa-tekst","product_tag-zabawki-na-roczek-dla-chlopca"],"_links":{"self":[{"href":"http:\/\/klubmamgdynia.pl\/index.php\/wp-json\/wp\/v2\/product\/10141","targetHints":{"allow":["GET"]}}],"collection":[{"href":"http:\/\/klubmamgdynia.pl\/index.php\/wp-json\/wp\/v2\/product"}],"about":[{"href":"http:\/\/klubmamgdynia.pl\/index.php\/wp-json\/wp\/v2\/types\/product"}],"replies":[{"embeddable":true,"href":"http:\/\/klubmamgdynia.pl\/index.php\/wp-json\/wp\/v2\/comments?post=10141"}],"wp:featuredmedia":[{"embeddable":true,"href":"http:\/\/klubmamgdynia.pl\/index.php\/wp-json\/wp\/v2\/media\/10142"}],"wp:attachment":[{"href":"http:\/\/klubmamgdynia.pl\/index.php\/wp-json\/wp\/v2\/media?parent=10141"}],"wp:term":[{"taxonomy":"product_cat","embeddable":true,"href":"http:\/\/klubmamgdynia.pl\/index.php\/wp-json\/wp\/v2\/product_cat?post=10141"},{"taxonomy":"product_tag","embeddable":true,"href":"http:\/\/klubmamgdynia.pl\/index.php\/wp-json\/wp\/v2\/product_tag?post=10141"}],"curies":[{"name":"wp","href":"https:\/\/api.w.org\/{rel}","templated":true}]}}