{"id":10147,"date":"2025-01-03T17:14:53","date_gmt":"2025-01-03T16:14:53","guid":{"rendered":"http:\/\/klubmamgdynia.pl\/?post_type=product&#038;p=10147"},"modified":"2026-04-06T16:08:25","modified_gmt":"2026-04-06T14:08:25","slug":"madej-maly-lekarz-doktor-zestaw-lekarski-walizka-zabawka","status":"publish","type":"product","link":"http:\/\/klubmamgdynia.pl\/index.php\/produkt\/madej-maly-lekarz-doktor-zestaw-lekarski-walizka-zabawka\/","title":{"rendered":"Madej Ma\u0142y Lekarz Doktor Zestaw Lekarski Walizka &#8211; Zabawka"},"content":{"rendered":"<p>Ma\u0142y Doktor to rewelacyjna torebka pe\u0142na akcesori\u00f3w lekarskich. W zestawie maluszek znajdzie wszystko czego potrzebuje do leczenia swoich najbli\u017cszych i ukochanych misi\u00f3w b\u0105d\u017a lalek. Zestaw ten pozwoli najm\u0142odszym pozna\u0107 podstawowe narz\u0119dzia u\u017cywane przez lekarzy. Wszystkie akcesoria medyczne zapakowane s\u0105 do por\u0119cznej torebki. Torebka posiada pasek, kt\u00f3ry umo\u017cliwia noszenie jej na ramieniu. ZAWARTO\u015a\u0106 ZESTAWU: &#8211; plastikowa torebka z paskiem &#8211; lusterko &#8211; m\u0142oteczek &#8211; otoskop &#8211; ci\u015bnieniomierz &#8211; skalpel &#8211; p\u0119seta &#8211; \u0142y\u017ceczka &#8211; termometr &#8211; pojemnik plastikowy &#8211; naklejki &#8211; p\u00f3\u0142ka &#8211; wieszak Wymiary torebki ok.: 20 x 8,5 x 19,5 cm Sugerowany wiek: 3 lata+ Zabawka nie wymaga u\u017cycia baterii. OSTRZE\u017bENIE! Nieodpowiednie dla dzieci w wieku poni\u017cej 3 lat. Ryzyko po\u0142kni\u0119cia lub przedostania si\u0119 do g\u00f3rnych dr\u00f3g oddechowych ma\u0142ych element\u00f3w. Unika\u0107 kontaktu zabawki lub jej element\u00f3w z g\u00f3rnymi drogami oddechowymi.<\/p>\n<h2>Madej Ma\u0142y Lekarz Doktor Zestaw Lekarski Walizka &#8211; Zabawka Madej<\/h2>\n<p>pierwsze urodziny prezent na roczek dla ch\u0142opca, kolorowanka lol, list do gwiazdora, atrakcje dla dzieci wroc\u0142aw 2021, minecraft kolorowanki, maska kota<\/p>\n<p>yyyyy<\/p>\n<p>&nbsp;<\/p>\n","protected":false},"excerpt":{"rendered":"<p>Ma\u0142y Doktor to rewelacyjna torebka pe\u0142na akcesori\u00f3w lekarskich. W zestawie maluszek znajdzie wszystko czego potrzebuje do leczenia swoich najbli\u017cszych i ukochanych misi\u00f3w b\u0105d\u017a lalek. Zestaw ten pozwoli najm\u0142odszym pozna\u0107 podstawowe narz\u0119dzia u\u017cywane przez lekarzy. Wszystkie akcesoria medyczne zapakowane s\u0105 do por\u0119cznej torebki. Torebka posiada pasek, kt\u00f3ry umo\u017cliwia noszenie jej na ramieniu. ZAWARTO\u015a\u0106 ZESTAWU: &#8211; plastikowa [&hellip;]<\/p>\n","protected":false},"featured_media":10148,"comment_status":"closed","ping_status":"open","template":"","meta":[],"product_cat":[53,70],"product_tag":[834,650,828,679,872,779],"class_list":["post-10147","product","type-product","status-publish","has-post-thumbnail","hentry","product_cat-kaciki-zabaw","product_cat-madej","product_tag-bajka-do-czytania-na-dobranoc","product_tag-choinka-z-bibuly","product_tag-filmy-wigilijne-dla-dzieci","product_tag-zabawki-na-roczek-dla-dziewczynki","product_tag-zagadki-dla-dzieci-6-lat","product_tag-zarty-na-prima-aprilis-w-domu"],"_links":{"self":[{"href":"http:\/\/klubmamgdynia.pl\/index.php\/wp-json\/wp\/v2\/product\/10147","targetHints":{"allow":["GET"]}}],"collection":[{"href":"http:\/\/klubmamgdynia.pl\/index.php\/wp-json\/wp\/v2\/product"}],"about":[{"href":"http:\/\/klubmamgdynia.pl\/index.php\/wp-json\/wp\/v2\/types\/product"}],"replies":[{"embeddable":true,"href":"http:\/\/klubmamgdynia.pl\/index.php\/wp-json\/wp\/v2\/comments?post=10147"}],"wp:featuredmedia":[{"embeddable":true,"href":"http:\/\/klubmamgdynia.pl\/index.php\/wp-json\/wp\/v2\/media\/10148"}],"wp:attachment":[{"href":"http:\/\/klubmamgdynia.pl\/index.php\/wp-json\/wp\/v2\/media?parent=10147"}],"wp:term":[{"taxonomy":"product_cat","embeddable":true,"href":"http:\/\/klubmamgdynia.pl\/index.php\/wp-json\/wp\/v2\/product_cat?post=10147"},{"taxonomy":"product_tag","embeddable":true,"href":"http:\/\/klubmamgdynia.pl\/index.php\/wp-json\/wp\/v2\/product_tag?post=10147"}],"curies":[{"name":"wp","href":"https:\/\/api.w.org\/{rel}","templated":true}]}}