{"id":10149,"date":"2015-02-28T12:41:07","date_gmt":"2015-02-28T11:41:07","guid":{"rendered":"http:\/\/klubmamgdynia.pl\/index.php\/produkt\/starpak-temperowka-na-korbke-helikopter\/"},"modified":"2026-04-06T06:37:10","modified_gmt":"2026-04-06T04:37:10","slug":"starpak-temperowka-na-korbke-helikopter","status":"publish","type":"product","link":"http:\/\/klubmamgdynia.pl\/index.php\/produkt\/starpak-temperowka-na-korbke-helikopter\/","title":{"rendered":"Starpak Temper\u00f3wka Na Korbk\u0119 Helikopter"},"content":{"rendered":"<p>Temper\u00f3wka na korbk\u0119 Helikopter niebieski STARPAKCechy produktu:temper\u00f3wka na korbk\u0119posiada jeden otw\u00f3r do temperowaniaposiada wyjmowany pojemnik na str\u00f3\u017ckitemperuje kredki i o\u0142\u00f3wki okr\u0105g\u0142e, sze\u015bcienne oraz tr\u00f3jk\u0105tneOpis:\u017beby m\u00f3c korzysta\u0107 z o\u0142\u00f3wk\u00f3w, czy kredek niezb\u0119dna jest oczywi\u015bcie temper\u00f3wka. Ostrza powinny by\u0107 mocne i trwa\u0142e, \u017ceby nie po\u0142ama\u0107 grafitu i uzyska\u0107 odpowiednio zaostrzon\u0105 ko\u0144c\u00f3wk\u0119. Takie s\u0105 w\u0142a\u015bnie temper\u00f3wki STARPAK.Temper\u00f3wka w kolorze niebieskiem w kszta\u0142cie Helikoptera.Nie wymaga zasilania bateriami.Wymiary produktu (d\u0142. x wys. x g\u0142.)[cm]: 10x9x7.Wymiary opakowania (d\u0142. x wys. x g\u0142.)[cm]: 7x9x10.Waga produktu [kg]: 0,10 kg kg.Waga z opakowaniem [kg]: 0,13 kg.Temper\u00f3wka pakowana w prze\u017aroczysty kartonik.<\/p>\n<h2>Starpak Temper\u00f3wka Na Korbk\u0119 Helikopter Starpak<\/h2>\n<p>kolorowanki na dzie\u0144 niepodleg\u0142o\u015bci do wydruku, cytat mama, anio\u0142 rysunek prosty, atrakcje dla dzieci wroc\u0142aw i okolice, kolorowanki kotka<\/p>\n<p>yyyyy<\/p>\n<p>&nbsp;<\/p>\n","protected":false},"excerpt":{"rendered":"<p>Temper\u00f3wka na korbk\u0119 Helikopter niebieski STARPAKCechy produktu:temper\u00f3wka na korbk\u0119posiada jeden otw\u00f3r do temperowaniaposiada wyjmowany pojemnik na str\u00f3\u017ckitemperuje kredki i o\u0142\u00f3wki okr\u0105g\u0142e, sze\u015bcienne oraz tr\u00f3jk\u0105tneOpis:\u017beby m\u00f3c korzysta\u0107 z o\u0142\u00f3wk\u00f3w, czy kredek niezb\u0119dna jest oczywi\u015bcie temper\u00f3wka. Ostrza powinny by\u0107 mocne i trwa\u0142e, \u017ceby nie po\u0142ama\u0107 grafitu i uzyska\u0107 odpowiednio zaostrzon\u0105 ko\u0144c\u00f3wk\u0119. Takie s\u0105 w\u0142a\u015bnie temper\u00f3wki STARPAK.Temper\u00f3wka w [&hellip;]<\/p>\n","protected":false},"featured_media":10150,"comment_status":"closed","ping_status":"open","template":"","meta":[],"product_cat":[269,962],"product_tag":[837,777,669,687,798],"class_list":["post-10149","product","type-product","status-publish","has-post-thumbnail","hentry","product_cat-starpak","product_cat-szkolne-przybory-do-pisania","product_tag-cicha-noc-po-angielsku","product_tag-co-na-roczek","product_tag-kolorowanki","product_tag-podchwytliwe-zagadki-matematyczne","product_tag-prezenty-dla-nastolatki"],"_links":{"self":[{"href":"http:\/\/klubmamgdynia.pl\/index.php\/wp-json\/wp\/v2\/product\/10149","targetHints":{"allow":["GET"]}}],"collection":[{"href":"http:\/\/klubmamgdynia.pl\/index.php\/wp-json\/wp\/v2\/product"}],"about":[{"href":"http:\/\/klubmamgdynia.pl\/index.php\/wp-json\/wp\/v2\/types\/product"}],"replies":[{"embeddable":true,"href":"http:\/\/klubmamgdynia.pl\/index.php\/wp-json\/wp\/v2\/comments?post=10149"}],"wp:featuredmedia":[{"embeddable":true,"href":"http:\/\/klubmamgdynia.pl\/index.php\/wp-json\/wp\/v2\/media\/10150"}],"wp:attachment":[{"href":"http:\/\/klubmamgdynia.pl\/index.php\/wp-json\/wp\/v2\/media?parent=10149"}],"wp:term":[{"taxonomy":"product_cat","embeddable":true,"href":"http:\/\/klubmamgdynia.pl\/index.php\/wp-json\/wp\/v2\/product_cat?post=10149"},{"taxonomy":"product_tag","embeddable":true,"href":"http:\/\/klubmamgdynia.pl\/index.php\/wp-json\/wp\/v2\/product_tag?post=10149"}],"curies":[{"name":"wp","href":"https:\/\/api.w.org\/{rel}","templated":true}]}}