{"id":10151,"date":"2018-12-19T19:15:59","date_gmt":"2018-12-19T18:15:59","guid":{"rendered":"http:\/\/klubmamgdynia.pl\/index.php\/produkt\/multigra-kolorowanka-jak-ze-zdjecia-ptaki-1306\/"},"modified":"2026-04-28T18:40:14","modified_gmt":"2026-04-28T16:40:14","slug":"multigra-kolorowanka-jak-ze-zdjecia-ptaki-1306","status":"publish","type":"product","link":"http:\/\/klubmamgdynia.pl\/index.php\/produkt\/multigra-kolorowanka-jak-ze-zdjecia-ptaki-1306\/","title":{"rendered":"Multigra Kolorowanka Jak ze zdj\u0119cia &#8211; Ptaki 1306"},"content":{"rendered":"<p>Kolorowanka jak ze zdj\u0119ciaW XXI wieku trudno o chwil\u0119 spokoju i wyciszenia, gdy najbardziej deficytowym towarem jest czas. Dlatego tym wa\u017cniejsze jest wykorzystanie ka\u017cdej wolnej chwili i odci\u0119cie si\u0119 od stresu i ha\u0142asu.\u00a0My\u015blisz, \u017ce to nie dotyczy dzieci? Nic bardziej mylnego! One tak\u017ce ka\u017cdego dnia nara\u017cone s\u0105 na tysi\u0105ce bod\u017ac\u00f3w. Z pomoc\u0105 przychodz\u0105 kolorowanki &#8222;Jak ze zdj\u0119cia&#8221;. S\u0105 one dopasowane dla os\u00f3b w ka\u017cdym wieku. Wymagaj\u0105 skupienia, poprawiaj\u0105 koncentrancj\u0119 i pozwalaj\u0105 wyciszy\u0107 my\u015bli, daj\u0105c upust artystycznym zdolno\u015bciom. Jest to tak\u017ce seria \u0107wicze\u0144 dla dzieci, poprawiaj\u0105ca dok\u0142adno\u015b\u0107 i pewno\u015b\u0107 r\u0119ki. Dodatkowym atutem s\u0105 ciekawostki o ka\u017cdej ilustracji, kt\u00f3re zaskocz\u0105 nawet doros\u0142ych.                            <\/p>\n<p>Poznaj ca\u0142\u0105 seri\u0119 kolorowanek!                            <\/p>\n<p>            Multigra Kolorowanka Jak ze zdj\u0119cia &#8211; Zamki 1304<\/p>\n<p>            Multigra Kolorowanka Jak ze zdj\u0119cia &#8211; Dinozaury 1305<\/p>\n<p>            Multigra Kolorowanka Jak ze zdj\u0119cia &#8211; Ptaki 1306<\/p>\n<p>            Multigra Kolorowanka Jak ze zdj\u0119cia &#8211; Zwierz\u0119ta 1307<\/p>\n<p>            Multigra Kolorowanka Jak ze zdj\u0119cia &#8211; Ro\u015bliny 1308<\/p>\n<p>            Multigra Kolorowanka Jak ze zdj\u0119cia &#8211; Pojazdy 1309<\/p>\n<h2>Multigra Kolorowanka Jak ze zdj\u0119cia &#8211; Ptaki 1306 Multigra<\/h2>\n<p>zagadki dla dzieci 7 lat, julian znaczenie, klockownia wroc\u0142aw, maurycy, karaluchy pod poduchy, kolorowanki konie z je\u017ad\u017acem, zabawy ruchowe dla dzieci, afryka\u0144skie imiona, pisanie literek do druku, kolorowanka kotek, lol kolorowanki do druku, gad\u017cety dla nastolatki, jak narysowac kota, zagadki kr\u00f3tkie, aron, prezenty na roczek dla dziewczynki<\/p>\n<p>yyyyy<\/p>\n<p>&nbsp;<\/p>\n","protected":false},"excerpt":{"rendered":"<p>Kolorowanka jak ze zdj\u0119ciaW XXI wieku trudno o chwil\u0119 spokoju i wyciszenia, gdy najbardziej deficytowym towarem jest czas. Dlatego tym wa\u017cniejsze jest wykorzystanie ka\u017cdej wolnej chwili i odci\u0119cie si\u0119 od stresu i ha\u0142asu.\u00a0My\u015blisz, \u017ce to nie dotyczy dzieci? Nic bardziej mylnego! One tak\u017ce ka\u017cdego dnia nara\u017cone s\u0105 na tysi\u0105ce bod\u017ac\u00f3w. Z pomoc\u0105 przychodz\u0105 kolorowanki &#8222;Jak [&hellip;]<\/p>\n","protected":false},"featured_media":10152,"comment_status":"closed","ping_status":"open","template":"","meta":[],"product_cat":[1885,21],"product_tag":[663,699,597],"class_list":["post-10151","product","type-product","status-publish","has-post-thumbnail","hentry","product_cat-multigra","product_cat-zabawki-plastyczne","product_tag-kolorowanki-dla-dzieci-do-druku","product_tag-kolorowanki-do-druku-dla-dziewczyn","product_tag-zagadki-o-zimie"],"_links":{"self":[{"href":"http:\/\/klubmamgdynia.pl\/index.php\/wp-json\/wp\/v2\/product\/10151","targetHints":{"allow":["GET"]}}],"collection":[{"href":"http:\/\/klubmamgdynia.pl\/index.php\/wp-json\/wp\/v2\/product"}],"about":[{"href":"http:\/\/klubmamgdynia.pl\/index.php\/wp-json\/wp\/v2\/types\/product"}],"replies":[{"embeddable":true,"href":"http:\/\/klubmamgdynia.pl\/index.php\/wp-json\/wp\/v2\/comments?post=10151"}],"wp:featuredmedia":[{"embeddable":true,"href":"http:\/\/klubmamgdynia.pl\/index.php\/wp-json\/wp\/v2\/media\/10152"}],"wp:attachment":[{"href":"http:\/\/klubmamgdynia.pl\/index.php\/wp-json\/wp\/v2\/media?parent=10151"}],"wp:term":[{"taxonomy":"product_cat","embeddable":true,"href":"http:\/\/klubmamgdynia.pl\/index.php\/wp-json\/wp\/v2\/product_cat?post=10151"},{"taxonomy":"product_tag","embeddable":true,"href":"http:\/\/klubmamgdynia.pl\/index.php\/wp-json\/wp\/v2\/product_tag?post=10151"}],"curies":[{"name":"wp","href":"https:\/\/api.w.org\/{rel}","templated":true}]}}