{"id":10153,"date":"2015-08-27T11:07:48","date_gmt":"2015-08-27T09:07:48","guid":{"rendered":"http:\/\/klubmamgdynia.pl\/index.php\/produkt\/derform-disney-kraina-lodu-torebka-na-ramie-c-22-elsa-anna\/"},"modified":"2026-04-20T18:36:25","modified_gmt":"2026-04-20T16:36:25","slug":"derform-disney-kraina-lodu-torebka-na-ramie-c-22-elsa-anna","status":"publish","type":"product","link":"http:\/\/klubmamgdynia.pl\/index.php\/produkt\/derform-disney-kraina-lodu-torebka-na-ramie-c-22-elsa-anna\/","title":{"rendered":"Derform Disney Kraina Lodu Torebka na rami\u0119 C 22 Elsa Anna"},"content":{"rendered":"<p>Torba na rami\u0119 C Kraina Lodu 24 DERFORMNowa, oryginalna, licencjonowana torba na rami\u0119 listonoszkaorebka z klapk\u0105 na rami\u0119 torebka dzieci\u0119ca na rami\u0119 z regulowanym paskiem. Doskona\u0142a na wycieczk\u0119 czy spacer. Jednokomorowa, z klapk\u0105 zamykan\u0105 na rzep i zamek b\u0142yskawiczny z ozdobnym uchwytem.Torebka na rami\u0119 listonoszkaPosiada jedn\u0105 du\u017c\u0105 komor\u0119 zapinan\u0105 na zamek, na przodzie torby jedna kiesze\u0144 zapinana na zamek, torba posiada pas no\u015bny z regulacj\u0105 d\u0142ugo\u015bci, dno torby wzmacniane&#8230;<\/p>\n<h2>Derform Disney Kraina Lodu Torebka na rami\u0119 C 22 Elsa Anna Derform<\/h2>\n<p>quizy online, gry i zabawy ruchowe, drzewo genealogiczne do druku, mini zoo \u015bl\u0105sk, ko\u0142ysanki teksty, karty pracy dla dzieci z ukrainy do druku, estera, zagadki o zwierz\u0119tach wiejskich, star wars kolorowanka, bajki do czytania dla dzieci, zagadki o wio\u015bnie dla dzieci, najlepsze zagadki, pomys\u0142 na prezent dla 7 latki, pomys\u0142 na prezent dla 7 latki, prezent na urodziny dla nastolatk\u00f3w, ada imie, zagadki typu co to jest, piesek kolorowanka, kwiatek kwiaty do druku szablony, test z tajemniczego ogrodu<\/p>\n<p>yyyyy<\/p>\n<p>&nbsp;<\/p>\n","protected":false},"excerpt":{"rendered":"<p>Torba na rami\u0119 C Kraina Lodu 24 DERFORMNowa, oryginalna, licencjonowana torba na rami\u0119 listonoszkaorebka z klapk\u0105 na rami\u0119 torebka dzieci\u0119ca na rami\u0119 z regulowanym paskiem. Doskona\u0142a na wycieczk\u0119 czy spacer. Jednokomorowa, z klapk\u0105 zamykan\u0105 na rzep i zamek b\u0142yskawiczny z ozdobnym uchwytem.Torebka na rami\u0119 listonoszkaPosiada jedn\u0105 du\u017c\u0105 komor\u0119 zapinan\u0105 na zamek, na przodzie torby jedna [&hellip;]<\/p>\n","protected":false},"featured_media":10154,"comment_status":"closed","ping_status":"open","template":"","meta":[],"product_cat":[1021,1895],"product_tag":[747,751,773,824,778],"class_list":["post-10153","product","type-product","status-publish","has-post-thumbnail","hentry","product_cat-derform","product_cat-torby-na-ramie","product_tag-malowanki-do-druku","product_tag-psi-patrol-kolorowanka","product_tag-test-z-lektury-opowiesci-z-narnii-lew-czarownica-i-stara-szafa","product_tag-warszawa-atrakcje-dla-dzieci","product_tag-zabawki-na-roczek-dla-chlopca"],"_links":{"self":[{"href":"http:\/\/klubmamgdynia.pl\/index.php\/wp-json\/wp\/v2\/product\/10153","targetHints":{"allow":["GET"]}}],"collection":[{"href":"http:\/\/klubmamgdynia.pl\/index.php\/wp-json\/wp\/v2\/product"}],"about":[{"href":"http:\/\/klubmamgdynia.pl\/index.php\/wp-json\/wp\/v2\/types\/product"}],"replies":[{"embeddable":true,"href":"http:\/\/klubmamgdynia.pl\/index.php\/wp-json\/wp\/v2\/comments?post=10153"}],"wp:featuredmedia":[{"embeddable":true,"href":"http:\/\/klubmamgdynia.pl\/index.php\/wp-json\/wp\/v2\/media\/10154"}],"wp:attachment":[{"href":"http:\/\/klubmamgdynia.pl\/index.php\/wp-json\/wp\/v2\/media?parent=10153"}],"wp:term":[{"taxonomy":"product_cat","embeddable":true,"href":"http:\/\/klubmamgdynia.pl\/index.php\/wp-json\/wp\/v2\/product_cat?post=10153"},{"taxonomy":"product_tag","embeddable":true,"href":"http:\/\/klubmamgdynia.pl\/index.php\/wp-json\/wp\/v2\/product_tag?post=10153"}],"curies":[{"name":"wp","href":"https:\/\/api.w.org\/{rel}","templated":true}]}}