{"id":10157,"date":"2013-02-18T18:55:58","date_gmt":"2013-02-18T17:55:58","guid":{"rendered":"http:\/\/klubmamgdynia.pl\/index.php\/produkt\/quercetti-klocki-tecno-jumbo\/"},"modified":"2026-04-28T14:51:49","modified_gmt":"2026-04-28T12:51:49","slug":"quercetti-klocki-tecno-jumbo","status":"publish","type":"product","link":"http:\/\/klubmamgdynia.pl\/index.php\/produkt\/quercetti-klocki-tecno-jumbo\/","title":{"rendered":"Quercetti Klocki Tecno Jumbo"},"content":{"rendered":"<p>Zestaw klock\u00f3w dla ma\u0142ych technik\u00f3w. Zestaw zawiera wszystko, co jest potrzebne do budowy samochod\u00f3w, helikopter\u00f3w, d\u017awig\u00f3w i innych maszyn. Maszyny mo\u017cna budowa\u0107 bez u\u017cycia \u017cadnych narz\u0119dzi.<\/p>\n<h2>Quercetti Klocki Tecno Jumbo Quercetti<\/h2>\n<p>bajki dla dzieci do czytania, zagadki dla ma\u0142ych dzieci, imie nadia, pomys\u0142 na prezent dla nastolatk\u00f3w, nietypowe imiona, opisy o rodzinie, miasto dzieci pl, janusz, prezenty dla 7 latki, piosenka dla mamy tekst, maski do druku kolorowe<\/p>\n<p>yyyyy<\/p>\n<p>&nbsp;<\/p>\n","protected":false},"excerpt":{"rendered":"<p>Zestaw klock\u00f3w dla ma\u0142ych technik\u00f3w. Zestaw zawiera wszystko, co jest potrzebne do budowy samochod\u00f3w, helikopter\u00f3w, d\u017awig\u00f3w i innych maszyn. Maszyny mo\u017cna budowa\u0107 bez u\u017cycia \u017cadnych narz\u0119dzi. Quercetti Klocki Tecno Jumbo Quercetti bajki dla dzieci do czytania, zagadki dla ma\u0142ych dzieci, imie nadia, pomys\u0142 na prezent dla nastolatk\u00f3w, nietypowe imiona, opisy o rodzinie, miasto dzieci pl, [&hellip;]<\/p>\n","protected":false},"featured_media":10158,"comment_status":"closed","ping_status":"open","template":"","meta":[],"product_cat":[113,1155],"product_tag":[816,751,609,597,805],"class_list":["post-10157","product","type-product","status-publish","has-post-thumbnail","hentry","product_cat-klocki","product_cat-quercetti","product_tag-place-zabaw-warszawa","product_tag-psi-patrol-kolorowanka","product_tag-quiz-flagi-europy","product_tag-zagadki-o-zimie","product_tag-znaczenie-imienia-alan"],"_links":{"self":[{"href":"http:\/\/klubmamgdynia.pl\/index.php\/wp-json\/wp\/v2\/product\/10157","targetHints":{"allow":["GET"]}}],"collection":[{"href":"http:\/\/klubmamgdynia.pl\/index.php\/wp-json\/wp\/v2\/product"}],"about":[{"href":"http:\/\/klubmamgdynia.pl\/index.php\/wp-json\/wp\/v2\/types\/product"}],"replies":[{"embeddable":true,"href":"http:\/\/klubmamgdynia.pl\/index.php\/wp-json\/wp\/v2\/comments?post=10157"}],"wp:featuredmedia":[{"embeddable":true,"href":"http:\/\/klubmamgdynia.pl\/index.php\/wp-json\/wp\/v2\/media\/10158"}],"wp:attachment":[{"href":"http:\/\/klubmamgdynia.pl\/index.php\/wp-json\/wp\/v2\/media?parent=10157"}],"wp:term":[{"taxonomy":"product_cat","embeddable":true,"href":"http:\/\/klubmamgdynia.pl\/index.php\/wp-json\/wp\/v2\/product_cat?post=10157"},{"taxonomy":"product_tag","embeddable":true,"href":"http:\/\/klubmamgdynia.pl\/index.php\/wp-json\/wp\/v2\/product_tag?post=10157"}],"curies":[{"name":"wp","href":"https:\/\/api.w.org\/{rel}","templated":true}]}}