{"id":10159,"date":"2021-04-16T00:55:25","date_gmt":"2021-04-15T22:55:25","guid":{"rendered":"http:\/\/klubmamgdynia.pl\/index.php\/produkt\/askato-traktor-rc-z-beczkowozem-116389\/"},"modified":"2026-04-29T02:51:16","modified_gmt":"2026-04-29T00:51:16","slug":"askato-traktor-rc-z-beczkowozem-116389","status":"publish","type":"product","link":"http:\/\/klubmamgdynia.pl\/index.php\/produkt\/askato-traktor-rc-z-beczkowozem-116389\/","title":{"rendered":"Askato Traktor RC z beczkowozem (116389)"},"content":{"rendered":"<p>Traktor RC z beczkowozem na mleko. Traktor o d\u0142ugo\u015bci 16 cm, przyczepa 25 cm. Zabawka zasilana bateriami:traktor &#8211; 3 x AA (brak w zestawie)kontroler &#8211; 2 x AA (brak w zestawie)Wiek 3+<\/p>\n<h2>Askato Traktor RC z beczkowozem (116389) Askato<\/h2>\n<p>bajka dla dzieci do czytania, znaczenie imiona justyna, hymn g\u00f3rniczy, prezent dla ch\u0142opca 7 lat, wulkan z sody, rzadkie imiona japo\u0144skie, rzadkie imiona \u017ce\u0144skie polskie, quiz znaki drogowe, zagadki logiczne dla dzieci, \u017c\u0105rty na prima aprilis, zagadki dla dzieci 14 lat<\/p>\n<p>yyyyy<\/p>\n<p>&nbsp;<\/p>\n","protected":false},"excerpt":{"rendered":"<p>Traktor RC z beczkowozem na mleko. Traktor o d\u0142ugo\u015bci 16 cm, przyczepa 25 cm. Zabawka zasilana bateriami:traktor &#8211; 3 x AA (brak w zestawie)kontroler &#8211; 2 x AA (brak w zestawie)Wiek 3+ Askato Traktor RC z beczkowozem (116389) Askato bajka dla dzieci do czytania, znaczenie imiona justyna, hymn g\u00f3rniczy, prezent dla ch\u0142opca 7 lat, wulkan [&hellip;]<\/p>\n","protected":false},"featured_media":10160,"comment_status":"closed","ping_status":"open","template":"","meta":[],"product_cat":[230,83],"product_tag":[758,583,876],"class_list":["post-10159","product","type-product","status-publish","has-post-thumbnail","hentry","product_cat-askato","product_cat-auta-i-inne-pojazdy-do-zabawy","product_tag-julian","product_tag-kolysanki-dla-dzieci-tekst","product_tag-przyjazn"],"_links":{"self":[{"href":"http:\/\/klubmamgdynia.pl\/index.php\/wp-json\/wp\/v2\/product\/10159","targetHints":{"allow":["GET"]}}],"collection":[{"href":"http:\/\/klubmamgdynia.pl\/index.php\/wp-json\/wp\/v2\/product"}],"about":[{"href":"http:\/\/klubmamgdynia.pl\/index.php\/wp-json\/wp\/v2\/types\/product"}],"replies":[{"embeddable":true,"href":"http:\/\/klubmamgdynia.pl\/index.php\/wp-json\/wp\/v2\/comments?post=10159"}],"wp:featuredmedia":[{"embeddable":true,"href":"http:\/\/klubmamgdynia.pl\/index.php\/wp-json\/wp\/v2\/media\/10160"}],"wp:attachment":[{"href":"http:\/\/klubmamgdynia.pl\/index.php\/wp-json\/wp\/v2\/media?parent=10159"}],"wp:term":[{"taxonomy":"product_cat","embeddable":true,"href":"http:\/\/klubmamgdynia.pl\/index.php\/wp-json\/wp\/v2\/product_cat?post=10159"},{"taxonomy":"product_tag","embeddable":true,"href":"http:\/\/klubmamgdynia.pl\/index.php\/wp-json\/wp\/v2\/product_tag?post=10159"}],"curies":[{"name":"wp","href":"https:\/\/api.w.org\/{rel}","templated":true}]}}