{"id":1016,"date":"2018-04-20T21:19:55","date_gmt":"2018-04-20T19:19:55","guid":{"rendered":"http:\/\/klubmamgdynia.pl\/index.php\/produkt\/joinco-zraszacz-wody-zabawki-zraszacz-splash-wieloryb\/"},"modified":"2026-05-01T14:59:14","modified_gmt":"2026-05-01T12:59:14","slug":"joinco-zraszacz-wody-zabawki-zraszacz-splash-wieloryb","status":"publish","type":"product","link":"http:\/\/klubmamgdynia.pl\/index.php\/produkt\/joinco-zraszacz-wody-zabawki-zraszacz-splash-wieloryb\/","title":{"rendered":"Joinco Zraszacz Wody Zabawki Zraszacz Splash Wieloryb"},"content":{"rendered":"<p>Zraszacz wody Zabawki Zraszacz Splash Wieloryb Weso\u0142e zabawki ze zraszaczami wieloryb\u00f3w puszczaj\u0105 strumienie wody przez kolorowe w\u0119\u017ce, wyrzucaj\u0105c i rozpryskuj\u0105c wod\u0119 wsz\u0119dzie. Mo\u017ce to przynie\u015b\u0107 wiele godzin zabawy na \u015bwie\u017cym powietrzu.\u0141atwy w instalacji &#8211; Zraszacz wieloryba jest bardzo \u0142atwy w u\u017cyciu, wystarczy pod\u0142\u0105czy\u0107 go do w\u0119\u017ca ogrodowego lub w\u0119\u017ca PVC. Po pod\u0142\u0105czeniu do w\u0119\u017ca ogrodowego nale\u017cy powoli odkr\u0119ca\u0107 kran, aby zapewni\u0107 stabilno\u015b\u0107 zraszacza, a nast\u0119pnie mo\u017cesz cieszy\u0107 si\u0119 rado\u015bci\u0105 ze zraszania.Bezpieczny materia\u0142 &#8211; zabawka spryskiwacza wiruj\u0105cego wieloryba jest wykonana z przyjaznego dla \u015brodowiska materia\u0142u ABS i jest trwa\u0142a. Mo\u017cesz wygodnie bawi\u0107 si\u0119 z dzie\u0107mi i u\u017cywa\u0107 go wielokrotnie!Rodzinna zabawa na \u015bwie\u017cym powietrzu &#8211; jeden spryskiwacz wieloryb\u00f3w wystarczy, aby wiele os\u00f3b mog\u0142o bawi\u0107 si\u0119 razem i bawi\u0107 si\u0119 z rodzin\u0105 i przyjaci\u00f3\u0142mi! Idealny do gier wodnych na podw\u00f3rku, letnich imprez, przyj\u0119\u0107 przy basenie, przyj\u0119\u0107 w ogrodzie, imprez na pla\u017cy itp. Specyfikacja: Materia\u0142: ekologiczny ABS Kolor: b\u0142\u0119kitne niebo Model: wieloryb Odpowiedni wiek: 18+ miesi\u0119cy<\/p>\n<h2>Joinco Zraszacz Wody Zabawki Zraszacz Splash Wieloryb Joinco<\/h2>\n<p>flagi pa\u0144stw quiz, test z ani z zielonego wzg\u00f3rza, kr\u00f3tkie czytanki dla dzieci do wydruku, szlaczki, quizy dla przedszkolak\u00f3w, miko\u0142ajek test z lektury, maska karnawa\u0142owa pdf, co kupic dziewczynce na roczek, kolorowanka flamingi, test z tajemniczego ogrodu, opowie\u015bci z narni lew czarownica i stara szafa test, zabawy dla 5-6 latk\u00f3w, kolorowanka europa, miko\u0142ajek &#8211; test z odpowiedziami, bajki dla dzieci za darmo, quizy dla dzieci o zwierz\u0119tach, malowane kamienie, quizy flagi, lol kolorowanka do druku, wierszyki na smigus dyngus<\/p>\n<p>yyyyy<\/p>\n<p>&nbsp;<\/p>\n","protected":false},"excerpt":{"rendered":"<p>Zraszacz wody Zabawki Zraszacz Splash Wieloryb Weso\u0142e zabawki ze zraszaczami wieloryb\u00f3w puszczaj\u0105 strumienie wody przez kolorowe w\u0119\u017ce, wyrzucaj\u0105c i rozpryskuj\u0105c wod\u0119 wsz\u0119dzie. Mo\u017ce to przynie\u015b\u0107 wiele godzin zabawy na \u015bwie\u017cym powietrzu.\u0141atwy w instalacji &#8211; Zraszacz wieloryba jest bardzo \u0142atwy w u\u017cyciu, wystarczy pod\u0142\u0105czy\u0107 go do w\u0119\u017ca ogrodowego lub w\u0119\u017ca PVC. Po pod\u0142\u0105czeniu do w\u0119\u017ca ogrodowego [&hellip;]<\/p>\n","protected":false},"featured_media":1017,"comment_status":"closed","ping_status":"open","template":"","meta":[],"product_cat":[330,120],"product_tag":[683,656,767],"class_list":["post-1016","product","type-product","status-publish","has-post-thumbnail","hentry","product_cat-joinco","product_cat-zabawki-i-gry-sportowe","product_tag-karaluchy-pod-poduchy","product_tag-kolorowanki-lol","product_tag-zaproszenia-urodzinowe-do-druku"],"_links":{"self":[{"href":"http:\/\/klubmamgdynia.pl\/index.php\/wp-json\/wp\/v2\/product\/1016","targetHints":{"allow":["GET"]}}],"collection":[{"href":"http:\/\/klubmamgdynia.pl\/index.php\/wp-json\/wp\/v2\/product"}],"about":[{"href":"http:\/\/klubmamgdynia.pl\/index.php\/wp-json\/wp\/v2\/types\/product"}],"replies":[{"embeddable":true,"href":"http:\/\/klubmamgdynia.pl\/index.php\/wp-json\/wp\/v2\/comments?post=1016"}],"wp:featuredmedia":[{"embeddable":true,"href":"http:\/\/klubmamgdynia.pl\/index.php\/wp-json\/wp\/v2\/media\/1017"}],"wp:attachment":[{"href":"http:\/\/klubmamgdynia.pl\/index.php\/wp-json\/wp\/v2\/media?parent=1016"}],"wp:term":[{"taxonomy":"product_cat","embeddable":true,"href":"http:\/\/klubmamgdynia.pl\/index.php\/wp-json\/wp\/v2\/product_cat?post=1016"},{"taxonomy":"product_tag","embeddable":true,"href":"http:\/\/klubmamgdynia.pl\/index.php\/wp-json\/wp\/v2\/product_tag?post=1016"}],"curies":[{"name":"wp","href":"https:\/\/api.w.org\/{rel}","templated":true}]}}