{"id":10161,"date":"2023-11-17T09:32:16","date_gmt":"2023-11-17T08:32:16","guid":{"rendered":"http:\/\/klubmamgdynia.pl\/?post_type=product&#038;p=10161"},"modified":"2026-04-30T00:27:41","modified_gmt":"2026-04-29T22:27:41","slug":"multigra-bajkowy-teatrzyk-czerwony-kapturek-spiaca-krolewna-0136","status":"publish","type":"product","link":"http:\/\/klubmamgdynia.pl\/index.php\/produkt\/multigra-bajkowy-teatrzyk-czerwony-kapturek-spiaca-krolewna-0136\/","title":{"rendered":"Multigra Bajkowy Teatrzyk Czerwony Kapturek &#8211; \u015api\u0105ca Kr\u00f3lewna 0136"},"content":{"rendered":"<p>Bajkowy teatrzykO takiej zabawie marz\u0105 wszyscy m\u0142odzi arty\u015bci. B\u0105d\u017a czytelnikiem, aktorem i re\u017cyserem w jednym! Tutaj wszystko zale\u017cy tylko od ciebie. Wystaw sztuk\u0119, o jakiej nikt nawet nie \u015bni\u0142. Oczaruj rodzin\u0119, zaanga\u017cuj przyjaci\u00f3\u0142 i zaprezentuj sw\u00f3j w\u0142asny \u201eBajkowy Teatrzyk\u201d.Ta propozycja od MultiGry to zestaw kompletny. Dwie ksi\u0105\u017ceczki z jednymi z najpopularniejszych bajek w historii, dwustronne sceny z odmiennymi scenografiami, postacie i rekwizyty oraz podstawki. W ruch mog\u0105 je wprawi\u0107 tylko twoje pomys\u0142y. Zapoznaj si\u0119 z historiami i wystaw je na w\u0142asnej scenie! Improwizuj lub pod\u0105\u017caj za tekstem. Zmieniaj g\u0142osy, wcielaj si\u0119 w role, zapro\u015b widz\u00f3w i zgarniaj niezliczone brawa.                            <\/p>\n<p>\u201eBajkowy teatrzyk\u201d to kompleksowa zabawka, anga\u017cuj\u0105ca dziecko w proces tw\u00f3rczy, kt\u00f3ra uczy kreatywno\u015bci, ale tak\u017ce planowania i zarz\u0105dzania. Trenuje tak wa\u017cne umiej\u0119tno\u015bci jak obycie ze scen\u0105, prze\u0142amanie tremy i zdolno\u015bci krasom\u00f3wcze.                            <\/p>\n<p>Zestaw zawiera: ksi\u0105\u017ceczki z bajkami &#8211; 2szt, dwustronne sceny &#8211; 2szt, postacie i rekwizyty &#8211; 23szt, podstawki do figurek &#8211; 10szt, instrukcj\u0119.<\/p>\n<h2>Multigra Bajkowy Teatrzyk Czerwony Kapturek &#8211; \u015api\u0105ca Kr\u00f3lewna 0136 Multigra<\/h2>\n<p>kaczuszka, zagadki logiczne na inteligencj\u0119, r\u00f3\u017cne zagadki, opowie\u015bci z narnii lew czarownica i stara szafa quiz, borys imi\u0119, atrakcje dla nastolatk\u00f3w warszawa, kolorowanki lato, czapka g\u00f3rnika kolorowanka, wielkanocne zagadki, miriam imie, p\u0142ywalnie warszawa, andrea, everest psi patrol, test z lektury asiunia, bajka terapeutyczna o dokuczaniu, ciekawe zagadki i odpowiedzi, quiz o kosmosie dla dzieci, kolorowanki pokemon do druku, \u017carty prima aprilis, bajka na dobranoc do czytania, dziewczynka z parku pytania i odpowiedzi<\/p>\n<p>yyyyy<\/p>\n<p>&nbsp;<\/p>\n","protected":false},"excerpt":{"rendered":"<p>Bajkowy teatrzykO takiej zabawie marz\u0105 wszyscy m\u0142odzi arty\u015bci. B\u0105d\u017a czytelnikiem, aktorem i re\u017cyserem w jednym! Tutaj wszystko zale\u017cy tylko od ciebie. Wystaw sztuk\u0119, o jakiej nikt nawet nie \u015bni\u0142. Oczaruj rodzin\u0119, zaanga\u017cuj przyjaci\u00f3\u0142 i zaprezentuj sw\u00f3j w\u0142asny \u201eBajkowy Teatrzyk\u201d.Ta propozycja od MultiGry to zestaw kompletny. Dwie ksi\u0105\u017ceczki z jednymi z najpopularniejszych bajek w historii, dwustronne [&hellip;]<\/p>\n","protected":false},"featured_media":10162,"comment_status":"closed","ping_status":"open","template":"","meta":[],"product_cat":[1885,21],"product_tag":[784,810,769,809],"class_list":["post-10161","product","type-product","status-publish","has-post-thumbnail","hentry","product_cat-multigra","product_cat-zabawki-plastyczne","product_tag-hymn-gorniczy","product_tag-nauka-zegara-do-druku","product_tag-psi-patrol-do-czytania","product_tag-zagadki"],"_links":{"self":[{"href":"http:\/\/klubmamgdynia.pl\/index.php\/wp-json\/wp\/v2\/product\/10161","targetHints":{"allow":["GET"]}}],"collection":[{"href":"http:\/\/klubmamgdynia.pl\/index.php\/wp-json\/wp\/v2\/product"}],"about":[{"href":"http:\/\/klubmamgdynia.pl\/index.php\/wp-json\/wp\/v2\/types\/product"}],"replies":[{"embeddable":true,"href":"http:\/\/klubmamgdynia.pl\/index.php\/wp-json\/wp\/v2\/comments?post=10161"}],"wp:featuredmedia":[{"embeddable":true,"href":"http:\/\/klubmamgdynia.pl\/index.php\/wp-json\/wp\/v2\/media\/10162"}],"wp:attachment":[{"href":"http:\/\/klubmamgdynia.pl\/index.php\/wp-json\/wp\/v2\/media?parent=10161"}],"wp:term":[{"taxonomy":"product_cat","embeddable":true,"href":"http:\/\/klubmamgdynia.pl\/index.php\/wp-json\/wp\/v2\/product_cat?post=10161"},{"taxonomy":"product_tag","embeddable":true,"href":"http:\/\/klubmamgdynia.pl\/index.php\/wp-json\/wp\/v2\/product_tag?post=10161"}],"curies":[{"name":"wp","href":"https:\/\/api.w.org\/{rel}","templated":true}]}}