{"id":10163,"date":"2012-10-06T22:31:53","date_gmt":"2012-10-06T20:31:53","guid":{"rendered":"http:\/\/klubmamgdynia.pl\/index.php\/produkt\/rex-london-termobutelka-termiczna-butelka-stalowa-500ml-kot\/"},"modified":"2026-04-06T01:58:27","modified_gmt":"2026-04-05T23:58:27","slug":"rex-london-termobutelka-termiczna-butelka-stalowa-500ml-kot","status":"publish","type":"product","link":"http:\/\/klubmamgdynia.pl\/index.php\/produkt\/rex-london-termobutelka-termiczna-butelka-stalowa-500ml-kot\/","title":{"rendered":"Rex London Termobutelka Termiczna Butelka Stalowa 500Ml Kot"},"content":{"rendered":"<p>Praktyczna i kolorowa butelka termiczna pozwalaj\u0105ca utrzyma\u0107 temperatur\u0119 ciep\u0142ego napoju do 12 h a zimnego nawet do 24 h. W\u0142a\u015bciwo\u015bci produktu: stalowa termobutelka; utrzymuje temperatur\u0119 zimnych napoj\u00f3w do ok. 24 godziny; utrzymuje temperatur\u0119 ciep\u0142ego napoju do ok. 12 godzin; sprawdza si\u0119 o ka\u017cdej porze roku; w sam raz do szko\u0142y, pracy i na spacer; wytrzyma\u0142a; tworzy \u015bwietny komplet z innymi akcesoriami Rex London w tym samym wzorze. Parametry techniczne: materia\u0142: stal nierdzewna; karton (opakowanie) wymiary produktu: 26 cm, waga &#8211; 292,4 g, pojemno\u015b\u0107 \u2013 500 ml. wymiary opakowania: 27,5 x 7,5 cm; waga: 356 g; NIE u\u017cywa\u0107 w mikrofali NIE zamra\u017ca\u0107 NIE my\u0107 w zmywarce NIE przepe\u0142nia\u0107. Napoje mleczne, soki i alkohol mog\u0105 powodowa\u0107 wzrost ci\u015bnienia i uszkodzenie pokrywy. OSTRZE\u017bENIE: Produkt nie jest zabawk\u0105. U\u017cywa\u0107 pod kontrol\u0105 osoby doros\u0142ej. Przed podaniem ciep\u0142ego picia z butelki sprawdzi\u0107 temperatur\u0119 napoju (ryzyko poparzenia). Kolory przedstawione na zdj\u0119ciach ze wzgl\u0119du na przekaz elektroniczny mog\u0105 nieznacznie r\u00f3\u017cni\u0107 si\u0119 od orygina\u0142u.<\/p>\n<h2>Rex London Termobutelka Termiczna Butelka Stalowa 500Ml Kot Rex London<\/h2>\n<p>kuba imi\u0119, wiersze o wio\u015bnie jana brzechwy, bajka o smoku wawelskim, cyferki do druku, quizy online, warszawa dla dzieci, gad\u017cety dla m\u0142odzie\u017cy 2020, kaczuszka, bajka dla niemowlaka, prezent dla 7 latka ch\u0142opca, cytaty o dziecku i mamie<\/p>\n<p>yyyyy<\/p>\n<p>&nbsp;<\/p>\n","protected":false},"excerpt":{"rendered":"<p>Praktyczna i kolorowa butelka termiczna pozwalaj\u0105ca utrzyma\u0107 temperatur\u0119 ciep\u0142ego napoju do 12 h a zimnego nawet do 24 h. W\u0142a\u015bciwo\u015bci produktu: stalowa termobutelka; utrzymuje temperatur\u0119 zimnych napoj\u00f3w do ok. 24 godziny; utrzymuje temperatur\u0119 ciep\u0142ego napoju do ok. 12 godzin; sprawdza si\u0119 o ka\u017cdej porze roku; w sam raz do szko\u0142y, pracy i na spacer; wytrzyma\u0142a; [&hellip;]<\/p>\n","protected":false},"featured_media":10164,"comment_status":"closed","ping_status":"open","template":"","meta":[],"product_cat":[215,259],"product_tag":[691,787,590,616],"class_list":["post-10163","product","type-product","status-publish","has-post-thumbnail","hentry","product_cat-naczynia-i-sztucce-dla-dzieci","product_cat-rex-london","product_tag-gabriel","product_tag-nauka-pisania-wyrazow-dla-dzieci-do-druku-pdf","product_tag-plac-zabaw-warszawa","product_tag-test-mikolajek-25-pytan"],"_links":{"self":[{"href":"http:\/\/klubmamgdynia.pl\/index.php\/wp-json\/wp\/v2\/product\/10163","targetHints":{"allow":["GET"]}}],"collection":[{"href":"http:\/\/klubmamgdynia.pl\/index.php\/wp-json\/wp\/v2\/product"}],"about":[{"href":"http:\/\/klubmamgdynia.pl\/index.php\/wp-json\/wp\/v2\/types\/product"}],"replies":[{"embeddable":true,"href":"http:\/\/klubmamgdynia.pl\/index.php\/wp-json\/wp\/v2\/comments?post=10163"}],"wp:featuredmedia":[{"embeddable":true,"href":"http:\/\/klubmamgdynia.pl\/index.php\/wp-json\/wp\/v2\/media\/10164"}],"wp:attachment":[{"href":"http:\/\/klubmamgdynia.pl\/index.php\/wp-json\/wp\/v2\/media?parent=10163"}],"wp:term":[{"taxonomy":"product_cat","embeddable":true,"href":"http:\/\/klubmamgdynia.pl\/index.php\/wp-json\/wp\/v2\/product_cat?post=10163"},{"taxonomy":"product_tag","embeddable":true,"href":"http:\/\/klubmamgdynia.pl\/index.php\/wp-json\/wp\/v2\/product_tag?post=10163"}],"curies":[{"name":"wp","href":"https:\/\/api.w.org\/{rel}","templated":true}]}}