{"id":10171,"date":"2015-07-20T08:23:58","date_gmt":"2015-07-20T06:23:58","guid":{"rendered":"http:\/\/klubmamgdynia.pl\/index.php\/produkt\/alexander-origami-3d-orzel-2551\/"},"modified":"2026-04-03T23:40:00","modified_gmt":"2026-04-03T21:40:00","slug":"alexander-origami-3d-orzel-2551","status":"publish","type":"product","link":"http:\/\/klubmamgdynia.pl\/index.php\/produkt\/alexander-origami-3d-orzel-2551\/","title":{"rendered":"Alexander Origami 3D Orze\u0142 2551"},"content":{"rendered":"<p>Origami 3D \u2013 Orze\u0142<br \/>\nJeszcze nigdy stworzenie czego\u015b tak pi\u0119knego nie by\u0142o tak proste!Origami 3D to seria zestaw\u00f3w kreatywnych do samodzielnego tworzenia tr\u00f3jwymiarowych rze\u017ab z papieru. Zastosowanie opatentowanego kszta\u0142tu z wyra\u017anie wyt\u0142oczon\u0105 lini\u0105 zgi\u0119cia, sprawi\u0142o, \u017ce w trzech prostych ruchach mo\u017cemy wykona\u0107 podstawowy modu\u0142, kt\u00f3ry pos\u0142u\u017cy do stworzenia arcydzie\u0142a. Wszystkie modu\u0142y sk\u0142ada si\u0119 identycznie, a nast\u0119pnie \u0142\u0105czy ze sob\u0105 bez u\u017cycia kleju tworz\u0105c figurk\u0119.W zestawie znajdziemy bardzo szczeg\u00f3\u0142ow\u0105 instrukcj\u0119, kt\u00f3ra krok po kroku przeprowadzi nas przez proces tworzenia.Dla tych kt\u00f3rzy s\u0105 wzrokowcami, stworzona zosta\u0142a tak\u017ce instrukcja wideo, w kt\u00f3rej sama projektantka serii San San Oo prezentuje poszczeg\u00f3lne etapy sk\u0142adania modelu.Bez kleju!Bez wycinania!Instrukcja wideo!Sp\u00f3jrz na filmik instrukta\u017cowy i podejmij wyzwanie razem z nami.Orze\u0142 w formie Origami 3D to nie tylko wspania\u0142a zabawa, ale tak\u017ce wyj\u0105tkowy pomys\u0142 na upominek, czy te\u017c ozdob\u0119 mieszkania.Zawarto\u015b\u0107 opakowania336\u00a0 element\u00f3w                            <\/p>\n<p>Nagrody                            <\/p>\n<p>Zobacz film o grze                            <\/p>\n<p>Produkty                            <\/p>\n<p>            Alexander Origami 3D Paj\u0105k 23480<\/p>\n<p>            Opinia od h&#8230;a2022-02-27<\/p>\n<p>                Bardzo dobra jako\u015b\u0107<\/p>\n<p>            Alexander Origami 3D Krab 2344<\/p>\n<p>            Alexander Origami 3D \u017b\u00f3\u0142wie 2346<\/p>\n<p>            Opinia od d&#8230;n2022-08-12<\/p>\n<p>                Polecam! <\/p>\n<p>            Alexander Origami 3D Paw 2555<\/p>\n<p>            Opinia od r&#8230;k2022-04-13<\/p>\n<p>                Wykonanie produktu ok. wi\u0119c my\u015bl\u0119, \u017ce jakosc te\u017c b\u0119dzie ok.szczerze m\u00f3wi\u0105c dopiero otrzyma\u0142am produkt i jeszcze nie zd\u0105\u017cy\u0142am si\u0119, a\u017c tak rozezna\u0107. <\/p>\n<p>            Alexander Origami 3D Kr\u00f3lik 25576<\/p>\n<p>            Opinia od Jolanta2022-05-06<\/p>\n<p>                Interesuj\u0105ce zaj\u0119cie<\/p>\n<p>            Alexander Origami 3D Wa\u017cki 2350<\/p>\n<p>            Opinia od d&#8230;n2022-08-12<\/p>\n<p>                Extra \u0107wiczenie dla dzieci\u0119cych r\u0105czek. <\/p>\n<p>            Alexander Origami 3D Orze\u0142 2551<\/p>\n<p>            Opinia od d&#8230;n2022-08-12<\/p>\n<p>                \u015awietna zabawa dla ca\u0142ej rodziny  <\/p>\n<p>            Alexander Origami 3D Pszczo\u0142a 2347<\/p>\n<p>            Opinia od d&#8230;n2022-08-12<\/p>\n<p>                \u015awietna zabawa dla ca\u0142ej rodziny  <\/p>\n<p>            Alexander Origami 3D Kwiaty 2553<\/p>\n<p>            Alexander Origami 3D Jednoro\u017cec 2556<\/p>\n<p>            Opinia od p&#8230;a2022-06-03<\/p>\n<p>                Bardzo \u0142adnie wykonane ,wnuczka ma rado\u015b\u0107 ze sk\u0142adania<\/p>\n<p>            Alexander Origami 3D Nietoperz 2554<\/p>\n<p>            Alexander Origami 3D Delfin 2552<\/p>\n<p>            Opinia od d&#8230;n2022-08-12<\/p>\n<p>                Fajny pomys\u0142 na wsp\u00f3lne sp\u0119dzenie czasu. <\/p>\n<p>            Alexander Origami 3D Skorpion 2349<\/p>\n<p>            Opinia od m&#8230;a2022-04-26<\/p>\n<p>                fajne dla ch\u0142opc\u00f3w<\/p>\n<p>            Alexander Origami 3D Tukan 25583<\/p>\n<p>            Opinia od d&#8230;n2022-08-12<\/p>\n<p>                Polecam! Fajny spos\u00f3b na sp\u0119dzenie czasu z dzie\u0107mi \u2764\ufe0f<\/p>\n<p>            Alexander Origami 3D Motyl 2345<\/p>\n<p>            Opinia od d&#8230;n2022-08-12<\/p>\n<p>                Fajny pomys\u0142 na wsp\u00f3lne sp\u0119dzenie czasu.<\/p>\n<h2>Alexander Origami 3D Orze\u0142 2551 Alexander<\/h2>\n<p>w uk\u0142adzie s\u0142onecznym, pokemon kolorowanki, cytaty o mamie, cytat na dzie\u0144 mamy, jad\u0105 jad\u0105 misie tekst, jan pawe\u0142 2 rysunek \u0142atwy dla dzieci, zagadki na logiczne my\u015blenie, logiczne zagadki, fajne zagadki, dzie\u0144 nauczyciela teksty, el\u017cbieta imi\u0119<\/p>\n<p>yyyyy<\/p>\n<p>&nbsp;<\/p>\n","protected":false},"excerpt":{"rendered":"<p>Origami 3D \u2013 Orze\u0142 Jeszcze nigdy stworzenie czego\u015b tak pi\u0119knego nie by\u0142o tak proste!Origami 3D to seria zestaw\u00f3w kreatywnych do samodzielnego tworzenia tr\u00f3jwymiarowych rze\u017ab z papieru. Zastosowanie opatentowanego kszta\u0142tu z wyra\u017anie wyt\u0142oczon\u0105 lini\u0105 zgi\u0119cia, sprawi\u0142o, \u017ce w trzech prostych ruchach mo\u017cemy wykona\u0107 podstawowy modu\u0142, kt\u00f3ry pos\u0142u\u017cy do stworzenia arcydzie\u0142a. Wszystkie modu\u0142y sk\u0142ada si\u0119 identycznie, a [&hellip;]<\/p>\n","protected":false},"featured_media":10172,"comment_status":"closed","ping_status":"open","template":"","meta":[],"product_cat":[246,21],"product_tag":[845,702,730,868],"class_list":["post-10171","product","type-product","status-publish","has-post-thumbnail","hentry","product_cat-alexander","product_cat-zabawki-plastyczne","product_tag-ach-spij-kochanie-tekst","product_tag-co-kupic-na-roczek-dla-dziewczynki","product_tag-karyna","product_tag-quizy-dla-dzieci"],"_links":{"self":[{"href":"http:\/\/klubmamgdynia.pl\/index.php\/wp-json\/wp\/v2\/product\/10171","targetHints":{"allow":["GET"]}}],"collection":[{"href":"http:\/\/klubmamgdynia.pl\/index.php\/wp-json\/wp\/v2\/product"}],"about":[{"href":"http:\/\/klubmamgdynia.pl\/index.php\/wp-json\/wp\/v2\/types\/product"}],"replies":[{"embeddable":true,"href":"http:\/\/klubmamgdynia.pl\/index.php\/wp-json\/wp\/v2\/comments?post=10171"}],"wp:featuredmedia":[{"embeddable":true,"href":"http:\/\/klubmamgdynia.pl\/index.php\/wp-json\/wp\/v2\/media\/10172"}],"wp:attachment":[{"href":"http:\/\/klubmamgdynia.pl\/index.php\/wp-json\/wp\/v2\/media?parent=10171"}],"wp:term":[{"taxonomy":"product_cat","embeddable":true,"href":"http:\/\/klubmamgdynia.pl\/index.php\/wp-json\/wp\/v2\/product_cat?post=10171"},{"taxonomy":"product_tag","embeddable":true,"href":"http:\/\/klubmamgdynia.pl\/index.php\/wp-json\/wp\/v2\/product_tag?post=10171"}],"curies":[{"name":"wp","href":"https:\/\/api.w.org\/{rel}","templated":true}]}}