{"id":10173,"date":"2014-05-08T05:05:12","date_gmt":"2014-05-08T03:05:12","guid":{"rendered":"http:\/\/klubmamgdynia.pl\/index.php\/produkt\/derform-wydrapywanka-psy-kidea\/"},"modified":"2026-04-06T00:21:16","modified_gmt":"2026-04-05T22:21:16","slug":"derform-wydrapywanka-psy-kidea","status":"publish","type":"product","link":"http:\/\/klubmamgdynia.pl\/index.php\/produkt\/derform-wydrapywanka-psy-kidea\/","title":{"rendered":"Derform Wydrapywanka Psy Kidea"},"content":{"rendered":"<p>Mamy tutaj jaki\u015b mi\u0142o\u015bnik\u00f3w piesk\u00f3w? To produkt idealny dla Was! Poznaj nasz wielki HIT! Kolorowanie nigdy nie by\u0142o takie przyjemne! Wydrapywanka PSY \u2013 to zestaw, a\u017c 6 arkuszy z r\u00f3\u017cnymi ilustracjami. Za pomoc\u0105 bambusowego rysika, do\u0142\u0105czonego do zestawu, mo\u017cna odkry\u0107 rysunki w intensywnych kolorach, kt\u00f3re kryj\u0105 si\u0119 pod czarn\u0105 warstw\u0105. Wydrapywana jest niezwykle \u0142atwa w u\u017cyciu, przez co sprawdzi si\u0119 idealnie w\u015br\u00f3d dzieci, kt\u00f3re dopiero zaczynaj\u0105 przygod\u0119 z plastyk\u0105. To niezwykle wci\u0105gaj\u0105ca zabawa&#8230;.<\/p>\n<h2>Derform Wydrapywanka Psy Kidea Derform<\/h2>\n<p>kanapeczki na urodziny dziecka, quiz o akademii pana kleksa, policja kolorowanka, prezent dla nastoletniego ch\u0142opca, gloria imie, rysunki do druku, prezent dla jedenastolatki, tajemniczy ogr\u00f3d test z lektury, jeziora blisko warszawy, lektura asiunia &#8211; test, cytat z kubusia puchatka o mi\u0142o\u015bci, kolorowanka lego friends, molo w brze\u017anie, co na prezent dla 7 latki, babciu droga babciu tekst, prezent dla pi\u0119tnastolatka, kolorowanka dla dzieci, \u015bwinka peppa bajka do czytania, rzadkie imiona japo\u0144skie<\/p>\n<p>yyyyy<\/p>\n<p>&nbsp;<\/p>\n","protected":false},"excerpt":{"rendered":"<p>Mamy tutaj jaki\u015b mi\u0142o\u015bnik\u00f3w piesk\u00f3w? To produkt idealny dla Was! Poznaj nasz wielki HIT! Kolorowanie nigdy nie by\u0142o takie przyjemne! Wydrapywanka PSY \u2013 to zestaw, a\u017c 6 arkuszy z r\u00f3\u017cnymi ilustracjami. Za pomoc\u0105 bambusowego rysika, do\u0142\u0105czonego do zestawu, mo\u017cna odkry\u0107 rysunki w intensywnych kolorach, kt\u00f3re kryj\u0105 si\u0119 pod czarn\u0105 warstw\u0105. Wydrapywana jest niezwykle \u0142atwa w [&hellip;]<\/p>\n","protected":false},"featured_media":10174,"comment_status":"closed","ping_status":"open","template":"","meta":[],"product_cat":[1021,21],"product_tag":[666,660,669,601,712],"class_list":["post-10173","product","type-product","status-publish","has-post-thumbnail","hentry","product_cat-derform","product_cat-zabawki-plastyczne","product_tag-afrykanskie-imiona","product_tag-bianka","product_tag-kolorowanki","product_tag-zagadki-co-to-jest","product_tag-zagadki-o-zwierzetach"],"_links":{"self":[{"href":"http:\/\/klubmamgdynia.pl\/index.php\/wp-json\/wp\/v2\/product\/10173","targetHints":{"allow":["GET"]}}],"collection":[{"href":"http:\/\/klubmamgdynia.pl\/index.php\/wp-json\/wp\/v2\/product"}],"about":[{"href":"http:\/\/klubmamgdynia.pl\/index.php\/wp-json\/wp\/v2\/types\/product"}],"replies":[{"embeddable":true,"href":"http:\/\/klubmamgdynia.pl\/index.php\/wp-json\/wp\/v2\/comments?post=10173"}],"wp:featuredmedia":[{"embeddable":true,"href":"http:\/\/klubmamgdynia.pl\/index.php\/wp-json\/wp\/v2\/media\/10174"}],"wp:attachment":[{"href":"http:\/\/klubmamgdynia.pl\/index.php\/wp-json\/wp\/v2\/media?parent=10173"}],"wp:term":[{"taxonomy":"product_cat","embeddable":true,"href":"http:\/\/klubmamgdynia.pl\/index.php\/wp-json\/wp\/v2\/product_cat?post=10173"},{"taxonomy":"product_tag","embeddable":true,"href":"http:\/\/klubmamgdynia.pl\/index.php\/wp-json\/wp\/v2\/product_tag?post=10173"}],"curies":[{"name":"wp","href":"https:\/\/api.w.org\/{rel}","templated":true}]}}