{"id":10175,"date":"2025-08-13T23:46:13","date_gmt":"2025-08-13T21:46:13","guid":{"rendered":"http:\/\/klubmamgdynia.pl\/?post_type=product&#038;p=10175"},"modified":"2026-04-06T02:44:22","modified_gmt":"2026-04-06T00:44:22","slug":"askato-klocki-drabinki-40el","status":"publish","type":"product","link":"http:\/\/klubmamgdynia.pl\/index.php\/produkt\/askato-klocki-drabinki-40el\/","title":{"rendered":"Askato Klocki Drabinki 40El."},"content":{"rendered":"<p>Autor:ISBN: 5+EAN: 6901440109473Wydawnictwo: AskatoWydanie: folia,Strony:40 elementy w r\u00f3\u017cnych kolorach pozwala stworzy\u0107 fantastyczne, przestrzenne figury, zaczynaj\u0105c od tych prostych takich jak krzes\u0142o poprzez nieco trudniejszego psa lub helikopter.<\/p>\n<h2>Askato Klocki Drabinki 40El. Askato<\/h2>\n<p>test wiedzy zemsta, lodowiska w warszawie, zagadki dla dzieci 5 lat, co na roczek, zagadki i odpowiedzi, \u0142amig\u0142\u00f3wki logiczne, kolorowanki do druku dla dziewczynek, najpi\u0119kniejsze piosenki \u015bwi\u0105teczne dla dzieci, mitologia grecka test wiedzy, test z pana kleksa, zagadki dla dzieci 9-10 lat z odpowiedziami, julian imie<\/p>\n<p>yyyyy<\/p>\n<p>&nbsp;<\/p>\n","protected":false},"excerpt":{"rendered":"<p>Autor:ISBN: 5+EAN: 6901440109473Wydawnictwo: AskatoWydanie: folia,Strony:40 elementy w r\u00f3\u017cnych kolorach pozwala stworzy\u0107 fantastyczne, przestrzenne figury, zaczynaj\u0105c od tych prostych takich jak krzes\u0142o poprzez nieco trudniejszego psa lub helikopter. Askato Klocki Drabinki 40El. Askato test wiedzy zemsta, lodowiska w warszawie, zagadki dla dzieci 5 lat, co na roczek, zagadki i odpowiedzi, \u0142amig\u0142\u00f3wki logiczne, kolorowanki do druku dla [&hellip;]<\/p>\n","protected":false},"featured_media":10176,"comment_status":"closed","ping_status":"open","template":"","meta":[],"product_cat":[230,113],"product_tag":[833,642,842,678,591,695],"class_list":["post-10175","product","type-product","status-publish","has-post-thumbnail","hentry","product_cat-askato","product_cat-klocki","product_tag-bajki-dla-dzieci-do-czytania","product_tag-mia-imie","product_tag-plac-zabaw-poznan","product_tag-prezent-na-roczek-dla-dziewczynki","product_tag-quiz-o-minecraft","product_tag-rzadkie-imiona-zenskie"],"_links":{"self":[{"href":"http:\/\/klubmamgdynia.pl\/index.php\/wp-json\/wp\/v2\/product\/10175","targetHints":{"allow":["GET"]}}],"collection":[{"href":"http:\/\/klubmamgdynia.pl\/index.php\/wp-json\/wp\/v2\/product"}],"about":[{"href":"http:\/\/klubmamgdynia.pl\/index.php\/wp-json\/wp\/v2\/types\/product"}],"replies":[{"embeddable":true,"href":"http:\/\/klubmamgdynia.pl\/index.php\/wp-json\/wp\/v2\/comments?post=10175"}],"wp:featuredmedia":[{"embeddable":true,"href":"http:\/\/klubmamgdynia.pl\/index.php\/wp-json\/wp\/v2\/media\/10176"}],"wp:attachment":[{"href":"http:\/\/klubmamgdynia.pl\/index.php\/wp-json\/wp\/v2\/media?parent=10175"}],"wp:term":[{"taxonomy":"product_cat","embeddable":true,"href":"http:\/\/klubmamgdynia.pl\/index.php\/wp-json\/wp\/v2\/product_cat?post=10175"},{"taxonomy":"product_tag","embeddable":true,"href":"http:\/\/klubmamgdynia.pl\/index.php\/wp-json\/wp\/v2\/product_tag?post=10175"}],"curies":[{"name":"wp","href":"https:\/\/api.w.org\/{rel}","templated":true}]}}