{"id":10177,"date":"2017-04-20T21:37:38","date_gmt":"2017-04-20T19:37:38","guid":{"rendered":"http:\/\/klubmamgdynia.pl\/index.php\/produkt\/tm-toys-dodo-puzzle-profesje-30el-farmer-teddy\/"},"modified":"2026-04-05T20:52:31","modified_gmt":"2026-04-05T18:52:31","slug":"tm-toys-dodo-puzzle-profesje-30el-farmer-teddy","status":"publish","type":"product","link":"http:\/\/klubmamgdynia.pl\/index.php\/produkt\/tm-toys-dodo-puzzle-profesje-30el-farmer-teddy\/","title":{"rendered":"Tm Toys Dodo Puzzle Profesje 30el. Farmer Teddy"},"content":{"rendered":"<p>Pobud\u017a wyobra\u017ani\u0119 swojego dziecka z puzzlami DODO!Zapewne wi\u0119kszo\u015b\u0107 z nas zapytana o to, jaka zabawka jest najbardziej ponadczasowa odpar\u0142aby &#8211; puzzle. Stare dobre uk\u0142adanki, bez kt\u00f3rych wielu doros\u0142ych do dzi\u015b nie wyobra\u017ca sobie sp\u0119dzania ch\u0142odnych wieczor\u00f3w.Puzzle wzmacniaj\u0105 koncentracj\u0119, ucz\u0105 cierpliwo\u015bci i kszta\u0142tuj\u0105 zdolno\u015bci manualne, pomagaj\u0105c sp\u0119dzi\u0107 wolny czas w warto\u015bciowy spos\u00f3b. O ich zaletach mo\u017cna by m\u00f3wi\u0107 wiele, jednak zamiast m\u00f3wi\u0107, lepiej po prostu je uk\u0142ada\u0107 i kszta\u0142towa\u0107 umys\u0142 dziecka ju\u017c od pierwszych miesi\u0119cy!Puzzle s\u0105 nie tylko \u015bwietn\u0105 form\u0105 rozrywki, ale te\u017c atrakcyjnym sposobem na pokazanie dziecku \u015bwiata, dlatego szukaj\u0105c wysokowarto\u015bciowej, ciekawej zabawki dla malucha warto wzi\u0105\u0107 je pod uwag\u0119.Jako\u015b\u0107Kreatywne ilustracje przyci\u0105gn\u0105 malca na d\u0142ugie godziny, a wysoka jako\u015b\u0107 materia\u0142\u00f3w pozwoli korzysta\u0107 z puzzli przez d\u0142ugi czas nie nara\u017caj\u0105c ich na zniszczenie.Bezpiecze\u0144stwoW trosce o najm\u0142odszych producent zadba\u0142 o zachowanie najwy\u017cszych standard\u00f3w bezpiecze\u0144stwa. Dzi\u0119ki zgodno\u015bci z normami CE, puzzle gwarantuj\u0105 bezpieczn\u0105 i warto\u015bciow\u0105 zabaw\u0119.Wygl\u0105dDzi\u0119ki puzzlom DODO Twoje dziecko w atrakcyjny spos\u00f3b pozna otaczaj\u0105cy go \u015bwiat. Doskona\u0142a jako\u015b\u0107 i znakomicie oddane szczeg\u00f3\u0142y sprawi\u0105, \u017ce jego oczom uka\u017c\u0105 si\u0119 pi\u0119kne, kolorowe ilustracje, kt\u00f3re rozbawi\u0105 i pobudz\u0105 jego wyobra\u017ani\u0119.Puzzle DODO powsta\u0142y specjalnie z my\u015bl\u0105 o najm\u0142odszych. Mog\u0105 cieszy\u0107 si\u0119 nimi zar\u00f3wno kilkulatki, jak i kilkunastomiesi\u0119czne maluchy. Bogactwo wzor\u00f3w i kolor\u00f3w wprawia w zachwyt. Znajdziemy w\u015br\u00f3d nich motywy takie jak: zwierz\u0119ta, pory roku, droga mleczna itp., przygotowane w formie kolorowych ilustracji. Zestawy r\u00f3\u017cni\u0105 si\u0119 liczb\u0105 element\u00f3w oraz ich wielko\u015bci\u0105, co daje mo\u017cliwo\u015b\u0107 szerokiego wyboru dostosowanego do wieku dziecka. NAZWA PUZZLE 30 FARMER TEDDY PRODUCENT DODO WIEK 3+ ILO\u015a\u0106 ELEMENT\u00d3W 30 EAN 4820198243074 Znajd\u017a podobne wed\u0142ug klucza: DODO PUZZLE PUZZLE_30 (446381)<\/p>\n<h2>Tm Toys Dodo Puzzle Profesje 30el. Farmer Teddy TM Toys<\/h2>\n<p>choinka z bibu\u0142y, bajka o kreciku, kryspinow, cyferki do druku, wiersz o marzannie, prezent na urodziny dla nastolatki, zagadki logiczne dla dzieci, kolorowanki do druku zwierz\u0119ta, wakacyjne kolorowanki, bajka o \u017cabie<\/p>\n<p>yyyyy<\/p>\n<p>&nbsp;<\/p>\n","protected":false},"excerpt":{"rendered":"<p>Pobud\u017a wyobra\u017ani\u0119 swojego dziecka z puzzlami DODO!Zapewne wi\u0119kszo\u015b\u0107 z nas zapytana o to, jaka zabawka jest najbardziej ponadczasowa odpar\u0142aby &#8211; puzzle. Stare dobre uk\u0142adanki, bez kt\u00f3rych wielu doros\u0142ych do dzi\u015b nie wyobra\u017ca sobie sp\u0119dzania ch\u0142odnych wieczor\u00f3w.Puzzle wzmacniaj\u0105 koncentracj\u0119, ucz\u0105 cierpliwo\u015bci i kszta\u0142tuj\u0105 zdolno\u015bci manualne, pomagaj\u0105c sp\u0119dzi\u0107 wolny czas w warto\u015bciowy spos\u00f3b. O ich zaletach mo\u017cna [&hellip;]<\/p>\n","protected":false},"featured_media":10178,"comment_status":"closed","ping_status":"open","template":"","meta":[],"product_cat":[90,145],"product_tag":[865,582,855,773,709],"class_list":["post-10177","product","type-product","status-publish","has-post-thumbnail","hentry","product_cat-puzzle","product_cat-tm-toys","product_tag-cytaty-o-dzieciach","product_tag-nauka-pisania-literek-do-wydruku-pdf","product_tag-nietypowe-imiona-zenskie","product_tag-test-z-lektury-opowiesci-z-narnii-lew-czarownica-i-stara-szafa","product_tag-zagadki-dla-dzieci-6-7-lat"],"_links":{"self":[{"href":"http:\/\/klubmamgdynia.pl\/index.php\/wp-json\/wp\/v2\/product\/10177","targetHints":{"allow":["GET"]}}],"collection":[{"href":"http:\/\/klubmamgdynia.pl\/index.php\/wp-json\/wp\/v2\/product"}],"about":[{"href":"http:\/\/klubmamgdynia.pl\/index.php\/wp-json\/wp\/v2\/types\/product"}],"replies":[{"embeddable":true,"href":"http:\/\/klubmamgdynia.pl\/index.php\/wp-json\/wp\/v2\/comments?post=10177"}],"wp:featuredmedia":[{"embeddable":true,"href":"http:\/\/klubmamgdynia.pl\/index.php\/wp-json\/wp\/v2\/media\/10178"}],"wp:attachment":[{"href":"http:\/\/klubmamgdynia.pl\/index.php\/wp-json\/wp\/v2\/media?parent=10177"}],"wp:term":[{"taxonomy":"product_cat","embeddable":true,"href":"http:\/\/klubmamgdynia.pl\/index.php\/wp-json\/wp\/v2\/product_cat?post=10177"},{"taxonomy":"product_tag","embeddable":true,"href":"http:\/\/klubmamgdynia.pl\/index.php\/wp-json\/wp\/v2\/product_tag?post=10177"}],"curies":[{"name":"wp","href":"https:\/\/api.w.org\/{rel}","templated":true}]}}