{"id":10179,"date":"2018-04-16T03:37:22","date_gmt":"2018-04-16T01:37:22","guid":{"rendered":"http:\/\/klubmamgdynia.pl\/index.php\/produkt\/dodo-puzzle-16-slonik-dop300162\/"},"modified":"2026-04-06T00:12:45","modified_gmt":"2026-04-05T22:12:45","slug":"dodo-puzzle-16-slonik-dop300162","status":"publish","type":"product","link":"http:\/\/klubmamgdynia.pl\/index.php\/produkt\/dodo-puzzle-16-slonik-dop300162\/","title":{"rendered":"Dodo Puzzle 16 S\u0142onik Dop300162"},"content":{"rendered":"<p>Pobud\u017a wyobra\u017ani\u0119 swojego dzieckaz puzzlami DODO!Puzzle DODO powsta\u0142y specjalnie z my\u015bl\u0105 o najm\u0142odszych.Mog\u0105 cieszy\u0107 si\u0119 nimi zar\u00f3wno kilkulatki,jak i kilkunastomiesi\u0119czne maluchy.Bogactwo wzor\u00f3w i kolor\u00f3w wprawia w zachwyt.Znajdziemy w\u015br\u00f3d nich motywy takie jak:zwierz\u0119ta, pory roku, droga mleczna itp.,przygotowane w formie kolorowych ilustracji.Zestawy r\u00f3\u017cni\u0105 si\u0119 liczb\u0105 element\u00f3w oraz ich wielko\u015bci\u0105,co daje mo\u017cliwo\u015b\u0107 szerokiego wyboru dostosowanego do wieku dziecka.PUZZLE 16 element\u00f3wTo niesamowita zabawa dla najm\u0142odszych, kt\u00f3ra rozwija u nich ma\u0142\u0105 motoryk\u0119 oraz poprawia koncentracj\u0119. Puzzle z tej serii cechuje sympatyczna i przyjemna stylistyka, kt\u00f3ra zach\u0119ca dziecko do ich z\u0142o\u017cenia. W tym zestawie na obrazku znajdziemy uroczego pieska.Ca\u0142a seria zawiera a\u017c 8 obrazk\u00f3w przedstawiaj\u0105cych zwierz\u0119ta: kaczuszk\u0119, konika, kotka, lwa, ma\u0142pk\u0119, pieska, s\u0142onika i \u017cyraf\u0119.S\u0142onik &#8211; DOP300162Jako\u015b\u0107Kreatywne ilustracje przyci\u0105gn\u0105 malca na d\u0142ugie godziny, a wysoka jako\u015b\u0107 materia\u0142\u00f3w pozwoli korzysta\u0107 z puzzli przez d\u0142ugi czas nie nara\u017caj\u0105c ich na zniszczenie.Bezpiecze\u0144stwoW trosce o najm\u0142odszych producent zadba\u0142 o zachowanie najwy\u017cszych standard\u00f3w bezpiecze\u0144stwa. Dzi\u0119ki zgodno\u015bci z normami CE, puzzle gwarantuj\u0105 bezpieczn\u0105 i warto\u015bciow\u0105 zabaw\u0119.Wygl\u0105dDzi\u0119ki puzzlom DODO Twoje dziecko w atrakcyjny spos\u00f3b pozna otaczaj\u0105cy go \u015bwiat. Doskona\u0142a jako\u015b\u0107 i znakomicie oddane szczeg\u00f3\u0142y sprawi\u0105, \u017ce jego oczom uka\u017c\u0105 si\u0119 pi\u0119kne, kolorowe ilustracje, kt\u00f3re rozbawi\u0105 i pobudz\u0105 jego wyobra\u017ani\u0119.<\/p>\n<h2>Dodo Puzzle 16 S\u0142onik Dop300162 TM Toys<\/h2>\n<p>walentynka dla c\u00f3rki, co na roczek, szablon choinki do wydruku, \u0142amig\u0142owki do druku, doros\u0142ych kolorowanki dziewczyny, dobre \u017carty na prima aprilis, zings kolorowanka, lol surprise kolorowanka, delfinarium polska<\/p>\n<p>yyyyy<\/p>\n<p>&nbsp;<\/p>\n","protected":false},"excerpt":{"rendered":"<p>Pobud\u017a wyobra\u017ani\u0119 swojego dzieckaz puzzlami DODO!Puzzle DODO powsta\u0142y specjalnie z my\u015bl\u0105 o najm\u0142odszych.Mog\u0105 cieszy\u0107 si\u0119 nimi zar\u00f3wno kilkulatki,jak i kilkunastomiesi\u0119czne maluchy.Bogactwo wzor\u00f3w i kolor\u00f3w wprawia w zachwyt.Znajdziemy w\u015br\u00f3d nich motywy takie jak:zwierz\u0119ta, pory roku, droga mleczna itp.,przygotowane w formie kolorowych ilustracji.Zestawy r\u00f3\u017cni\u0105 si\u0119 liczb\u0105 element\u00f3w oraz ich wielko\u015bci\u0105,co daje mo\u017cliwo\u015b\u0107 szerokiego wyboru dostosowanego do wieku [&hellip;]<\/p>\n","protected":false},"featured_media":10180,"comment_status":"closed","ping_status":"open","template":"","meta":[],"product_cat":[90,145],"product_tag":[844,732,803,653,709],"class_list":["post-10179","product","type-product","status-publish","has-post-thumbnail","hentry","product_cat-puzzle","product_cat-tm-toys","product_tag-co-kupic-na-roczek","product_tag-prezent-dla-rocznego-chlopca","product_tag-szlaczki-do-druku","product_tag-warszawa-dla-dzieci","product_tag-zagadki-dla-dzieci-6-7-lat"],"_links":{"self":[{"href":"http:\/\/klubmamgdynia.pl\/index.php\/wp-json\/wp\/v2\/product\/10179","targetHints":{"allow":["GET"]}}],"collection":[{"href":"http:\/\/klubmamgdynia.pl\/index.php\/wp-json\/wp\/v2\/product"}],"about":[{"href":"http:\/\/klubmamgdynia.pl\/index.php\/wp-json\/wp\/v2\/types\/product"}],"replies":[{"embeddable":true,"href":"http:\/\/klubmamgdynia.pl\/index.php\/wp-json\/wp\/v2\/comments?post=10179"}],"wp:featuredmedia":[{"embeddable":true,"href":"http:\/\/klubmamgdynia.pl\/index.php\/wp-json\/wp\/v2\/media\/10180"}],"wp:attachment":[{"href":"http:\/\/klubmamgdynia.pl\/index.php\/wp-json\/wp\/v2\/media?parent=10179"}],"wp:term":[{"taxonomy":"product_cat","embeddable":true,"href":"http:\/\/klubmamgdynia.pl\/index.php\/wp-json\/wp\/v2\/product_cat?post=10179"},{"taxonomy":"product_tag","embeddable":true,"href":"http:\/\/klubmamgdynia.pl\/index.php\/wp-json\/wp\/v2\/product_tag?post=10179"}],"curies":[{"name":"wp","href":"https:\/\/api.w.org\/{rel}","templated":true}]}}