{"id":1018,"date":"2024-05-19T15:44:09","date_gmt":"2024-05-19T13:44:09","guid":{"rendered":"http:\/\/klubmamgdynia.pl\/?post_type=product&#038;p=1018"},"modified":"2026-04-29T09:31:07","modified_gmt":"2026-04-29T07:31:07","slug":"bigtoys-grzechotka-lew-bg6421","status":"publish","type":"product","link":"http:\/\/klubmamgdynia.pl\/index.php\/produkt\/bigtoys-grzechotka-lew-bg6421\/","title":{"rendered":"Bigtoys Grzechotka Lew Bg6421"},"content":{"rendered":"<p>Grzechotka z obr\u0119cz\u0105 od BIGTOYS. Do elastycznej obr\u0119czy przyczepiona jest grzechotka w kszta\u0142cie lwa. Projekt zabawki zak\u0142ada stworzenie zwierz\u0105tka, kt\u00f3re b\u0119dzie si\u0119 odznacza\u0142o cechami charakterystycznymi dla danego gatunku (grzywa, kolor). Dzi\u0119ki temu, \u017ce grzechotka jest kolorowa, przyci\u0105ga i anga\u017cuje uwag\u0119 dziecka. Wystarczy, \u017ce lekko ni\u0105 potrz\u0105\u015bniemy, a wyda ona charakterystyczny d\u017awi\u0119k (w \u015brodku znajduj\u0105 si\u0119 klasyczne kuleczki). Zabawka wykonana z nietoksycznych materia\u0142\u00f3w. Stymuluje zmys\u0142 s&#8230;<\/p>\n<h2>Bigtoys Grzechotka Lew Bg6421 Bigtoys<\/h2>\n<p>drzewo genealogiczne do druku, zagadki rymowane, starodawne \u017cyczenia bo\u017conarodzeniowe, jaki prezent na roczek, kondrad imie, szablon krokus kolorowanka, znaczenie imienia marcel, imie pola, co kupi\u0107 na roczek, dobre \u017carty na prima aprilis, gdzie strumyk p\u0142ynie z wolna, quiz o flagach europy, kolorowanki psi patrol, imi\u0119 leon, inteligentne zagadki, atrakcje dla dzieci tr\u00f3jmiasto, pomys\u0142y na pakowanie prezent\u00f3w<\/p>\n<p>yyyyy<\/p>\n<p>&nbsp;<\/p>\n","protected":false},"excerpt":{"rendered":"<p>Grzechotka z obr\u0119cz\u0105 od BIGTOYS. Do elastycznej obr\u0119czy przyczepiona jest grzechotka w kszta\u0142cie lwa. Projekt zabawki zak\u0142ada stworzenie zwierz\u0105tka, kt\u00f3re b\u0119dzie si\u0119 odznacza\u0142o cechami charakterystycznymi dla danego gatunku (grzywa, kolor). Dzi\u0119ki temu, \u017ce grzechotka jest kolorowa, przyci\u0105ga i anga\u017cuje uwag\u0119 dziecka. Wystarczy, \u017ce lekko ni\u0105 potrz\u0105\u015bniemy, a wyda ona charakterystyczny d\u017awi\u0119k (w \u015brodku znajduj\u0105 si\u0119 [&hellip;]<\/p>\n","protected":false},"featured_media":1019,"comment_status":"closed","ping_status":"open","template":"","meta":[],"product_cat":[331,63],"product_tag":[792,619,621],"class_list":["post-1018","product","type-product","status-publish","has-post-thumbnail","hentry","product_cat-bigtoys","product_cat-grzechotki-i-gryzaki","product_tag-cytaty-o-mamie","product_tag-iwo-imie","product_tag-prezenty-roczek"],"_links":{"self":[{"href":"http:\/\/klubmamgdynia.pl\/index.php\/wp-json\/wp\/v2\/product\/1018","targetHints":{"allow":["GET"]}}],"collection":[{"href":"http:\/\/klubmamgdynia.pl\/index.php\/wp-json\/wp\/v2\/product"}],"about":[{"href":"http:\/\/klubmamgdynia.pl\/index.php\/wp-json\/wp\/v2\/types\/product"}],"replies":[{"embeddable":true,"href":"http:\/\/klubmamgdynia.pl\/index.php\/wp-json\/wp\/v2\/comments?post=1018"}],"wp:featuredmedia":[{"embeddable":true,"href":"http:\/\/klubmamgdynia.pl\/index.php\/wp-json\/wp\/v2\/media\/1019"}],"wp:attachment":[{"href":"http:\/\/klubmamgdynia.pl\/index.php\/wp-json\/wp\/v2\/media?parent=1018"}],"wp:term":[{"taxonomy":"product_cat","embeddable":true,"href":"http:\/\/klubmamgdynia.pl\/index.php\/wp-json\/wp\/v2\/product_cat?post=1018"},{"taxonomy":"product_tag","embeddable":true,"href":"http:\/\/klubmamgdynia.pl\/index.php\/wp-json\/wp\/v2\/product_tag?post=1018"}],"curies":[{"name":"wp","href":"https:\/\/api.w.org\/{rel}","templated":true}]}}