{"id":10181,"date":"2021-04-04T09:00:19","date_gmt":"2021-04-04T07:00:19","guid":{"rendered":"http:\/\/klubmamgdynia.pl\/index.php\/produkt\/tm-toys-milionerzy-smart\/"},"modified":"2026-04-06T22:25:42","modified_gmt":"2026-04-06T20:25:42","slug":"tm-toys-milionerzy-smart","status":"publish","type":"product","link":"http:\/\/klubmamgdynia.pl\/index.php\/produkt\/tm-toys-milionerzy-smart\/","title":{"rendered":"Tm Toys Milionerzy Smart"},"content":{"rendered":"<p>MIL308294 \u2013 GRA MILIONERZY EDYCJA SMARTGra oparta na popularnym na ca\u0142ym \u015bwiecie teleturnieju telewizyjnym. Wersja SMART to gra dla dw\u00f3ch os\u00f3b, kt\u00f3re rywalizuj\u0105 mi\u0119dzy sob\u0105, odpowiadaj\u0105c na pytania. Celem jest odpowied\u017a na wszystkie 12 pyta\u0144. Pe\u0142ne napi\u0119cia chwile i fantastyczne emocje, zagwarantowane! Pytania w grze pochodz\u0105 z programu telewizyjnego. Wersja SMART idealnie nadaje si\u0119 do podr\u00f3\u017cy.od 12 latdla 2 graczyZawarto\u015b\u0107:550 kart Pytanie i Odpowied\u017a2 tabliczki sucho\u015bcieralne z plansz\u0105 dla ka\u017cdego gracza1 flamaster sucho\u015bcieralny<\/p>\n<h2>Tm Toys Milionerzy Smart TM Toys<\/h2>\n<p>papierowe ozdoby \u015bwi\u0105teczne, rzadkie imiona \u017ce\u0144skie, atrakcje dla dzieci wroc\u0142aw 2021, cytaty na dzie\u0144 edukacji narodowej, \u0142amig\u0142\u00f3wki dla dzieci<\/p>\n<p>yyyyy<\/p>\n<p>&nbsp;<\/p>\n","protected":false},"excerpt":{"rendered":"<p>MIL308294 \u2013 GRA MILIONERZY EDYCJA SMARTGra oparta na popularnym na ca\u0142ym \u015bwiecie teleturnieju telewizyjnym. Wersja SMART to gra dla dw\u00f3ch os\u00f3b, kt\u00f3re rywalizuj\u0105 mi\u0119dzy sob\u0105, odpowiadaj\u0105c na pytania. Celem jest odpowied\u017a na wszystkie 12 pyta\u0144. Pe\u0142ne napi\u0119cia chwile i fantastyczne emocje, zagwarantowane! Pytania w grze pochodz\u0105 z programu telewizyjnego. Wersja SMART idealnie nadaje si\u0119 do [&hellip;]<\/p>\n","protected":false},"featured_media":10182,"comment_status":"closed","ping_status":"open","template":"","meta":[],"product_cat":[220,145],"product_tag":[816,794,710],"class_list":["post-10181","product","type-product","status-publish","has-post-thumbnail","hentry","product_cat-gry-karciane","product_cat-tm-toys","product_tag-place-zabaw-warszawa","product_tag-test-opowiesci-z-narnii-lew-czarownica-i-stara-szafa-do-druku","product_tag-zagadki-dla-dzieci-10-12-lat"],"_links":{"self":[{"href":"http:\/\/klubmamgdynia.pl\/index.php\/wp-json\/wp\/v2\/product\/10181","targetHints":{"allow":["GET"]}}],"collection":[{"href":"http:\/\/klubmamgdynia.pl\/index.php\/wp-json\/wp\/v2\/product"}],"about":[{"href":"http:\/\/klubmamgdynia.pl\/index.php\/wp-json\/wp\/v2\/types\/product"}],"replies":[{"embeddable":true,"href":"http:\/\/klubmamgdynia.pl\/index.php\/wp-json\/wp\/v2\/comments?post=10181"}],"wp:featuredmedia":[{"embeddable":true,"href":"http:\/\/klubmamgdynia.pl\/index.php\/wp-json\/wp\/v2\/media\/10182"}],"wp:attachment":[{"href":"http:\/\/klubmamgdynia.pl\/index.php\/wp-json\/wp\/v2\/media?parent=10181"}],"wp:term":[{"taxonomy":"product_cat","embeddable":true,"href":"http:\/\/klubmamgdynia.pl\/index.php\/wp-json\/wp\/v2\/product_cat?post=10181"},{"taxonomy":"product_tag","embeddable":true,"href":"http:\/\/klubmamgdynia.pl\/index.php\/wp-json\/wp\/v2\/product_tag?post=10181"}],"curies":[{"name":"wp","href":"https:\/\/api.w.org\/{rel}","templated":true}]}}