{"id":10185,"date":"2014-12-10T13:53:19","date_gmt":"2014-12-10T12:53:19","guid":{"rendered":"http:\/\/klubmamgdynia.pl\/index.php\/produkt\/quercetti-duza-walizka-gwozdzi-delfin-150el-15-mm-953\/"},"modified":"2026-05-17T22:20:43","modified_gmt":"2026-05-17T20:20:43","slug":"quercetti-duza-walizka-gwozdzi-delfin-150el-15-mm-953","status":"publish","type":"product","link":"http:\/\/klubmamgdynia.pl\/index.php\/produkt\/quercetti-duza-walizka-gwozdzi-delfin-150el-15-mm-953\/","title":{"rendered":"Quercetti Du\u017ca Walizka Gwo\u017adzi Delfin 150El. 15 Mm 953"},"content":{"rendered":"<p>Quercetti Du\u017ca Walizka Gwo\u017adzi Delfin 150 15 Mm 0953<\/p>\n<p>Jest to najpopularniejszy w grupie zabawek edukacyjnych modu\u0142 walizki. Przeznaczony jest dla dzieci od 4 do 8 lat. Doskonale rozwija zmys\u0142 estetyczny oraz zdolno\u015bci manualne naszego dziecka.Gwo\u017adzie wykonane s\u0105 z wysokiej jako\u015bci tworzywa. Wz\u00f3r uk\u0142ada si\u0119 na perforowanej planszy stanowi\u0105cej jednocze\u015bnie zamykan\u0105 g\u00f3rn\u0105 cz\u0119\u015b\u0107 walizeczki.Zawarto\u015b\u0107:150 szt. kolorowych gwo\u017adzi 15mmkolorowa ksi\u0105\u017ceczka ze wzorami uk\u0142adanek Producent: QUERCETTI S.p.A-W\u0141OCHY<\/p>\n<h2>Quercetti Du\u017ca Walizka Gwo\u017adzi Delfin 150El. 15 Mm 953 Quercetti<\/h2>\n<p>quizy dla dzieci z bajek, jan pawe\u0142 2 rysunek \u0142atwy dla dzieci, miriam imie, opisy do zdj dziecka<\/p>\n<p>yyyyy<\/p>\n<p>&nbsp;<\/p>\n","protected":false},"excerpt":{"rendered":"<p>Quercetti Du\u017ca Walizka Gwo\u017adzi Delfin 150 15 Mm 0953 Jest to najpopularniejszy w grupie zabawek edukacyjnych modu\u0142 walizki. Przeznaczony jest dla dzieci od 4 do 8 lat. Doskonale rozwija zmys\u0142 estetyczny oraz zdolno\u015bci manualne naszego dziecka.Gwo\u017adzie wykonane s\u0105 z wysokiej jako\u015bci tworzywa. Wz\u00f3r uk\u0142ada si\u0119 na perforowanej planszy stanowi\u0105cej jednocze\u015bnie zamykan\u0105 g\u00f3rn\u0105 cz\u0119\u015b\u0107 walizeczki.Zawarto\u015b\u0107:150 szt. [&hellip;]<\/p>\n","protected":false},"featured_media":10186,"comment_status":"closed","ping_status":"open","template":"","meta":[],"product_cat":[1155,21],"product_tag":[674,602,647],"class_list":["post-10185","product","type-product","status-publish","has-post-thumbnail","hentry","product_cat-quercetti","product_cat-zabawki-plastyczne","product_tag-miasto-dzieci","product_tag-quiz-o-zwierzetach-domowych","product_tag-warszawa-z-dzieckiem"],"_links":{"self":[{"href":"http:\/\/klubmamgdynia.pl\/index.php\/wp-json\/wp\/v2\/product\/10185","targetHints":{"allow":["GET"]}}],"collection":[{"href":"http:\/\/klubmamgdynia.pl\/index.php\/wp-json\/wp\/v2\/product"}],"about":[{"href":"http:\/\/klubmamgdynia.pl\/index.php\/wp-json\/wp\/v2\/types\/product"}],"replies":[{"embeddable":true,"href":"http:\/\/klubmamgdynia.pl\/index.php\/wp-json\/wp\/v2\/comments?post=10185"}],"wp:featuredmedia":[{"embeddable":true,"href":"http:\/\/klubmamgdynia.pl\/index.php\/wp-json\/wp\/v2\/media\/10186"}],"wp:attachment":[{"href":"http:\/\/klubmamgdynia.pl\/index.php\/wp-json\/wp\/v2\/media?parent=10185"}],"wp:term":[{"taxonomy":"product_cat","embeddable":true,"href":"http:\/\/klubmamgdynia.pl\/index.php\/wp-json\/wp\/v2\/product_cat?post=10185"},{"taxonomy":"product_tag","embeddable":true,"href":"http:\/\/klubmamgdynia.pl\/index.php\/wp-json\/wp\/v2\/product_tag?post=10185"}],"curies":[{"name":"wp","href":"https:\/\/api.w.org\/{rel}","templated":true}]}}