{"id":10187,"date":"2014-03-29T02:36:58","date_gmt":"2014-03-29T01:36:58","guid":{"rendered":"http:\/\/klubmamgdynia.pl\/index.php\/produkt\/multigra-mam-na-oku-mini-0172\/"},"modified":"2026-05-17T22:12:49","modified_gmt":"2026-05-17T20:12:49","slug":"multigra-mam-na-oku-mini-0172","status":"publish","type":"product","link":"http:\/\/klubmamgdynia.pl\/index.php\/produkt\/multigra-mam-na-oku-mini-0172\/","title":{"rendered":"Multigra Mam Na Oku Mini 0172"},"content":{"rendered":"<p>Mam na oku MiniWersja MINI gry Mam na Oku. Ma\u0142e plansze, ma\u0142e pude\u0142ko i tasama ilo\u015b\u0107 doskona\u0142ej zabawy! Zabierz t\u0119 gr\u0119 w podr\u00f3\u017c, do torby, plecaka, na wycieczk\u0119! Wyt\u0119\u017c sw\u00f3j wzrok i sw\u00f3j umys\u0142!Czy znajdziesz na 6 planszach pe\u0142nych rozmaitych ilustracji t\u0119, kt\u00f3ra widnieje na wylosowanej w\u0142a\u015bnie karcie? Czy zrobisz toprzed wszystkimi? A je\u015bli b\u0119dziesz musia\u0142 wskaza\u0107 po prostu co\u015b, co p\u0142ywa? Znajdziesz wi\u0119cej ni\u017c jedn\u0105 tak\u0105 rzecz? Zastan\u00f3w si\u0119\u00a0dobrze. Ka\u017cda plansza jest dwustronna, dzi\u0119ki czemu gra jest wci\u0105\u017c dynamiczna i zaskakuj\u0105ca. Pozwala na zabaw\u0119 zar\u00f3wno\u00a0czterolatkom, nastolatkom jak i doros\u0142ym. Zobacz jaki jeste\u015b spostrzegawczy!Zestaw zawieradwustronne plansze z ilustracjami &#8211; 6szt., karty z ilustracjami &#8211; 55 szt., kartyz poleceniami &#8211; 55 szt., instrukcja<\/p>\n<h2>Multigra Mam Na Oku Mini 0172 Multigra<\/h2>\n<p>bajki dla dzieci online, trudne zagadki dla doros\u0142ych, konkurs dla dzieci, gry dla nastolatk\u00f3w, co robi\u0107 z dzieckiem w warszawie, cytaty o dziecku i mamie<\/p>\n<p>yyyyy<\/p>\n<p>&nbsp;<\/p>\n","protected":false},"excerpt":{"rendered":"<p>Mam na oku MiniWersja MINI gry Mam na Oku. Ma\u0142e plansze, ma\u0142e pude\u0142ko i tasama ilo\u015b\u0107 doskona\u0142ej zabawy! Zabierz t\u0119 gr\u0119 w podr\u00f3\u017c, do torby, plecaka, na wycieczk\u0119! Wyt\u0119\u017c sw\u00f3j wzrok i sw\u00f3j umys\u0142!Czy znajdziesz na 6 planszach pe\u0142nych rozmaitych ilustracji t\u0119, kt\u00f3ra widnieje na wylosowanej w\u0142a\u015bnie karcie? Czy zrobisz toprzed wszystkimi? A je\u015bli b\u0119dziesz [&hellip;]<\/p>\n","protected":false},"featured_media":10188,"comment_status":"closed","ping_status":"open","template":"","meta":[],"product_cat":[130,1885],"product_tag":[865,627,661,860],"class_list":["post-10187","product","type-product","status-publish","has-post-thumbnail","hentry","product_cat-gry-dzieciece","product_cat-multigra","product_tag-cytaty-o-dzieciach","product_tag-quiz-dzieci-z-bullerbyn","product_tag-swinka-peppa-kolorowanka","product_tag-zagadki-logiczne-dla-doroslych"],"_links":{"self":[{"href":"http:\/\/klubmamgdynia.pl\/index.php\/wp-json\/wp\/v2\/product\/10187","targetHints":{"allow":["GET"]}}],"collection":[{"href":"http:\/\/klubmamgdynia.pl\/index.php\/wp-json\/wp\/v2\/product"}],"about":[{"href":"http:\/\/klubmamgdynia.pl\/index.php\/wp-json\/wp\/v2\/types\/product"}],"replies":[{"embeddable":true,"href":"http:\/\/klubmamgdynia.pl\/index.php\/wp-json\/wp\/v2\/comments?post=10187"}],"wp:featuredmedia":[{"embeddable":true,"href":"http:\/\/klubmamgdynia.pl\/index.php\/wp-json\/wp\/v2\/media\/10188"}],"wp:attachment":[{"href":"http:\/\/klubmamgdynia.pl\/index.php\/wp-json\/wp\/v2\/media?parent=10187"}],"wp:term":[{"taxonomy":"product_cat","embeddable":true,"href":"http:\/\/klubmamgdynia.pl\/index.php\/wp-json\/wp\/v2\/product_cat?post=10187"},{"taxonomy":"product_tag","embeddable":true,"href":"http:\/\/klubmamgdynia.pl\/index.php\/wp-json\/wp\/v2\/product_tag?post=10187"}],"curies":[{"name":"wp","href":"https:\/\/api.w.org\/{rel}","templated":true}]}}