{"id":10189,"date":"2013-08-10T11:29:32","date_gmt":"2013-08-10T09:29:32","guid":{"rendered":"http:\/\/klubmamgdynia.pl\/index.php\/produkt\/alexander-obrazek-i-litera\/"},"modified":"2026-05-02T12:47:15","modified_gmt":"2026-05-02T10:47:15","slug":"alexander-obrazek-i-litera","status":"publish","type":"product","link":"http:\/\/klubmamgdynia.pl\/index.php\/produkt\/alexander-obrazek-i-litera\/","title":{"rendered":"Alexander Obrazek I Litera"},"content":{"rendered":"<p>Wspania\u0142y trening pisowni wyraz\u00f3w dla dzieci w wieku szkolnym.Gra zawiera 2 warianty rozgrywki.W pierwszym z nich ods\u0142aniamy tabliczk\u0119 z literk\u0105 i staramy si\u0119 jak najszybciej odnale\u017a\u0107 w\u015br\u00f3d obrazk\u00f3w ilustracj\u0119 przedstawiaj\u0105c\u0105 przedmiot, kt\u00f3rego nazwa zawiera wskazan\u0105 liter\u0119.W drugim wariancie odszukujemy spo\u015br\u00f3d tabliczek z wypisanymi nazwami jak najwi\u0119cej wyraz\u00f3w zawieraj\u0105cych ods\u0142oni\u0119t\u0105 liter\u0119.Informacje o produkcieNr katalogowy1785Marka (Zabawki) BrakRodzaj (zabawki::gry) EdukacyjneLiczba graczy 2 &#8211; 4Wersja j\u0119zykowa (zabawki::gry\/karciane) PolskaWymagania wiekowe od 8 latP\u0142e\u0107 (zabawki) Dziewczynki i ch\u0142opcyAkcesoria w zestawie- Tabliczki z obrazkami \u2013 40 sztuk- Karty z literami \u2013 55 sztuk- \u017betony \u2013 40 sztuk- Klepsydra- InstrukcjaPozosta\u0142e parametryWymiary opakowania: 20 x 18.5 x 5.5 cm<\/p>\n<h2>Alexander Obrazek I Litera Alexander<\/h2>\n<p>zak\u0142adka do ksi\u0105\u017cki szablon, znaczenie imienia gabriel, jak narysowa\u0107, sentencja rodzina, hello kitty kolorowanka, gabriel, domki z rolek po papierze toaletowym, cytaty na dzie\u0144 nauczyciela, karty pracy dla dzieci z ukrainy, przedszkole drugi dom<\/p>\n<p>yyyyy<\/p>\n<p>&nbsp;<\/p>\n","protected":false},"excerpt":{"rendered":"<p>Wspania\u0142y trening pisowni wyraz\u00f3w dla dzieci w wieku szkolnym.Gra zawiera 2 warianty rozgrywki.W pierwszym z nich ods\u0142aniamy tabliczk\u0119 z literk\u0105 i staramy si\u0119 jak najszybciej odnale\u017a\u0107 w\u015br\u00f3d obrazk\u00f3w ilustracj\u0119 przedstawiaj\u0105c\u0105 przedmiot, kt\u00f3rego nazwa zawiera wskazan\u0105 liter\u0119.W drugim wariancie odszukujemy spo\u015br\u00f3d tabliczek z wypisanymi nazwami jak najwi\u0119cej wyraz\u00f3w zawieraj\u0105cych ods\u0142oni\u0119t\u0105 liter\u0119.Informacje o produkcieNr katalogowy1785Marka (Zabawki) BrakRodzaj [&hellip;]<\/p>\n","protected":false},"featured_media":10190,"comment_status":"closed","ping_status":"open","template":"","meta":[],"product_cat":[246,130],"product_tag":[827,755,876,726],"class_list":["post-10189","product","type-product","status-publish","has-post-thumbnail","hentry","product_cat-alexander","product_cat-gry-dzieciece","product_tag-bajki-dla-niemowlat","product_tag-henryk","product_tag-przyjazn","product_tag-quiz-zemsta"],"_links":{"self":[{"href":"http:\/\/klubmamgdynia.pl\/index.php\/wp-json\/wp\/v2\/product\/10189","targetHints":{"allow":["GET"]}}],"collection":[{"href":"http:\/\/klubmamgdynia.pl\/index.php\/wp-json\/wp\/v2\/product"}],"about":[{"href":"http:\/\/klubmamgdynia.pl\/index.php\/wp-json\/wp\/v2\/types\/product"}],"replies":[{"embeddable":true,"href":"http:\/\/klubmamgdynia.pl\/index.php\/wp-json\/wp\/v2\/comments?post=10189"}],"wp:featuredmedia":[{"embeddable":true,"href":"http:\/\/klubmamgdynia.pl\/index.php\/wp-json\/wp\/v2\/media\/10190"}],"wp:attachment":[{"href":"http:\/\/klubmamgdynia.pl\/index.php\/wp-json\/wp\/v2\/media?parent=10189"}],"wp:term":[{"taxonomy":"product_cat","embeddable":true,"href":"http:\/\/klubmamgdynia.pl\/index.php\/wp-json\/wp\/v2\/product_cat?post=10189"},{"taxonomy":"product_tag","embeddable":true,"href":"http:\/\/klubmamgdynia.pl\/index.php\/wp-json\/wp\/v2\/product_tag?post=10189"}],"curies":[{"name":"wp","href":"https:\/\/api.w.org\/{rel}","templated":true}]}}