{"id":10191,"date":"2011-10-30T03:54:49","date_gmt":"2011-10-30T02:54:49","guid":{"rendered":"http:\/\/klubmamgdynia.pl\/index.php\/produkt\/depesche-zestaw-watercolour-top-model-dragon-love-11879a\/"},"modified":"2026-04-04T05:42:33","modified_gmt":"2026-04-04T03:42:33","slug":"depesche-zestaw-watercolour-top-model-dragon-love-11879a","status":"publish","type":"product","link":"http:\/\/klubmamgdynia.pl\/index.php\/produkt\/depesche-zestaw-watercolour-top-model-dragon-love-11879a\/","title":{"rendered":"Depesche Zestaw Watercolour Top Model Dragon Love 11879A"},"content":{"rendered":"<p>Zestaw Watercolour Top Model Dragon Love z p\u0119dzlem, ok.30 stron. Wystarczy zanurzy\u0107 p\u0119dzelek w wodzie i pomalowa\u0107 linie, by pojawi\u0142y si\u0119 ukryte kolory. Wiek: +5<\/p>\n<h2>Depesche Zestaw Watercolour Top Model Dragon Love 11879A Depesche<\/h2>\n<p>jednoro\u017cec kolorowanka do druku, myszka minnie kolorowanka, mini kanapki dla dzieci, pisanki woskiem wzory<\/p>\n<p>yyyyy<\/p>\n<p>&nbsp;<\/p>\n","protected":false},"excerpt":{"rendered":"<p>Zestaw Watercolour Top Model Dragon Love z p\u0119dzlem, ok.30 stron. Wystarczy zanurzy\u0107 p\u0119dzelek w wodzie i pomalowa\u0107 linie, by pojawi\u0142y si\u0119 ukryte kolory. Wiek: +5 Depesche Zestaw Watercolour Top Model Dragon Love 11879A Depesche jednoro\u017cec kolorowanka do druku, myszka minnie kolorowanka, mini kanapki dla dzieci, pisanki woskiem wzory yyyyy &nbsp;<\/p>\n","protected":false},"featured_media":10192,"comment_status":"closed","ping_status":"open","template":"","meta":[],"product_cat":[1826,21],"product_tag":[680,869,600],"class_list":["post-10191","product","type-product","status-publish","has-post-thumbnail","hentry","product_cat-depesche","product_cat-zabawki-plastyczne","product_tag-cytaty-z-malego-ksiecia","product_tag-zagadki-na-logike","product_tag-zaproszenia-na-urodziny-do-druku"],"_links":{"self":[{"href":"http:\/\/klubmamgdynia.pl\/index.php\/wp-json\/wp\/v2\/product\/10191","targetHints":{"allow":["GET"]}}],"collection":[{"href":"http:\/\/klubmamgdynia.pl\/index.php\/wp-json\/wp\/v2\/product"}],"about":[{"href":"http:\/\/klubmamgdynia.pl\/index.php\/wp-json\/wp\/v2\/types\/product"}],"replies":[{"embeddable":true,"href":"http:\/\/klubmamgdynia.pl\/index.php\/wp-json\/wp\/v2\/comments?post=10191"}],"wp:featuredmedia":[{"embeddable":true,"href":"http:\/\/klubmamgdynia.pl\/index.php\/wp-json\/wp\/v2\/media\/10192"}],"wp:attachment":[{"href":"http:\/\/klubmamgdynia.pl\/index.php\/wp-json\/wp\/v2\/media?parent=10191"}],"wp:term":[{"taxonomy":"product_cat","embeddable":true,"href":"http:\/\/klubmamgdynia.pl\/index.php\/wp-json\/wp\/v2\/product_cat?post=10191"},{"taxonomy":"product_tag","embeddable":true,"href":"http:\/\/klubmamgdynia.pl\/index.php\/wp-json\/wp\/v2\/product_tag?post=10191"}],"curies":[{"name":"wp","href":"https:\/\/api.w.org\/{rel}","templated":true}]}}