{"id":10193,"date":"2024-12-03T06:34:10","date_gmt":"2024-12-03T05:34:10","guid":{"rendered":"http:\/\/klubmamgdynia.pl\/?post_type=product&#038;p=10193"},"modified":"2026-05-01T16:08:48","modified_gmt":"2026-05-01T14:08:48","slug":"russell-zestaw-do-wlosow-z-brokatem","status":"publish","type":"product","link":"http:\/\/klubmamgdynia.pl\/index.php\/produkt\/russell-zestaw-do-wlosow-z-brokatem\/","title":{"rendered":"Russell Zestaw Do W\u0142os\u00f3w Z Brokatem"},"content":{"rendered":"<p>Zestaw do ozdabiania w\u0142os\u00f3w spodoba si\u0119 ka\u017cdej ma\u0142ej mi\u0142o\u015bniczce szalonych dodatk\u00f3w. W zestawie znajduj\u0105 si\u0119 barwniki w neonowych kolorach, kryszta\u0142ki, brokat oraz kolorowe gumeczki. Wszystko bezpieczne i przeznaczone do kontaktu ze sk\u00f3r\u0105! Wiek: 8+<\/p>\n<h2>Russell Zestaw Do W\u0142os\u00f3w Z Brokatem Russell<\/h2>\n<p>m\u0105dre bajki dla dzieci do czytania, jaki prezent na roczek dla dziewczynki, prezent dla nastolatk\u00f3w, gloria imi\u0119, bezwarunkowa mi\u0142o\u015b\u0107 do dziecka cytaty, \u015bmieszne zagadki matematyczne<\/p>\n<p>yyyyy<\/p>\n<p>&nbsp;<\/p>\n","protected":false},"excerpt":{"rendered":"<p>Zestaw do ozdabiania w\u0142os\u00f3w spodoba si\u0119 ka\u017cdej ma\u0142ej mi\u0142o\u015bniczce szalonych dodatk\u00f3w. W zestawie znajduj\u0105 si\u0119 barwniki w neonowych kolorach, kryszta\u0142ki, brokat oraz kolorowe gumeczki. Wszystko bezpieczne i przeznaczone do kontaktu ze sk\u00f3r\u0105! Wiek: 8+ Russell Zestaw Do W\u0142os\u00f3w Z Brokatem Russell m\u0105dre bajki dla dzieci do czytania, jaki prezent na roczek dla dziewczynki, prezent dla [&hellip;]<\/p>\n","protected":false},"featured_media":10194,"comment_status":"closed","ping_status":"open","template":"","meta":[],"product_cat":[422,21],"product_tag":[776,578,755,773,649],"class_list":["post-10193","product","type-product","status-publish","has-post-thumbnail","hentry","product_cat-russell","product_cat-zabawki-plastyczne","product_tag-dobrej-nocy","product_tag-fajne-zarty-na-prima-aprilis","product_tag-henryk","product_tag-test-z-lektury-opowiesci-z-narnii-lew-czarownica-i-stara-szafa","product_tag-zagadki-dla-nastolatkow"],"_links":{"self":[{"href":"http:\/\/klubmamgdynia.pl\/index.php\/wp-json\/wp\/v2\/product\/10193","targetHints":{"allow":["GET"]}}],"collection":[{"href":"http:\/\/klubmamgdynia.pl\/index.php\/wp-json\/wp\/v2\/product"}],"about":[{"href":"http:\/\/klubmamgdynia.pl\/index.php\/wp-json\/wp\/v2\/types\/product"}],"replies":[{"embeddable":true,"href":"http:\/\/klubmamgdynia.pl\/index.php\/wp-json\/wp\/v2\/comments?post=10193"}],"wp:featuredmedia":[{"embeddable":true,"href":"http:\/\/klubmamgdynia.pl\/index.php\/wp-json\/wp\/v2\/media\/10194"}],"wp:attachment":[{"href":"http:\/\/klubmamgdynia.pl\/index.php\/wp-json\/wp\/v2\/media?parent=10193"}],"wp:term":[{"taxonomy":"product_cat","embeddable":true,"href":"http:\/\/klubmamgdynia.pl\/index.php\/wp-json\/wp\/v2\/product_cat?post=10193"},{"taxonomy":"product_tag","embeddable":true,"href":"http:\/\/klubmamgdynia.pl\/index.php\/wp-json\/wp\/v2\/product_tag?post=10193"}],"curies":[{"name":"wp","href":"https:\/\/api.w.org\/{rel}","templated":true}]}}