{"id":10197,"date":"2015-03-03T03:25:41","date_gmt":"2015-03-03T02:25:41","guid":{"rendered":"http:\/\/klubmamgdynia.pl\/index.php\/produkt\/depesche-kolorowanka-z-naklejkami-ylvi-cekinami-na-okladce-11580a\/"},"modified":"2026-04-29T06:14:29","modified_gmt":"2026-04-29T04:14:29","slug":"depesche-kolorowanka-z-naklejkami-ylvi-cekinami-na-okladce-11580a","status":"publish","type":"product","link":"http:\/\/klubmamgdynia.pl\/index.php\/produkt\/depesche-kolorowanka-z-naklejkami-ylvi-cekinami-na-okladce-11580a\/","title":{"rendered":"Depesche Kolorowanka Z Naklejkami Ylvi Cekinami Na Ok\u0142adce 11580A"},"content":{"rendered":"<p>Kolorowanka z pluszowym Jednoro\u017ccem z cekinami na ok\u0142adce, 40 stron do kolorowania i jedna strona z naklejkami.Wiek: +5EAN: 4010070586843<\/p>\n<h2>Depesche Kolorowanka Z Naklejkami Ylvi Cekinami Na Ok\u0142adce 11580A Depesche<\/h2>\n<p>cytaty o wychowaniu i nauczaniu, test miko\u0142ajek 25 pyta\u0144, zagadki o wielkanocy dla dzieci, zagadki dla 9 latk\u00f3w, kajko i kokosz szko\u0142a latania &#8211; test do wydruku, lol surprise kolorowanka, myszka minnie kolorowanka, pomys\u0142 na prezent dla nastolatki, kolorowanka kotki<\/p>\n<p>yyyyy<\/p>\n<p>&nbsp;<\/p>\n","protected":false},"excerpt":{"rendered":"<p>Kolorowanka z pluszowym Jednoro\u017ccem z cekinami na ok\u0142adce, 40 stron do kolorowania i jedna strona z naklejkami.Wiek: +5EAN: 4010070586843 Depesche Kolorowanka Z Naklejkami Ylvi Cekinami Na Ok\u0142adce 11580A Depesche cytaty o wychowaniu i nauczaniu, test miko\u0142ajek 25 pyta\u0144, zagadki o wielkanocy dla dzieci, zagadki dla 9 latk\u00f3w, kajko i kokosz szko\u0142a latania &#8211; test do [&hellip;]<\/p>\n","protected":false},"featured_media":10198,"comment_status":"closed","ping_status":"open","template":"","meta":[],"product_cat":[1826,21],"product_tag":[658,609,659,725],"class_list":["post-10197","product","type-product","status-publish","has-post-thumbnail","hentry","product_cat-depesche","product_cat-zabawki-plastyczne","product_tag-alan-znaczenie-imienia","product_tag-quiz-flagi-europy","product_tag-tupu-tup-po-sniegu-tekst","product_tag-zgadywanki"],"_links":{"self":[{"href":"http:\/\/klubmamgdynia.pl\/index.php\/wp-json\/wp\/v2\/product\/10197","targetHints":{"allow":["GET"]}}],"collection":[{"href":"http:\/\/klubmamgdynia.pl\/index.php\/wp-json\/wp\/v2\/product"}],"about":[{"href":"http:\/\/klubmamgdynia.pl\/index.php\/wp-json\/wp\/v2\/types\/product"}],"replies":[{"embeddable":true,"href":"http:\/\/klubmamgdynia.pl\/index.php\/wp-json\/wp\/v2\/comments?post=10197"}],"wp:featuredmedia":[{"embeddable":true,"href":"http:\/\/klubmamgdynia.pl\/index.php\/wp-json\/wp\/v2\/media\/10198"}],"wp:attachment":[{"href":"http:\/\/klubmamgdynia.pl\/index.php\/wp-json\/wp\/v2\/media?parent=10197"}],"wp:term":[{"taxonomy":"product_cat","embeddable":true,"href":"http:\/\/klubmamgdynia.pl\/index.php\/wp-json\/wp\/v2\/product_cat?post=10197"},{"taxonomy":"product_tag","embeddable":true,"href":"http:\/\/klubmamgdynia.pl\/index.php\/wp-json\/wp\/v2\/product_tag?post=10197"}],"curies":[{"name":"wp","href":"https:\/\/api.w.org\/{rel}","templated":true}]}}