{"id":10199,"date":"2014-12-31T16:44:00","date_gmt":"2014-12-31T15:44:00","guid":{"rendered":"http:\/\/klubmamgdynia.pl\/index.php\/produkt\/depesche-zestaw-aqua-magic-mimi-z-dlugopisem-do-napelniania-woda-11596a\/"},"modified":"2026-04-24T05:13:28","modified_gmt":"2026-04-24T03:13:28","slug":"depesche-zestaw-aqua-magic-mimi-z-dlugopisem-do-napelniania-woda-11596a","status":"publish","type":"product","link":"http:\/\/klubmamgdynia.pl\/index.php\/produkt\/depesche-zestaw-aqua-magic-mimi-z-dlugopisem-do-napelniania-woda-11596a\/","title":{"rendered":"Depesche Zestaw Aqua Magic Mimi Z D\u0142ugopisem Do Nape\u0142niania Wod\u0105 11596A"},"content":{"rendered":"<p>Aqua Magic Book Mimi. Ksi\u0105\u017ceczka ze specjalnym flamastrem, kt\u00f3ry nape\u0142nia si\u0119 wod\u0105. Po pomalowaniu rysunk\u00f3w flamastrem wida\u0107 kolorowe rysunki i magiczne kszta\u0142ty. Gdy papier wyschnie tylko kontury s\u0105 widoczne&#8230;.<\/p>\n<h2>Depesche Zestaw Aqua Magic Mimi Z D\u0142ugopisem Do Nape\u0142niania Wod\u0105 11596A Depesche<\/h2>\n<p>dinozaury kolorowanki, quiz z bajek, zaj\u0105czek z jajka ugotowanego, atrakcje do 30 km od wroc\u0142awia, minionki kolorowanka, kuchcikowo przepisy dla dzieci, magiczne drzewo czerwone krzes\u0142o test, kolorowanka piesek, prezenty dla 16 latki, opowie\u015bci z narnii lew czarownica i stara szafa quiz, co kupic 7 latkowi pod choinke, ch\u0142opcy z placu broni &#8211; test, pu\u0142tusk atrakcje dla dzieci, zagadki na logik\u0119, test z lektury asiunia, calineczka test z odpowiedziami, wzruszaj\u0105c\u0105 piosenka dla taty, rysunek kota<\/p>\n<p>yyyyy<\/p>\n<p>&nbsp;<\/p>\n","protected":false},"excerpt":{"rendered":"<p>Aqua Magic Book Mimi. Ksi\u0105\u017ceczka ze specjalnym flamastrem, kt\u00f3ry nape\u0142nia si\u0119 wod\u0105. Po pomalowaniu rysunk\u00f3w flamastrem wida\u0107 kolorowe rysunki i magiczne kszta\u0142ty. Gdy papier wyschnie tylko kontury s\u0105 widoczne&#8230;. Depesche Zestaw Aqua Magic Mimi Z D\u0142ugopisem Do Nape\u0142niania Wod\u0105 11596A Depesche dinozaury kolorowanki, quiz z bajek, zaj\u0105czek z jajka ugotowanego, atrakcje do 30 km od [&hellip;]<\/p>\n","protected":false},"featured_media":10200,"comment_status":"closed","ping_status":"open","template":"","meta":[],"product_cat":[1826,21],"product_tag":[580,605,742,594,596,803],"class_list":["post-10199","product","type-product","status-publish","has-post-thumbnail","hentry","product_cat-depesche","product_cat-zabawki-plastyczne","product_tag-janusz","product_tag-milena","product_tag-piosenki-dla-dzieci-tekst","product_tag-podchwytliwe-zagadki-dla-dzieci","product_tag-pomysly-na-prima-aprilis","product_tag-szlaczki-do-druku"],"_links":{"self":[{"href":"http:\/\/klubmamgdynia.pl\/index.php\/wp-json\/wp\/v2\/product\/10199","targetHints":{"allow":["GET"]}}],"collection":[{"href":"http:\/\/klubmamgdynia.pl\/index.php\/wp-json\/wp\/v2\/product"}],"about":[{"href":"http:\/\/klubmamgdynia.pl\/index.php\/wp-json\/wp\/v2\/types\/product"}],"replies":[{"embeddable":true,"href":"http:\/\/klubmamgdynia.pl\/index.php\/wp-json\/wp\/v2\/comments?post=10199"}],"wp:featuredmedia":[{"embeddable":true,"href":"http:\/\/klubmamgdynia.pl\/index.php\/wp-json\/wp\/v2\/media\/10200"}],"wp:attachment":[{"href":"http:\/\/klubmamgdynia.pl\/index.php\/wp-json\/wp\/v2\/media?parent=10199"}],"wp:term":[{"taxonomy":"product_cat","embeddable":true,"href":"http:\/\/klubmamgdynia.pl\/index.php\/wp-json\/wp\/v2\/product_cat?post=10199"},{"taxonomy":"product_tag","embeddable":true,"href":"http:\/\/klubmamgdynia.pl\/index.php\/wp-json\/wp\/v2\/product_tag?post=10199"}],"curies":[{"name":"wp","href":"https:\/\/api.w.org\/{rel}","templated":true}]}}