{"id":1020,"date":"2018-03-31T05:05:35","date_gmt":"2018-03-31T03:05:35","guid":{"rendered":"http:\/\/klubmamgdynia.pl\/index.php\/produkt\/simba-lalka-nbb-doktor-z-akcesoriami\/"},"modified":"2026-04-06T14:03:05","modified_gmt":"2026-04-06T12:03:05","slug":"simba-lalka-nbb-doktor-z-akcesoriami","status":"publish","type":"product","link":"http:\/\/klubmamgdynia.pl\/index.php\/produkt\/simba-lalka-nbb-doktor-z-akcesoriami\/","title":{"rendered":"Simba Lalka NBB Doktor z akcesoriami"},"content":{"rendered":"<p>Mi\u0119kka lalka robi\u0105ca siusiu, z akcesoriami, w tym stetoskopz funkcj\u0105 d\u017awi\u0119kow\u0105,Wymiar: 38 cm,Dla dzieci w wieku: 3+<\/p>\n<h2>Simba Lalka NBB Doktor z akcesoriami Simba<\/h2>\n<p>ci\u0119\u017ckie zagadki, znaczenie imiona justyna, rysunki dla pocz\u0105tkuj\u0105cych, bajki dla niemowl\u0105t do czytania, alfabet kolorowanki, kubu\u015b puchatek cytaty, irma, wzruszaj\u0105ce teksty dla mamy, kolorowanki patriotyczne symbole narodowe kolorowanka, zagadki wielkanocne dla dzieci, krok jak narysowa\u0107 konia, szopka do druku, pytania logiczne, zagadki dla dzieci 5 lat, piosenki dla dzieci o jesieni, filmy disneya, pola imi\u0119, nietypowe imiona damskie<\/p>\n<p>yyyyy<\/p>\n<p>&nbsp;<\/p>\n","protected":false},"excerpt":{"rendered":"<p>Mi\u0119kka lalka robi\u0105ca siusiu, z akcesoriami, w tym stetoskopz funkcj\u0105 d\u017awi\u0119kow\u0105,Wymiar: 38 cm,Dla dzieci w wieku: 3+ Simba Lalka NBB Doktor z akcesoriami Simba ci\u0119\u017ckie zagadki, znaczenie imiona justyna, rysunki dla pocz\u0105tkuj\u0105cych, bajki dla niemowl\u0105t do czytania, alfabet kolorowanki, kubu\u015b puchatek cytaty, irma, wzruszaj\u0105ce teksty dla mamy, kolorowanki patriotyczne symbole narodowe kolorowanka, zagadki wielkanocne dla [&hellip;]<\/p>\n","protected":false},"featured_media":1021,"comment_status":"closed","ping_status":"open","template":"","meta":[],"product_cat":[65,279],"product_tag":[787,745,708],"class_list":["post-1020","product","type-product","status-publish","has-post-thumbnail","hentry","product_cat-lalki","product_cat-simba","product_tag-nauka-pisania-wyrazow-dla-dzieci-do-druku-pdf","product_tag-prezent-dla-15-latki","product_tag-zabawy-ruchowe-dla-dzieci"],"_links":{"self":[{"href":"http:\/\/klubmamgdynia.pl\/index.php\/wp-json\/wp\/v2\/product\/1020","targetHints":{"allow":["GET"]}}],"collection":[{"href":"http:\/\/klubmamgdynia.pl\/index.php\/wp-json\/wp\/v2\/product"}],"about":[{"href":"http:\/\/klubmamgdynia.pl\/index.php\/wp-json\/wp\/v2\/types\/product"}],"replies":[{"embeddable":true,"href":"http:\/\/klubmamgdynia.pl\/index.php\/wp-json\/wp\/v2\/comments?post=1020"}],"wp:featuredmedia":[{"embeddable":true,"href":"http:\/\/klubmamgdynia.pl\/index.php\/wp-json\/wp\/v2\/media\/1021"}],"wp:attachment":[{"href":"http:\/\/klubmamgdynia.pl\/index.php\/wp-json\/wp\/v2\/media?parent=1020"}],"wp:term":[{"taxonomy":"product_cat","embeddable":true,"href":"http:\/\/klubmamgdynia.pl\/index.php\/wp-json\/wp\/v2\/product_cat?post=1020"},{"taxonomy":"product_tag","embeddable":true,"href":"http:\/\/klubmamgdynia.pl\/index.php\/wp-json\/wp\/v2\/product_tag?post=1020"}],"curies":[{"name":"wp","href":"https:\/\/api.w.org\/{rel}","templated":true}]}}