{"id":10201,"date":"2017-09-19T12:46:45","date_gmt":"2017-09-19T10:46:45","guid":{"rendered":"http:\/\/klubmamgdynia.pl\/index.php\/produkt\/multigra-zagraj-ze-mna-zwierzaki-rozrabiaki-0089\/"},"modified":"2026-05-01T17:57:17","modified_gmt":"2026-05-01T15:57:17","slug":"multigra-zagraj-ze-mna-zwierzaki-rozrabiaki-0089","status":"publish","type":"product","link":"http:\/\/klubmamgdynia.pl\/index.php\/produkt\/multigra-zagraj-ze-mna-zwierzaki-rozrabiaki-0089\/","title":{"rendered":"Multigra Zagraj ze mn\u0105 Zwierzaki Rozrabiaki 0089"},"content":{"rendered":"<p>Zwierzaki RozrabiakiEmocjonuj\u0105ca gra towarzyska zapewniaj\u0105ca du\u017c\u0105 dawk\u0119 \u015bmiechu. Jest to edukacyjna wersja klasycznej gry \u201epami\u0119\u0107\u201d po\u0142\u0105czona z \u0107wiczeniami ortofonicznymi, kt\u00f3re dbaj\u0105 o prawid\u0142owe dzia\u0142anie aparatu artykulacyjnego, \u0107wicz\u0105 mi\u0119\u015bnie narz\u0105d\u00f3w mowy, wyd\u0142u\u017caj\u0105 faz\u0119 wdechow\u0105 i wydechow\u0105 oraz zapewniaj\u0105 prawid\u0142owe wybrzmiewanie grup sp\u00f3\u0142g\u0142oskowych. Odnajd\u017a par\u0119 zwierz\u0105t i na\u015bladuj ich d\u017awi\u0119ki, a wygrana b\u0119dzie twoja. Zabaw\u0119 uprzyjemniaj\u0105 proste i kolorowe rysunki.Zawarto\u015b\u0107 opakowaniailustrowane tabliczki zezwierz\u0119tami \u2013 40 szt.,instrukcja.<\/p>\n<h2>Multigra Zagraj ze mn\u0105 Zwierzaki Rozrabiaki 0089 Multigra<\/h2>\n<p>zagadki dla 5 latka, prezenty urodzinowe dla nastolatk\u00f3w, korczak cytaty, sky kolorowanka, zabawy ruchowe dla dzieci w wieku szkolnym, quiz online, quiz o usa, antystresowe mandale do druku, ziemia wyspa zielona tekst<\/p>\n<p>yyyyy<\/p>\n<p>&nbsp;<\/p>\n","protected":false},"excerpt":{"rendered":"<p>Zwierzaki RozrabiakiEmocjonuj\u0105ca gra towarzyska zapewniaj\u0105ca du\u017c\u0105 dawk\u0119 \u015bmiechu. Jest to edukacyjna wersja klasycznej gry \u201epami\u0119\u0107\u201d po\u0142\u0105czona z \u0107wiczeniami ortofonicznymi, kt\u00f3re dbaj\u0105 o prawid\u0142owe dzia\u0142anie aparatu artykulacyjnego, \u0107wicz\u0105 mi\u0119\u015bnie narz\u0105d\u00f3w mowy, wyd\u0142u\u017caj\u0105 faz\u0119 wdechow\u0105 i wydechow\u0105 oraz zapewniaj\u0105 prawid\u0142owe wybrzmiewanie grup sp\u00f3\u0142g\u0142oskowych. Odnajd\u017a par\u0119 zwierz\u0105t i na\u015bladuj ich d\u017awi\u0119ki, a wygrana b\u0119dzie twoja. Zabaw\u0119 uprzyjemniaj\u0105 proste [&hellip;]<\/p>\n","protected":false},"featured_media":10202,"comment_status":"closed","ping_status":"open","template":"","meta":[],"product_cat":[130,1885],"product_tag":[777,719,842,774,602],"class_list":["post-10201","product","type-product","status-publish","has-post-thumbnail","hentry","product_cat-gry-dzieciece","product_cat-multigra","product_tag-co-na-roczek","product_tag-dziecko-cytaty-zlote-mysli","product_tag-plac-zabaw-poznan","product_tag-prezent-na-roczek-nie-zabawka","product_tag-quiz-o-zwierzetach-domowych"],"_links":{"self":[{"href":"http:\/\/klubmamgdynia.pl\/index.php\/wp-json\/wp\/v2\/product\/10201","targetHints":{"allow":["GET"]}}],"collection":[{"href":"http:\/\/klubmamgdynia.pl\/index.php\/wp-json\/wp\/v2\/product"}],"about":[{"href":"http:\/\/klubmamgdynia.pl\/index.php\/wp-json\/wp\/v2\/types\/product"}],"replies":[{"embeddable":true,"href":"http:\/\/klubmamgdynia.pl\/index.php\/wp-json\/wp\/v2\/comments?post=10201"}],"wp:featuredmedia":[{"embeddable":true,"href":"http:\/\/klubmamgdynia.pl\/index.php\/wp-json\/wp\/v2\/media\/10202"}],"wp:attachment":[{"href":"http:\/\/klubmamgdynia.pl\/index.php\/wp-json\/wp\/v2\/media?parent=10201"}],"wp:term":[{"taxonomy":"product_cat","embeddable":true,"href":"http:\/\/klubmamgdynia.pl\/index.php\/wp-json\/wp\/v2\/product_cat?post=10201"},{"taxonomy":"product_tag","embeddable":true,"href":"http:\/\/klubmamgdynia.pl\/index.php\/wp-json\/wp\/v2\/product_tag?post=10201"}],"curies":[{"name":"wp","href":"https:\/\/api.w.org\/{rel}","templated":true}]}}