{"id":10203,"date":"2024-05-02T10:33:21","date_gmt":"2024-05-02T08:33:21","guid":{"rendered":"http:\/\/klubmamgdynia.pl\/?post_type=product&#038;p=10203"},"modified":"2026-04-06T20:44:23","modified_gmt":"2026-04-06T18:44:23","slug":"koperta-a5-na-nape-z-nadrukiem-pp-space","status":"publish","type":"product","link":"http:\/\/klubmamgdynia.pl\/index.php\/produkt\/koperta-a5-na-nape-z-nadrukiem-pp-space\/","title":{"rendered":"Koperta A5 Na Nap\u0119 Z Nadrukiem Pp Space"},"content":{"rendered":"<p>&#8211; wykonana z nadrukowanego PP o grubo\u015bci 180 mic- zamykan\u0105 na nap\u0119- pojemno\u015b\u0107 120 kartek<\/p>\n<h2>Koperta A5 Na Nap\u0119 Z Nadrukiem Pp Space Panta Plast<\/h2>\n<p>spongebob kolorowanka, znajd\u017a r\u00f3\u017cnice do druku, jak si\u0119 rysuje kota, kr\u00f3tkie bajki dla dzieci, zagadki wiosenne dla dzieci, quiz bo\u017ce narodzenie, zagadki halloween dla dzieci, kiekrz, kolorowanki lol do druku, stare piosenki dla dzieci teksty, jak narysowa\u0107 konia, estera, dobranoc zimowo, choinka kolorowanka szablon, zagadki do rozwi\u0105zania, zagadki do rozwi\u0105zania, kornelia, cytaty o wychowaniu i nauczaniu, zaproszenie na urodziny dziecka tekst do druku, wroclaw atrakcje dla dzieci<\/p>\n<p>yyyyy<\/p>\n<p>&nbsp;<\/p>\n","protected":false},"excerpt":{"rendered":"<p>&#8211; wykonana z nadrukowanego PP o grubo\u015bci 180 mic- zamykan\u0105 na nap\u0119- pojemno\u015b\u0107 120 kartek Koperta A5 Na Nap\u0119 Z Nadrukiem Pp Space Panta Plast spongebob kolorowanka, znajd\u017a r\u00f3\u017cnice do druku, jak si\u0119 rysuje kota, kr\u00f3tkie bajki dla dzieci, zagadki wiosenne dla dzieci, quiz bo\u017ce narodzenie, zagadki halloween dla dzieci, kiekrz, kolorowanki lol do druku, [&hellip;]<\/p>\n","protected":false},"featured_media":10204,"comment_status":"closed","ping_status":"open","template":"","meta":[],"product_cat":[1897,1896],"product_tag":[580,847,642,652,586],"class_list":["post-10203","product","type-product","status-publish","has-post-thumbnail","hentry","product_cat-pakowanie-i-wysylka","product_cat-panta-plast","product_tag-janusz","product_tag-kolorowanki-pokemon","product_tag-mia-imie","product_tag-otto","product_tag-smieszne-zagadki"],"_links":{"self":[{"href":"http:\/\/klubmamgdynia.pl\/index.php\/wp-json\/wp\/v2\/product\/10203","targetHints":{"allow":["GET"]}}],"collection":[{"href":"http:\/\/klubmamgdynia.pl\/index.php\/wp-json\/wp\/v2\/product"}],"about":[{"href":"http:\/\/klubmamgdynia.pl\/index.php\/wp-json\/wp\/v2\/types\/product"}],"replies":[{"embeddable":true,"href":"http:\/\/klubmamgdynia.pl\/index.php\/wp-json\/wp\/v2\/comments?post=10203"}],"wp:featuredmedia":[{"embeddable":true,"href":"http:\/\/klubmamgdynia.pl\/index.php\/wp-json\/wp\/v2\/media\/10204"}],"wp:attachment":[{"href":"http:\/\/klubmamgdynia.pl\/index.php\/wp-json\/wp\/v2\/media?parent=10203"}],"wp:term":[{"taxonomy":"product_cat","embeddable":true,"href":"http:\/\/klubmamgdynia.pl\/index.php\/wp-json\/wp\/v2\/product_cat?post=10203"},{"taxonomy":"product_tag","embeddable":true,"href":"http:\/\/klubmamgdynia.pl\/index.php\/wp-json\/wp\/v2\/product_tag?post=10203"}],"curies":[{"name":"wp","href":"https:\/\/api.w.org\/{rel}","templated":true}]}}