{"id":10205,"date":"2023-11-19T22:08:17","date_gmt":"2023-11-19T21:08:17","guid":{"rendered":"http:\/\/klubmamgdynia.pl\/?post_type=product&#038;p=10205"},"modified":"2026-05-17T22:46:32","modified_gmt":"2026-05-17T20:46:32","slug":"plus-z-zestaw-kreatywny-miss-melody-0128a","status":"publish","type":"product","link":"http:\/\/klubmamgdynia.pl\/index.php\/produkt\/plus-z-zestaw-kreatywny-miss-melody-0128a\/","title":{"rendered":"Plus-Z Zestaw Kreatywny Miss Melody 0128A"},"content":{"rendered":"<p>Miss Melody &#8211; Konie Ksi\u0105\u017cka z zadaniami to \u015bwietna kolorowanka i uk\u0142adanka na temat farmy koni panny Melody i Sienny. Ksi\u0105\u017cka zawiera wiele obrazk\u00f3w do kolorowania, ale tak\u017ce zagadek liczbowych i labirynt\u00f3w. Zabawka przeznaczona jest dla dzieci w wieku od 6 lat. Producent: DEPESCHE Kod producenta: DEP 10128 Wymiary opakowania: 27\u00d721\u00d71cm<\/p>\n<h2>Plus-Z Zestaw Kreatywny Miss Melody 0128A Depesche<\/h2>\n<p>pomys\u0142y na prezent dla nastolatk\u00f3w, sk\u0142adniki do pizzy kolorowanka, gotowe zaproszenia na urodziny do wydrukowania, wzruszajace cytaty o rodzinie, lektura asiunia &#8211; test, zagadki rymowanki dla dzieci, bajki z misiami, kolorowanka minionki, wierszyki na smigus dyngus, adrian imie, znajd\u017a r\u00f3\u017cnice do druku, walentynka kolorowanka, \u015bmigus dyngus lany poniedzia\u0142ek zyczenia, test z lektury opowie\u015bci z narnii lew czarownica i stara szafa z odpowiedziami, wielkanocne zagadki<\/p>\n<p>yyyyy<\/p>\n<p>&nbsp;<\/p>\n","protected":false},"excerpt":{"rendered":"<p>Miss Melody &#8211; Konie Ksi\u0105\u017cka z zadaniami to \u015bwietna kolorowanka i uk\u0142adanka na temat farmy koni panny Melody i Sienny. Ksi\u0105\u017cka zawiera wiele obrazk\u00f3w do kolorowania, ale tak\u017ce zagadek liczbowych i labirynt\u00f3w. Zabawka przeznaczona jest dla dzieci w wieku od 6 lat. Producent: DEPESCHE Kod producenta: DEP 10128 Wymiary opakowania: 27\u00d721\u00d71cm Plus-Z Zestaw Kreatywny Miss [&hellip;]<\/p>\n","protected":false},"featured_media":10206,"comment_status":"closed","ping_status":"open","template":"","meta":[],"product_cat":[1826,21],"product_tag":[865,614,684,703,647,767],"class_list":["post-10205","product","type-product","status-publish","has-post-thumbnail","hentry","product_cat-depesche","product_cat-zabawki-plastyczne","product_tag-cytaty-o-dzieciach","product_tag-pia","product_tag-prezent-dla-dziewczynki-na-roczek","product_tag-prezent-dla-nastolatki","product_tag-warszawa-z-dzieckiem","product_tag-zaproszenia-urodzinowe-do-druku"],"_links":{"self":[{"href":"http:\/\/klubmamgdynia.pl\/index.php\/wp-json\/wp\/v2\/product\/10205","targetHints":{"allow":["GET"]}}],"collection":[{"href":"http:\/\/klubmamgdynia.pl\/index.php\/wp-json\/wp\/v2\/product"}],"about":[{"href":"http:\/\/klubmamgdynia.pl\/index.php\/wp-json\/wp\/v2\/types\/product"}],"replies":[{"embeddable":true,"href":"http:\/\/klubmamgdynia.pl\/index.php\/wp-json\/wp\/v2\/comments?post=10205"}],"wp:featuredmedia":[{"embeddable":true,"href":"http:\/\/klubmamgdynia.pl\/index.php\/wp-json\/wp\/v2\/media\/10206"}],"wp:attachment":[{"href":"http:\/\/klubmamgdynia.pl\/index.php\/wp-json\/wp\/v2\/media?parent=10205"}],"wp:term":[{"taxonomy":"product_cat","embeddable":true,"href":"http:\/\/klubmamgdynia.pl\/index.php\/wp-json\/wp\/v2\/product_cat?post=10205"},{"taxonomy":"product_tag","embeddable":true,"href":"http:\/\/klubmamgdynia.pl\/index.php\/wp-json\/wp\/v2\/product_tag?post=10205"}],"curies":[{"name":"wp","href":"https:\/\/api.w.org\/{rel}","templated":true}]}}