{"id":10207,"date":"2021-08-23T18:41:10","date_gmt":"2021-08-23T16:41:10","guid":{"rendered":"http:\/\/klubmamgdynia.pl\/index.php\/produkt\/depesche-zestaw-kreatywny-z-brokatowymi-foliami-fantasy-model-10351a\/"},"modified":"2026-05-17T22:02:41","modified_gmt":"2026-05-17T20:02:41","slug":"depesche-zestaw-kreatywny-z-brokatowymi-foliami-fantasy-model-10351a","status":"publish","type":"product","link":"http:\/\/klubmamgdynia.pl\/index.php\/produkt\/depesche-zestaw-kreatywny-z-brokatowymi-foliami-fantasy-model-10351a\/","title":{"rendered":"Depesche Zestaw Kreatywny Z Brokatowymi Foliami Fantasy Model 10351A"},"content":{"rendered":"<p>Fantasy Model &#8211; Fantazyjne folie 4x2szt to super zestaw kreatywny z brokatowymi foliami do tworzenia efekt\u00f3w Fantasy Model Brokatowe folie b\u0119d\u0105 dobr\u0105 zabaw\u0105 dla wszystkich fan\u00f3w TOPModel. Mo\u017cesz ozdobi\u0107 swoje projekty przy u\u017cyciu brokatowych folii. Wystarczy przy\u0142o\u017cy\u0107 wybran\u0105 foli\u0119 do strony i potrze\u0107 opuszkiem palca \u017ceby si\u0119 odbi\u0142a. Zabawka przeznaczona jest dla dzieci w wieku od 3 lat. Producent: DEPESCHE Kod producenta: DEP 10351 Wymiary opakowania: 21\u00d717\u00d71cm<\/p>\n<h2>Depesche Zestaw Kreatywny Z Brokatowymi Foliami Fantasy Model 10351A Depesche<\/h2>\n<p>nasza zima z\u0142a tekst, cytaty o nauczycielach, test z opowie\u015bci z narnii lew czarownica i stara szafa, krotkie zagadki, oliwier znaczenie imienia, szlaczki literopodobne, bursztynek, mini zoo dolno\u015bl\u0105skie, kartka walentynkowa r\u0119cznie robiona \u0142atwa<\/p>\n<p>yyyyy<\/p>\n<p>&nbsp;<\/p>\n","protected":false},"excerpt":{"rendered":"<p>Fantasy Model &#8211; Fantazyjne folie 4x2szt to super zestaw kreatywny z brokatowymi foliami do tworzenia efekt\u00f3w Fantasy Model Brokatowe folie b\u0119d\u0105 dobr\u0105 zabaw\u0105 dla wszystkich fan\u00f3w TOPModel. Mo\u017cesz ozdobi\u0107 swoje projekty przy u\u017cyciu brokatowych folii. Wystarczy przy\u0142o\u017cy\u0107 wybran\u0105 foli\u0119 do strony i potrze\u0107 opuszkiem palca \u017ceby si\u0119 odbi\u0142a. Zabawka przeznaczona jest dla dzieci w wieku [&hellip;]<\/p>\n","protected":false},"featured_media":10208,"comment_status":"closed","ping_status":"open","template":"","meta":[],"product_cat":[1826,21],"product_tag":[865,818,812,725,615],"class_list":["post-10207","product","type-product","status-publish","has-post-thumbnail","hentry","product_cat-depesche","product_cat-zabawki-plastyczne","product_tag-cytaty-o-dzieciach","product_tag-oliwier","product_tag-zagadki-logiczne-na-inteligencje","product_tag-zgadywanki","product_tag-znane-misie-z-filmow-animowanych"],"_links":{"self":[{"href":"http:\/\/klubmamgdynia.pl\/index.php\/wp-json\/wp\/v2\/product\/10207","targetHints":{"allow":["GET"]}}],"collection":[{"href":"http:\/\/klubmamgdynia.pl\/index.php\/wp-json\/wp\/v2\/product"}],"about":[{"href":"http:\/\/klubmamgdynia.pl\/index.php\/wp-json\/wp\/v2\/types\/product"}],"replies":[{"embeddable":true,"href":"http:\/\/klubmamgdynia.pl\/index.php\/wp-json\/wp\/v2\/comments?post=10207"}],"wp:featuredmedia":[{"embeddable":true,"href":"http:\/\/klubmamgdynia.pl\/index.php\/wp-json\/wp\/v2\/media\/10208"}],"wp:attachment":[{"href":"http:\/\/klubmamgdynia.pl\/index.php\/wp-json\/wp\/v2\/media?parent=10207"}],"wp:term":[{"taxonomy":"product_cat","embeddable":true,"href":"http:\/\/klubmamgdynia.pl\/index.php\/wp-json\/wp\/v2\/product_cat?post=10207"},{"taxonomy":"product_tag","embeddable":true,"href":"http:\/\/klubmamgdynia.pl\/index.php\/wp-json\/wp\/v2\/product_tag?post=10207"}],"curies":[{"name":"wp","href":"https:\/\/api.w.org\/{rel}","templated":true}]}}