{"id":10209,"date":"2019-03-21T12:29:51","date_gmt":"2019-03-21T11:29:51","guid":{"rendered":"http:\/\/klubmamgdynia.pl\/index.php\/produkt\/paso-piornik-owalny-nasa-bu22ns-013\/"},"modified":"2026-04-24T04:20:23","modified_gmt":"2026-04-24T02:20:23","slug":"paso-piornik-owalny-nasa-bu22ns-013","status":"publish","type":"product","link":"http:\/\/klubmamgdynia.pl\/index.php\/produkt\/paso-piornik-owalny-nasa-bu22ns-013\/","title":{"rendered":"Paso Pi\u00f3rnik Owalny Nasa Bu22Ns 013"},"content":{"rendered":"<p>Pi\u00f3rnik &#8211; przybornik na dodatkowe akcesoria szkolne.Wewn\u0105trz klapka z gumkami do o\u0142owk\u00f3w i d\u0142ugopis\u00f3w z jednej strony oraz z kieszonk\u0105 na zamek z siatki z drugiej.Wymiar: 23x10x6 cmMaterial: poliester<\/p>\n<h2>Paso Pi\u00f3rnik Owalny Nasa Bu22Ns 013 Paso<\/h2>\n<p>opis do zdj\u0119cia dziecka na fb, zagadki wiosenne dla dzieci, opisy do zdj\u0119\u0107 z dzieckiem, ci\u0119\u017ckie zagadki, psi patrol do czytania, tekst ko\u0142ysanki, misie z film\u00f3w animowanych, gabriel imi\u0119, dobrej nocy, bruno, liwia, pikachu kolorowanka, rzadkie imiona \u017ce\u0144skie polskie, smieszne zagadki, kolorowanka lol, cytaty o wychowaniu dzieci, prezenty dla nastolatk\u00f3w na dzie\u0144 dziecka, fajne prezenty dla nastolatk\u00f3w, quiz o flagach, dekorowanie kanapek dla dzieci, \u0142amig\u0142\u00f3wki dla dzieci<\/p>\n<p>yyyyy<\/p>\n<p>&nbsp;<\/p>\n","protected":false},"excerpt":{"rendered":"<p>Pi\u00f3rnik &#8211; przybornik na dodatkowe akcesoria szkolne.Wewn\u0105trz klapka z gumkami do o\u0142owk\u00f3w i d\u0142ugopis\u00f3w z jednej strony oraz z kieszonk\u0105 na zamek z siatki z drugiej.Wymiar: 23x10x6 cmMaterial: poliester Paso Pi\u00f3rnik Owalny Nasa Bu22Ns 013 Paso opis do zdj\u0119cia dziecka na fb, zagadki wiosenne dla dzieci, opisy do zdj\u0119\u0107 z dzieckiem, ci\u0119\u017ckie zagadki, psi patrol [&hellip;]<\/p>\n","protected":false},"featured_media":10210,"comment_status":"closed","ping_status":"open","template":"","meta":[],"product_cat":[1420,976],"product_tag":[670,690,842,687],"class_list":["post-10209","product","type-product","status-publish","has-post-thumbnail","hentry","product_cat-paso","product_cat-piorniki","product_tag-irma","product_tag-pieski-male-dwa-tekst","product_tag-plac-zabaw-poznan","product_tag-podchwytliwe-zagadki-matematyczne"],"_links":{"self":[{"href":"http:\/\/klubmamgdynia.pl\/index.php\/wp-json\/wp\/v2\/product\/10209","targetHints":{"allow":["GET"]}}],"collection":[{"href":"http:\/\/klubmamgdynia.pl\/index.php\/wp-json\/wp\/v2\/product"}],"about":[{"href":"http:\/\/klubmamgdynia.pl\/index.php\/wp-json\/wp\/v2\/types\/product"}],"replies":[{"embeddable":true,"href":"http:\/\/klubmamgdynia.pl\/index.php\/wp-json\/wp\/v2\/comments?post=10209"}],"wp:featuredmedia":[{"embeddable":true,"href":"http:\/\/klubmamgdynia.pl\/index.php\/wp-json\/wp\/v2\/media\/10210"}],"wp:attachment":[{"href":"http:\/\/klubmamgdynia.pl\/index.php\/wp-json\/wp\/v2\/media?parent=10209"}],"wp:term":[{"taxonomy":"product_cat","embeddable":true,"href":"http:\/\/klubmamgdynia.pl\/index.php\/wp-json\/wp\/v2\/product_cat?post=10209"},{"taxonomy":"product_tag","embeddable":true,"href":"http:\/\/klubmamgdynia.pl\/index.php\/wp-json\/wp\/v2\/product_tag?post=10209"}],"curies":[{"name":"wp","href":"https:\/\/api.w.org\/{rel}","templated":true}]}}