{"id":10211,"date":"2016-10-26T18:58:10","date_gmt":"2016-10-26T16:58:10","guid":{"rendered":"http:\/\/klubmamgdynia.pl\/index.php\/produkt\/amos-pedzle-szkolne-gr-fb5-5sztuk-fiorello-170-2215\/"},"modified":"2026-04-06T04:54:41","modified_gmt":"2026-04-06T02:54:41","slug":"amos-pedzle-szkolne-gr-fb5-5sztuk-fiorello-170-2215","status":"publish","type":"product","link":"http:\/\/klubmamgdynia.pl\/index.php\/produkt\/amos-pedzle-szkolne-gr-fb5-5sztuk-fiorello-170-2215\/","title":{"rendered":"Amos P\u0119dzle Szkolne Gr-Fb5 \/5Sztuk\/ Fiorello 170-2215"},"content":{"rendered":"<p>Zestaw p\u0119dzelk\u00f3w w kr\u00f3tkich, kolorowych uchwytach z przezroczystego plastiku. Parametry: \u2013 nylonowe w\u0142osie w kolorze uchwytu \u2013 do r\u00f3\u017cnych technik malarskich \u2013 por\u0119czne &#8211; mieszcz\u0105 si\u0119 w ka\u017cdym tornistrze \u2013 5 r\u00f3\u017cnych fason\u00f3w w\u0142osia: \u2013 p\u0142askie: szeroki, w\u0105ski, \u015bci\u0119ty \u2013 okr\u0105g\u0142e: \u015bredni, w\u0105ski \u2013 zestaw 5 szt. Inne p\u0119dzle, akcesoria do malowania i przybory szkolne znajdziesz na naszych pozosta\u0142ych ofertach!<\/p>\n<h2>Amos P\u0119dzle Szkolne Gr-Fb5 \/5Sztuk\/ Fiorello 170-2215 Amos<\/h2>\n<p>z\u0142ote my\u015bli cytaty o szkole i nauce, atrakcje dla nastolatk\u00f3w, wulkan z sody, gotowe zaproszenia na urodziny do wydrukowania, logiczne zagadki dla dzieci, cytaty o dziecku i mamie, lucjan, quiz spos\u00f3b na alcybiadesa, kolorowanki do druku zwierz\u0119ta, minionki kolorowanka<\/p>\n<p>yyyyy<\/p>\n<p>&nbsp;<\/p>\n","protected":false},"excerpt":{"rendered":"<p>Zestaw p\u0119dzelk\u00f3w w kr\u00f3tkich, kolorowych uchwytach z przezroczystego plastiku. Parametry: \u2013 nylonowe w\u0142osie w kolorze uchwytu \u2013 do r\u00f3\u017cnych technik malarskich \u2013 por\u0119czne &#8211; mieszcz\u0105 si\u0119 w ka\u017cdym tornistrze \u2013 5 r\u00f3\u017cnych fason\u00f3w w\u0142osia: \u2013 p\u0142askie: szeroki, w\u0105ski, \u015bci\u0119ty \u2013 okr\u0105g\u0142e: \u015bredni, w\u0105ski \u2013 zestaw 5 szt. Inne p\u0119dzle, akcesoria do malowania i przybory szkolne [&hellip;]<\/p>\n","protected":false},"featured_media":10212,"comment_status":"closed","ping_status":"open","template":"","meta":[],"product_cat":[1898,297],"product_tag":[819,730,766],"class_list":["post-10211","product","type-product","status-publish","has-post-thumbnail","hentry","product_cat-amos","product_cat-szkolne-artykuly-plastyczne","product_tag-co-kupic-nastolatce-na-swieta","product_tag-karyna","product_tag-kira"],"_links":{"self":[{"href":"http:\/\/klubmamgdynia.pl\/index.php\/wp-json\/wp\/v2\/product\/10211","targetHints":{"allow":["GET"]}}],"collection":[{"href":"http:\/\/klubmamgdynia.pl\/index.php\/wp-json\/wp\/v2\/product"}],"about":[{"href":"http:\/\/klubmamgdynia.pl\/index.php\/wp-json\/wp\/v2\/types\/product"}],"replies":[{"embeddable":true,"href":"http:\/\/klubmamgdynia.pl\/index.php\/wp-json\/wp\/v2\/comments?post=10211"}],"wp:featuredmedia":[{"embeddable":true,"href":"http:\/\/klubmamgdynia.pl\/index.php\/wp-json\/wp\/v2\/media\/10212"}],"wp:attachment":[{"href":"http:\/\/klubmamgdynia.pl\/index.php\/wp-json\/wp\/v2\/media?parent=10211"}],"wp:term":[{"taxonomy":"product_cat","embeddable":true,"href":"http:\/\/klubmamgdynia.pl\/index.php\/wp-json\/wp\/v2\/product_cat?post=10211"},{"taxonomy":"product_tag","embeddable":true,"href":"http:\/\/klubmamgdynia.pl\/index.php\/wp-json\/wp\/v2\/product_tag?post=10211"}],"curies":[{"name":"wp","href":"https:\/\/api.w.org\/{rel}","templated":true}]}}