{"id":10213,"date":"2015-01-26T10:50:08","date_gmt":"2015-01-26T09:50:08","guid":{"rendered":"http:\/\/klubmamgdynia.pl\/index.php\/produkt\/depesche-zestaw-kreatywny-baletnica-top-model-11568a\/"},"modified":"2026-04-05T12:13:48","modified_gmt":"2026-04-05T10:13:48","slug":"depesche-zestaw-kreatywny-baletnica-top-model-11568a","status":"publish","type":"product","link":"http:\/\/klubmamgdynia.pl\/index.php\/produkt\/depesche-zestaw-kreatywny-baletnica-top-model-11568a\/","title":{"rendered":"Depesche Zestaw Kreatywny Baletnica Top Model 11568A"},"content":{"rendered":"<p>Zestaw kreatywny Baletnica Top Model, 60 stron, 3 kartki z naklejkami (stroje brokatowe i materia\u0142owe oraz akcesoria: baletki, kolczyki, maski, diademy i inne), 6 pi\u00f3rek do ozdabiania stroj\u00f3w.W kolorowance r\u00f3wnie\u017c przyk\u0142adowe stylizacje.EAN: 4010070586317<\/p>\n<h2>Depesche Zestaw Kreatywny Baletnica Top Model 11568A Depesche<\/h2>\n<p>znaki drogowe test, aron imi\u0119, cytat mama, bajka na dobranoc do czytania, samoch\u00f3d kolorowanka do druku, bajki dla ch\u0142opc\u00f3w do czytania, jagna imi\u0119, magiczne drzewo czerwone krzes\u0142o test, trudne zagadki matematyczne, dziecko cytaty, \u015bwinka peppa do druku<\/p>\n<p>yyyyy<\/p>\n<p>&nbsp;<\/p>\n","protected":false},"excerpt":{"rendered":"<p>Zestaw kreatywny Baletnica Top Model, 60 stron, 3 kartki z naklejkami (stroje brokatowe i materia\u0142owe oraz akcesoria: baletki, kolczyki, maski, diademy i inne), 6 pi\u00f3rek do ozdabiania stroj\u00f3w.W kolorowance r\u00f3wnie\u017c przyk\u0142adowe stylizacje.EAN: 4010070586317 Depesche Zestaw Kreatywny Baletnica Top Model 11568A Depesche znaki drogowe test, aron imi\u0119, cytat mama, bajka na dobranoc do czytania, samoch\u00f3d kolorowanka [&hellip;]<\/p>\n","protected":false},"featured_media":10214,"comment_status":"closed","ping_status":"open","template":"","meta":[],"product_cat":[1826,21],"product_tag":[578,830,809],"class_list":["post-10213","product","type-product","status-publish","has-post-thumbnail","hentry","product_cat-depesche","product_cat-zabawki-plastyczne","product_tag-fajne-zarty-na-prima-aprilis","product_tag-rodzina-cytaty","product_tag-zagadki"],"_links":{"self":[{"href":"http:\/\/klubmamgdynia.pl\/index.php\/wp-json\/wp\/v2\/product\/10213","targetHints":{"allow":["GET"]}}],"collection":[{"href":"http:\/\/klubmamgdynia.pl\/index.php\/wp-json\/wp\/v2\/product"}],"about":[{"href":"http:\/\/klubmamgdynia.pl\/index.php\/wp-json\/wp\/v2\/types\/product"}],"replies":[{"embeddable":true,"href":"http:\/\/klubmamgdynia.pl\/index.php\/wp-json\/wp\/v2\/comments?post=10213"}],"wp:featuredmedia":[{"embeddable":true,"href":"http:\/\/klubmamgdynia.pl\/index.php\/wp-json\/wp\/v2\/media\/10214"}],"wp:attachment":[{"href":"http:\/\/klubmamgdynia.pl\/index.php\/wp-json\/wp\/v2\/media?parent=10213"}],"wp:term":[{"taxonomy":"product_cat","embeddable":true,"href":"http:\/\/klubmamgdynia.pl\/index.php\/wp-json\/wp\/v2\/product_cat?post=10213"},{"taxonomy":"product_tag","embeddable":true,"href":"http:\/\/klubmamgdynia.pl\/index.php\/wp-json\/wp\/v2\/product_tag?post=10213"}],"curies":[{"name":"wp","href":"https:\/\/api.w.org\/{rel}","templated":true}]}}