{"id":10215,"date":"2022-02-27T20:06:10","date_gmt":"2022-02-27T19:06:10","guid":{"rendered":"http:\/\/klubmamgdynia.pl\/index.php\/produkt\/amos-nozyczki-kwiatki-fiorello-15cm-gr-1509-mix-130-1823\/"},"modified":"2026-04-06T05:48:37","modified_gmt":"2026-04-06T03:48:37","slug":"amos-nozyczki-kwiatki-fiorello-15cm-gr-1509-mix-130-1823","status":"publish","type":"product","link":"http:\/\/klubmamgdynia.pl\/index.php\/produkt\/amos-nozyczki-kwiatki-fiorello-15cm-gr-1509-mix-130-1823\/","title":{"rendered":"Amos No\u017cyczki Kwiatki Fiorello 15Cm Gr-1509 Mix 130-1823"},"content":{"rendered":"<p>Pi\u0119kne no\u017cyczki w kszta\u0142cie kwiat\u00f3w chowane do futera\u0142u jakim jest stoj\u0105ca doniczka z \u0142odyg\u0105! Opr\u00f3cz \u015bwietnego wygl\u0105du, gwarantuje te\u017c bezpieczn\u0105 form\u0119 przechowywania. uchwyty w formie 3 r\u00f3\u017cnych kwiatk\u00f3w bezpieczne przechowywanie w doniczce okr\u0105g\u0142e ko\u0144c\u00f3wki ostrza rozmiar 6&#8243; (15 cm)<\/p>\n<h2>Amos No\u017cyczki Kwiatki Fiorello 15Cm Gr-1509 Mix 130-1823 Amos<\/h2>\n<p>opis o dziecku, gry edukacyjne dla dzieci online za darmo, pranki na prima aprilis dla rodzic\u00f3w, zagadki \u015bmieszne dla dzieci<\/p>\n<p>yyyyy<\/p>\n<p>&nbsp;<\/p>\n","protected":false},"excerpt":{"rendered":"<p>Pi\u0119kne no\u017cyczki w kszta\u0142cie kwiat\u00f3w chowane do futera\u0142u jakim jest stoj\u0105ca doniczka z \u0142odyg\u0105! Opr\u00f3cz \u015bwietnego wygl\u0105du, gwarantuje te\u017c bezpieczn\u0105 form\u0119 przechowywania. uchwyty w formie 3 r\u00f3\u017cnych kwiatk\u00f3w bezpieczne przechowywanie w doniczce okr\u0105g\u0142e ko\u0144c\u00f3wki ostrza rozmiar 6&#8243; (15 cm) Amos No\u017cyczki Kwiatki Fiorello 15Cm Gr-1509 Mix 130-1823 Amos opis o dziecku, gry edukacyjne dla dzieci [&hellip;]<\/p>\n","protected":false},"featured_media":10216,"comment_status":"closed","ping_status":"open","template":"","meta":[],"product_cat":[1898,964],"product_tag":[836,578,808,818,711,647,713],"class_list":["post-10215","product","type-product","status-publish","has-post-thumbnail","hentry","product_cat-amos","product_cat-artykuly-papiernicze","product_tag-co-kupic-dziecku-na-roczek","product_tag-fajne-zarty-na-prima-aprilis","product_tag-imie-mia","product_tag-oliwier","product_tag-prezenty-dla-nastolatkow","product_tag-warszawa-z-dzieckiem","product_tag-zagadki-logiczne-z-odpowiedziami"],"_links":{"self":[{"href":"http:\/\/klubmamgdynia.pl\/index.php\/wp-json\/wp\/v2\/product\/10215","targetHints":{"allow":["GET"]}}],"collection":[{"href":"http:\/\/klubmamgdynia.pl\/index.php\/wp-json\/wp\/v2\/product"}],"about":[{"href":"http:\/\/klubmamgdynia.pl\/index.php\/wp-json\/wp\/v2\/types\/product"}],"replies":[{"embeddable":true,"href":"http:\/\/klubmamgdynia.pl\/index.php\/wp-json\/wp\/v2\/comments?post=10215"}],"wp:featuredmedia":[{"embeddable":true,"href":"http:\/\/klubmamgdynia.pl\/index.php\/wp-json\/wp\/v2\/media\/10216"}],"wp:attachment":[{"href":"http:\/\/klubmamgdynia.pl\/index.php\/wp-json\/wp\/v2\/media?parent=10215"}],"wp:term":[{"taxonomy":"product_cat","embeddable":true,"href":"http:\/\/klubmamgdynia.pl\/index.php\/wp-json\/wp\/v2\/product_cat?post=10215"},{"taxonomy":"product_tag","embeddable":true,"href":"http:\/\/klubmamgdynia.pl\/index.php\/wp-json\/wp\/v2\/product_tag?post=10215"}],"curies":[{"name":"wp","href":"https:\/\/api.w.org\/{rel}","templated":true}]}}