{"id":10217,"date":"2018-10-12T20:02:15","date_gmt":"2018-10-12T18:02:15","guid":{"rendered":"http:\/\/klubmamgdynia.pl\/index.php\/produkt\/depesche-miss-melody-fancy-foils-kolorowanka\/"},"modified":"2026-04-30T10:57:04","modified_gmt":"2026-04-30T08:57:04","slug":"depesche-miss-melody-fancy-foils-kolorowanka","status":"publish","type":"product","link":"http:\/\/klubmamgdynia.pl\/index.php\/produkt\/depesche-miss-melody-fancy-foils-kolorowanka\/","title":{"rendered":"Depesche Miss Melody Fancy Foils Kolorowanka"},"content":{"rendered":"<p>Miss Melody &#8211; Fantazyjne folie 10 sztuk konie to super zestaw kreatywny z brokatowymi foliami do tworzenia efekt\u00f3w Fantasy Model. Fantastyczna zabawa dla wszystkich przyjaci\u00f3\u0142 koni. Na 20 stronach mo\u017cna malowa\u0107, a na pozosta\u0142ych 20 stronach projektowa\u0107 poprzez oderwanie naklejek. Zabawka przeznaczona jest dla dzieci w wieku od 3 lat. Producent: DEPESCHE Kod producenta: DEP 10352 Wymiary opakowania: 21\u00d717\u00d70,5cm<\/p>\n<h2>Depesche Miss Melody Fancy Foils Kolorowanka Depesche<\/h2>\n<p>prezent dla nastolatk\u00f3w 2020, ozdoby wielkanocne kt\u00f3re mog\u0105 zrobi\u0107 dzieci, nadie\u017cda imi\u0119, kolorowanka \u015bwi\u0105teczna do wydruku, labirynty dla dzieci, romantyczna bajka na dobranoc, pokemon kolorowanki, kwiatek kwiaty do druku szablony, gad\u017cety dla nastolatk\u00f3w 2021, trudne zagadki matematyczne, stare bajki, filmy wigilijne dla dzieci, konie quiz, prezent na roczek dla ch\u0142opca<\/p>\n<p>yyyyy<\/p>\n<p>&nbsp;<\/p>\n","protected":false},"excerpt":{"rendered":"<p>Miss Melody &#8211; Fantazyjne folie 10 sztuk konie to super zestaw kreatywny z brokatowymi foliami do tworzenia efekt\u00f3w Fantasy Model. Fantastyczna zabawa dla wszystkich przyjaci\u00f3\u0142 koni. Na 20 stronach mo\u017cna malowa\u0107, a na pozosta\u0142ych 20 stronach projektowa\u0107 poprzez oderwanie naklejek. Zabawka przeznaczona jest dla dzieci w wieku od 3 lat. Producent: DEPESCHE Kod producenta: DEP [&hellip;]<\/p>\n","protected":false},"featured_media":10218,"comment_status":"closed","ping_status":"open","template":"","meta":[],"product_cat":[1826,21],"product_tag":[676,755,697,813,584,630,771],"class_list":["post-10217","product","type-product","status-publish","has-post-thumbnail","hentry","product_cat-depesche","product_cat-zabawki-plastyczne","product_tag-bursztynek","product_tag-henryk","product_tag-krotkie-bajki-do-czytania","product_tag-krotkie-zagadki-matematyczne-z-odpowiedziami","product_tag-liwia","product_tag-podchwytliwe-zagadki-z-odpowiedziami","product_tag-stolice-europy-quiz"],"_links":{"self":[{"href":"http:\/\/klubmamgdynia.pl\/index.php\/wp-json\/wp\/v2\/product\/10217","targetHints":{"allow":["GET"]}}],"collection":[{"href":"http:\/\/klubmamgdynia.pl\/index.php\/wp-json\/wp\/v2\/product"}],"about":[{"href":"http:\/\/klubmamgdynia.pl\/index.php\/wp-json\/wp\/v2\/types\/product"}],"replies":[{"embeddable":true,"href":"http:\/\/klubmamgdynia.pl\/index.php\/wp-json\/wp\/v2\/comments?post=10217"}],"wp:featuredmedia":[{"embeddable":true,"href":"http:\/\/klubmamgdynia.pl\/index.php\/wp-json\/wp\/v2\/media\/10218"}],"wp:attachment":[{"href":"http:\/\/klubmamgdynia.pl\/index.php\/wp-json\/wp\/v2\/media?parent=10217"}],"wp:term":[{"taxonomy":"product_cat","embeddable":true,"href":"http:\/\/klubmamgdynia.pl\/index.php\/wp-json\/wp\/v2\/product_cat?post=10217"},{"taxonomy":"product_tag","embeddable":true,"href":"http:\/\/klubmamgdynia.pl\/index.php\/wp-json\/wp\/v2\/product_tag?post=10217"}],"curies":[{"name":"wp","href":"https:\/\/api.w.org\/{rel}","templated":true}]}}