{"id":1022,"date":"2020-03-16T21:21:13","date_gmt":"2020-03-16T20:21:13","guid":{"rendered":"http:\/\/klubmamgdynia.pl\/index.php\/produkt\/bino-wielofunkcyjna-kostka\/"},"modified":"2026-04-05T15:23:30","modified_gmt":"2026-04-05T13:23:30","slug":"bino-wielofunkcyjna-kostka","status":"publish","type":"product","link":"http:\/\/klubmamgdynia.pl\/index.php\/produkt\/bino-wielofunkcyjna-kostka\/","title":{"rendered":"Bino Wielofunkcyjna Kostka"},"content":{"rendered":"<p>Wielofunkcyjna kostka motoryczna to wysokiej jako\u015bci drewniana zabawka dla ma\u0142ego spryciarza. Dzi\u0119ki r\u00f3\u017cnorodnym czynno\u015bciom, kt\u00f3re dzieci mog\u0105 wykonywa\u0107 na ka\u017cdej \u015bcianie sze\u015bcianu, \u0107wicz\u0105 motoryk\u0119 r\u0105k, logik\u0119 i koncentracj\u0119.<\/p>\n<h2>Bino Wielofunkcyjna Kostka BINO<\/h2>\n<p>maska iron man, psi patrol kolorowanki, gwiazdka do druku, ci\u0119\u017ckie zagadki, kajko i kokosz szko\u0142a latania test z odpowiedziami, \u0142atwe laurki, wiosna zagadki, test z lektury ania z zielonego wzg\u00f3rza klasa 6 z odpowiedziami, zagadki podchwytliwe, kolorowanki konie, prezent dla 7 latka ch\u0142opca, sporty po francusku, everest psi patrol, prima aprilis w szkole, zagadki o zimie, karty pracy po ukrai\u0144sku, piosenki na dobranoc tekst<\/p>\n<p>yyyyy<\/p>\n<p>&nbsp;<\/p>\n","protected":false},"excerpt":{"rendered":"<p>Wielofunkcyjna kostka motoryczna to wysokiej jako\u015bci drewniana zabawka dla ma\u0142ego spryciarza. Dzi\u0119ki r\u00f3\u017cnorodnym czynno\u015bciom, kt\u00f3re dzieci mog\u0105 wykonywa\u0107 na ka\u017cdej \u015bcianie sze\u015bcianu, \u0107wicz\u0105 motoryk\u0119 r\u0105k, logik\u0119 i koncentracj\u0119. Bino Wielofunkcyjna Kostka BINO maska iron man, psi patrol kolorowanki, gwiazdka do druku, ci\u0119\u017ckie zagadki, kajko i kokosz szko\u0142a latania test z odpowiedziami, \u0142atwe laurki, wiosna zagadki, [&hellip;]<\/p>\n","protected":false},"featured_media":1023,"comment_status":"closed","ping_status":"open","template":"","meta":[],"product_cat":[322,61],"product_tag":[776,828,626,748,816,708],"class_list":["post-1022","product","type-product","status-publish","has-post-thumbnail","hentry","product_cat-bino","product_cat-zabawki-edukacyjne-dla-niemowlat","product_tag-dobrej-nocy","product_tag-filmy-wigilijne-dla-dzieci","product_tag-jacek","product_tag-okolice-wroclawia-atrakcje","product_tag-place-zabaw-warszawa","product_tag-zabawy-ruchowe-dla-dzieci"],"_links":{"self":[{"href":"http:\/\/klubmamgdynia.pl\/index.php\/wp-json\/wp\/v2\/product\/1022","targetHints":{"allow":["GET"]}}],"collection":[{"href":"http:\/\/klubmamgdynia.pl\/index.php\/wp-json\/wp\/v2\/product"}],"about":[{"href":"http:\/\/klubmamgdynia.pl\/index.php\/wp-json\/wp\/v2\/types\/product"}],"replies":[{"embeddable":true,"href":"http:\/\/klubmamgdynia.pl\/index.php\/wp-json\/wp\/v2\/comments?post=1022"}],"wp:featuredmedia":[{"embeddable":true,"href":"http:\/\/klubmamgdynia.pl\/index.php\/wp-json\/wp\/v2\/media\/1023"}],"wp:attachment":[{"href":"http:\/\/klubmamgdynia.pl\/index.php\/wp-json\/wp\/v2\/media?parent=1022"}],"wp:term":[{"taxonomy":"product_cat","embeddable":true,"href":"http:\/\/klubmamgdynia.pl\/index.php\/wp-json\/wp\/v2\/product_cat?post=1022"},{"taxonomy":"product_tag","embeddable":true,"href":"http:\/\/klubmamgdynia.pl\/index.php\/wp-json\/wp\/v2\/product_tag?post=1022"}],"curies":[{"name":"wp","href":"https:\/\/api.w.org\/{rel}","templated":true}]}}