{"id":10225,"date":"2024-04-16T20:01:18","date_gmt":"2024-04-16T18:01:18","guid":{"rendered":"http:\/\/klubmamgdynia.pl\/?post_type=product&#038;p=10225"},"modified":"2026-04-20T10:51:14","modified_gmt":"2026-04-20T08:51:14","slug":"gumka-do-scierania-w-dlugop-unicorn-24szt-80077","status":"publish","type":"product","link":"http:\/\/klubmamgdynia.pl\/index.php\/produkt\/gumka-do-scierania-w-dlugop-unicorn-24szt-80077\/","title":{"rendered":"Gumka Do \u015acierania W D\u0142ugop. Unicorn (24Szt) 80077"},"content":{"rendered":"<p>Opakowanie zbiorcze 24 sztuki.Wysuwana gumka do \u015bcierania z nadrukiem jednoro\u017cca. Obudowy w miksie kolorystycznym.EAN: 4030969800775<\/p>\n<h2>Gumka Do \u015acierania W D\u0142ugop. Unicorn (24Szt) 80077 Panta Plast<\/h2>\n<p>kawa\u0142 na prima aprilis, narysowa\u0107 rysunki \u0142atwe, zagadki wiosenne dla dzieci, zagadki o przyborach szkolnych, piosenka dla taty przedszkole, opowie\u015bci z narni lew czarownica i stara szafa test, iwo imie, szybkie zagadki matematyczne, test lew czarownica i stara szafa, star wars kolorowanka, quiz o \u015bwi\u0119tach, quizy dla przedszkolak\u00f3w<\/p>\n<p>yyyyy<\/p>\n<p>&nbsp;<\/p>\n","protected":false},"excerpt":{"rendered":"<p>Opakowanie zbiorcze 24 sztuki.Wysuwana gumka do \u015bcierania z nadrukiem jednoro\u017cca. Obudowy w miksie kolorystycznym.EAN: 4030969800775 Gumka Do \u015acierania W D\u0142ugop. Unicorn (24Szt) 80077 Panta Plast kawa\u0142 na prima aprilis, narysowa\u0107 rysunki \u0142atwe, zagadki wiosenne dla dzieci, zagadki o przyborach szkolnych, piosenka dla taty przedszkole, opowie\u015bci z narni lew czarownica i stara szafa test, iwo imie, [&hellip;]<\/p>\n","protected":false},"featured_media":10226,"comment_status":"closed","ping_status":"open","template":"","meta":[],"product_cat":[1896,962],"product_tag":[798,764,756,779],"class_list":["post-10225","product","type-product","status-publish","has-post-thumbnail","hentry","product_cat-panta-plast","product_cat-szkolne-przybory-do-pisania","product_tag-prezenty-dla-nastolatki","product_tag-prezenty-na-roczek-dla-dziewczynki","product_tag-zaproszenie-na-urodziny-do-druku","product_tag-zarty-na-prima-aprilis-w-domu"],"_links":{"self":[{"href":"http:\/\/klubmamgdynia.pl\/index.php\/wp-json\/wp\/v2\/product\/10225","targetHints":{"allow":["GET"]}}],"collection":[{"href":"http:\/\/klubmamgdynia.pl\/index.php\/wp-json\/wp\/v2\/product"}],"about":[{"href":"http:\/\/klubmamgdynia.pl\/index.php\/wp-json\/wp\/v2\/types\/product"}],"replies":[{"embeddable":true,"href":"http:\/\/klubmamgdynia.pl\/index.php\/wp-json\/wp\/v2\/comments?post=10225"}],"wp:featuredmedia":[{"embeddable":true,"href":"http:\/\/klubmamgdynia.pl\/index.php\/wp-json\/wp\/v2\/media\/10226"}],"wp:attachment":[{"href":"http:\/\/klubmamgdynia.pl\/index.php\/wp-json\/wp\/v2\/media?parent=10225"}],"wp:term":[{"taxonomy":"product_cat","embeddable":true,"href":"http:\/\/klubmamgdynia.pl\/index.php\/wp-json\/wp\/v2\/product_cat?post=10225"},{"taxonomy":"product_tag","embeddable":true,"href":"http:\/\/klubmamgdynia.pl\/index.php\/wp-json\/wp\/v2\/product_tag?post=10225"}],"curies":[{"name":"wp","href":"https:\/\/api.w.org\/{rel}","templated":true}]}}