{"id":10229,"date":"2016-02-21T22:49:51","date_gmt":"2016-02-21T21:49:51","guid":{"rendered":"http:\/\/klubmamgdynia.pl\/index.php\/produkt\/depesche-kolorowanka-kopiowanka-miss-melody-11665a\/"},"modified":"2026-04-20T12:24:03","modified_gmt":"2026-04-20T10:24:03","slug":"depesche-kolorowanka-kopiowanka-miss-melody-11665a","status":"publish","type":"product","link":"http:\/\/klubmamgdynia.pl\/index.php\/produkt\/depesche-kolorowanka-kopiowanka-miss-melody-11665a\/","title":{"rendered":"Depesche Kolorowanka Kopiowanka Miss Melody 11665A"},"content":{"rendered":"<p>Oryginalna kolorowanka z funkcj\u0105 kopiowania obrazka. Kolorowanka stworzona z my\u015bl\u0105 o fankach koni i nie tylko. Dzi\u0119ki tej kolorowance masz mo\u017cliwo\u015b\u0107 odtworzenia obrazka z u\u017cyciem cienkiego transparentnego papieru zwanego kalk\u0105. Ten dodatek nie tylko uatrakcyjnia zabaw\u0119, ale r\u00f3wnie\u017c uczy precyzyjnego odtwarzania obrazka oraz dok\u0142adno\u015bci. Kolorowanka zawiera 24 obrazki do pokolorowania a do ka\u017cdego obrazka do\u0142\u0105czony zosta\u0142 transparentny papier. Wiek: 5+ Wymiary opakowania: 24 x 17 x 1cm<\/p>\n<h2>Depesche Kolorowanka Kopiowanka Miss Melody 11665A Depesche<\/h2>\n<p>dzie\u0144 matki w\u0142asnor\u0119czny prezent dla mamy od dziecka, kawa\u0142y na prima aprilis dla rodzic\u00f3w, filmy disneya, kolorowanki kotka, my little pony kolorowanka, kolorowanki spongebob, quiz o polsce dla dzieci, postacie z bajek, wzory zaprosze\u0144 zaproszenie na urodziny do druku pdf, mini zoo warszawa, prezenty na dzie\u0144 dziecka dla nastolatk\u00f3w, znaczenia imienia alicja, kr\u00f3tkie bajki na dobranoc do czytania, prezent na roczek dla chrze\u015bniaka, prezent dla 14 latki, maska psi patrol do druku, prank na prima aprilis, wydarzenia dla dzieci warszawa, lew czarownica i stara szafa test, sa\u0142atki dla dzieci, dzieci pl<\/p>\n<p>yyyyy<\/p>\n<p>&nbsp;<\/p>\n","protected":false},"excerpt":{"rendered":"<p>Oryginalna kolorowanka z funkcj\u0105 kopiowania obrazka. Kolorowanka stworzona z my\u015bl\u0105 o fankach koni i nie tylko. Dzi\u0119ki tej kolorowance masz mo\u017cliwo\u015b\u0107 odtworzenia obrazka z u\u017cyciem cienkiego transparentnego papieru zwanego kalk\u0105. Ten dodatek nie tylko uatrakcyjnia zabaw\u0119, ale r\u00f3wnie\u017c uczy precyzyjnego odtwarzania obrazka oraz dok\u0142adno\u015bci. Kolorowanka zawiera 24 obrazki do pokolorowania a do ka\u017cdego obrazka do\u0142\u0105czony [&hellip;]<\/p>\n","protected":false},"featured_media":10230,"comment_status":"closed","ping_status":"open","template":"","meta":[],"product_cat":[1826,21],"product_tag":[802,819,730,669,768,815,783],"class_list":["post-10229","product","type-product","status-publish","has-post-thumbnail","hentry","product_cat-depesche","product_cat-zabawki-plastyczne","product_tag-co-kupic-dziewczynce-na-roczek","product_tag-co-kupic-nastolatce-na-swieta","product_tag-karyna","product_tag-kolorowanki","product_tag-krotkie-zagadki-logiczne","product_tag-ozdoby-choinkowe-dla-dzieci","product_tag-prezenty-na-roczek-dla-chlopca"],"_links":{"self":[{"href":"http:\/\/klubmamgdynia.pl\/index.php\/wp-json\/wp\/v2\/product\/10229","targetHints":{"allow":["GET"]}}],"collection":[{"href":"http:\/\/klubmamgdynia.pl\/index.php\/wp-json\/wp\/v2\/product"}],"about":[{"href":"http:\/\/klubmamgdynia.pl\/index.php\/wp-json\/wp\/v2\/types\/product"}],"replies":[{"embeddable":true,"href":"http:\/\/klubmamgdynia.pl\/index.php\/wp-json\/wp\/v2\/comments?post=10229"}],"wp:featuredmedia":[{"embeddable":true,"href":"http:\/\/klubmamgdynia.pl\/index.php\/wp-json\/wp\/v2\/media\/10230"}],"wp:attachment":[{"href":"http:\/\/klubmamgdynia.pl\/index.php\/wp-json\/wp\/v2\/media?parent=10229"}],"wp:term":[{"taxonomy":"product_cat","embeddable":true,"href":"http:\/\/klubmamgdynia.pl\/index.php\/wp-json\/wp\/v2\/product_cat?post=10229"},{"taxonomy":"product_tag","embeddable":true,"href":"http:\/\/klubmamgdynia.pl\/index.php\/wp-json\/wp\/v2\/product_tag?post=10229"}],"curies":[{"name":"wp","href":"https:\/\/api.w.org\/{rel}","templated":true}]}}