{"id":10231,"date":"2015-09-22T22:19:55","date_gmt":"2015-09-22T20:19:55","guid":{"rendered":"http:\/\/klubmamgdynia.pl\/index.php\/produkt\/depesche-zestaw-kreatywny-t-shirt-top-model-11502a\/"},"modified":"2026-04-15T10:13:33","modified_gmt":"2026-04-15T08:13:33","slug":"depesche-zestaw-kreatywny-t-shirt-top-model-11502a","status":"publish","type":"product","link":"http:\/\/klubmamgdynia.pl\/index.php\/produkt\/depesche-zestaw-kreatywny-t-shirt-top-model-11502a\/","title":{"rendered":"Depesche Zestaw Kreatywny T-Shirt Top Model 11502A"},"content":{"rendered":"<p>Zestaw kreatywny T-shirt TOPModel, 60 stron do kolorowania, 2 plansze naklejek, szablony, stw\u00f3rz swoj\u0105 pierwsz\u0105 kolekcj\u0119 mody!&#8230;<\/p>\n<h2>Depesche Zestaw Kreatywny T-Shirt Top Model 11502A Depesche<\/h2>\n<p>gaja imi\u0119, esmeralda, zagadki dla dzieci 4-5 lat online, zagadki dla ma\u0142ych dzieci, gad\u017cety dla m\u0142odzie\u017cy 2020, zagadki halloween dla dzieci, myszka miki kolorowanka, quiz o \u015bwi\u0119tach bo\u017cego narodzenia, narysowa\u0107 rysunki \u0142atwe, co kupi\u0107 nastolatce na \u015bwi\u0119ta, desery dla dzieci, zdrowe przepisy dla dzieci, zagdki, impreza halloween 2021 dla dzieci, zagadki o zwierz\u0119tach domowych, test z tajemniczego ogrodu<\/p>\n<p>yyyyy<\/p>\n<p>&nbsp;<\/p>\n","protected":false},"excerpt":{"rendered":"<p>Zestaw kreatywny T-shirt TOPModel, 60 stron do kolorowania, 2 plansze naklejek, szablony, stw\u00f3rz swoj\u0105 pierwsz\u0105 kolekcj\u0119 mody!&#8230; Depesche Zestaw Kreatywny T-Shirt Top Model 11502A Depesche gaja imi\u0119, esmeralda, zagadki dla dzieci 4-5 lat online, zagadki dla ma\u0142ych dzieci, gad\u017cety dla m\u0142odzie\u017cy 2020, zagadki halloween dla dzieci, myszka miki kolorowanka, quiz o \u015bwi\u0119tach bo\u017cego narodzenia, narysowa\u0107 [&hellip;]<\/p>\n","protected":false},"featured_media":10232,"comment_status":"closed","ping_status":"open","template":"","meta":[],"product_cat":[1826,21],"product_tag":[765,603,599,608],"class_list":["post-10231","product","type-product","status-publish","has-post-thumbnail","hentry","product_cat-depesche","product_cat-zabawki-plastyczne","product_tag-atrakcje-dla-dzieci-warszawa","product_tag-bajki-do-czytania","product_tag-prezent-dla-nastolatkow-2021","product_tag-zagadki-i-odpowiedzi"],"_links":{"self":[{"href":"http:\/\/klubmamgdynia.pl\/index.php\/wp-json\/wp\/v2\/product\/10231","targetHints":{"allow":["GET"]}}],"collection":[{"href":"http:\/\/klubmamgdynia.pl\/index.php\/wp-json\/wp\/v2\/product"}],"about":[{"href":"http:\/\/klubmamgdynia.pl\/index.php\/wp-json\/wp\/v2\/types\/product"}],"replies":[{"embeddable":true,"href":"http:\/\/klubmamgdynia.pl\/index.php\/wp-json\/wp\/v2\/comments?post=10231"}],"wp:featuredmedia":[{"embeddable":true,"href":"http:\/\/klubmamgdynia.pl\/index.php\/wp-json\/wp\/v2\/media\/10232"}],"wp:attachment":[{"href":"http:\/\/klubmamgdynia.pl\/index.php\/wp-json\/wp\/v2\/media?parent=10231"}],"wp:term":[{"taxonomy":"product_cat","embeddable":true,"href":"http:\/\/klubmamgdynia.pl\/index.php\/wp-json\/wp\/v2\/product_cat?post=10231"},{"taxonomy":"product_tag","embeddable":true,"href":"http:\/\/klubmamgdynia.pl\/index.php\/wp-json\/wp\/v2\/product_tag?post=10231"}],"curies":[{"name":"wp","href":"https:\/\/api.w.org\/{rel}","templated":true}]}}