{"id":10237,"date":"2013-07-18T01:14:39","date_gmt":"2013-07-17T23:14:39","guid":{"rendered":"http:\/\/klubmamgdynia.pl\/index.php\/produkt\/depesche-zestaw-kreatywny-mini-magic-scratch-space-11404a\/"},"modified":"2026-04-06T15:16:16","modified_gmt":"2026-04-06T13:16:16","slug":"depesche-zestaw-kreatywny-mini-magic-scratch-space-11404a","status":"publish","type":"product","link":"http:\/\/klubmamgdynia.pl\/index.php\/produkt\/depesche-zestaw-kreatywny-mini-magic-scratch-space-11404a\/","title":{"rendered":"Depesche Zestaw Kreatywny Mini Magic Scratch Space 11404A"},"content":{"rendered":"<p>Zestaw kreatywny Mini Magic Scratch Kosmos, zawiera:- 20 czarnych stron i &#8211; rysik do wydrapywania, &#8211; kszta\u0142ty inspirowane kosmosem: rakiety, planety, kosmici i astronauci&#8230;.<\/p>\n<h2>Depesche Zestaw Kreatywny Mini Magic Scratch Space 11404A Depesche<\/h2>\n<p>kolorowanki super zings, r\u00f3\u017ca imie, choinka kolorowanka szablon, rysunki dla pocz\u0105tkuj\u0105cych, bajki na dobranoc do czytania, jak narysowa\u0107 \u017cab\u0119, gaja imi\u0119, ba\u0142wanek do druku, wakacyjne kolorowanki, imie gaja, trudne zagadki logiczne z odpowiedziami, serce origami, quiz o miko\u0142ajku, bajki na dobranoc dla dzieci, litera y do druku, do druku dla dzieci, hobbit<\/p>\n<p>yyyyy<\/p>\n<p>&nbsp;<\/p>\n","protected":false},"excerpt":{"rendered":"<p>Zestaw kreatywny Mini Magic Scratch Kosmos, zawiera:- 20 czarnych stron i &#8211; rysik do wydrapywania, &#8211; kszta\u0142ty inspirowane kosmosem: rakiety, planety, kosmici i astronauci&#8230;. Depesche Zestaw Kreatywny Mini Magic Scratch Space 11404A Depesche kolorowanki super zings, r\u00f3\u017ca imie, choinka kolorowanka szablon, rysunki dla pocz\u0105tkuj\u0105cych, bajki na dobranoc do czytania, jak narysowa\u0107 \u017cab\u0119, gaja imi\u0119, ba\u0142wanek [&hellip;]<\/p>\n","protected":false},"featured_media":10238,"comment_status":"closed","ping_status":"open","template":"","meta":[],"product_cat":[1826,21],"product_tag":[622,775,830,872],"class_list":["post-10237","product","type-product","status-publish","has-post-thumbnail","hentry","product_cat-depesche","product_cat-zabawki-plastyczne","product_tag-fajne-zagadki","product_tag-kolorowanki-do-druku-pokemon","product_tag-rodzina-cytaty","product_tag-zagadki-dla-dzieci-6-lat"],"_links":{"self":[{"href":"http:\/\/klubmamgdynia.pl\/index.php\/wp-json\/wp\/v2\/product\/10237","targetHints":{"allow":["GET"]}}],"collection":[{"href":"http:\/\/klubmamgdynia.pl\/index.php\/wp-json\/wp\/v2\/product"}],"about":[{"href":"http:\/\/klubmamgdynia.pl\/index.php\/wp-json\/wp\/v2\/types\/product"}],"replies":[{"embeddable":true,"href":"http:\/\/klubmamgdynia.pl\/index.php\/wp-json\/wp\/v2\/comments?post=10237"}],"wp:featuredmedia":[{"embeddable":true,"href":"http:\/\/klubmamgdynia.pl\/index.php\/wp-json\/wp\/v2\/media\/10238"}],"wp:attachment":[{"href":"http:\/\/klubmamgdynia.pl\/index.php\/wp-json\/wp\/v2\/media?parent=10237"}],"wp:term":[{"taxonomy":"product_cat","embeddable":true,"href":"http:\/\/klubmamgdynia.pl\/index.php\/wp-json\/wp\/v2\/product_cat?post=10237"},{"taxonomy":"product_tag","embeddable":true,"href":"http:\/\/klubmamgdynia.pl\/index.php\/wp-json\/wp\/v2\/product_tag?post=10237"}],"curies":[{"name":"wp","href":"https:\/\/api.w.org\/{rel}","templated":true}]}}